{"id":1790,"date":"2020-05-05T16:32:30","date_gmt":"2020-05-05T14:32:30","guid":{"rendered":"https:\/\/fabotape.com\/?page_id=1790"},"modified":"2020-05-05T16:32:30","modified_gmt":"2020-05-05T14:32:30","slug":"widget-stampati","status":"publish","type":"page","link":"https:\/\/fabotape.com\/fr\/widget-stampati\/","title":{"rendered":"Widget &#8211; Stampati"},"content":{"rendered":"<p>[vc_row][vc_column][vc_column_text][\/vc_column_text][\/vc_column][\/vc_row][vc_row equal_height=\u00a0\u00bbyes\u00a0\u00bb content_placement=\u00a0\u00bbmiddle\u00a0\u00bb el_class=\u00a0\u00bbriga-testi-verdi riga-testo-e-immagine riga-stampati margini-xs\u00a0\u00bb css=\u00a0\u00bb.vc_custom_1517483882322{margin-top: 0px !important;margin-bottom: 0px !important;padding-top: 0px !important;padding-bottom: 0px !important;}\u00a0\u00bb][vc_column width=\u00a0\u00bb1\/2&Prime; offset=\u00a0\u00bbvc_col-lg-offset-1 vc_col-lg-5 vc_col-md-offset-1 vc_col-md-5&Prime; css=\u00a0\u00bb.vc_custom_1517312416418{margin-top: 0px !important;margin-bottom: 0px !important;padding-top: 0px !important;padding-bottom: 0px !important;}\u00a0\u00bb][vc_single_image image=\u00a0\u00bb250&Prime; img_size=\u00a0\u00bbfull\u00a0\u00bb][\/vc_column][vc_column width=\u00a0\u00bb1\/2&Prime; offset=\u00a0\u00bbvc_col-lg-offset-1 vc_col-lg-4 vc_col-md-offset-0 vc_col-md-5&Prime; css=\u00a0\u00bb.vc_custom_1517484909777{margin-top: 0px !important;margin-bottom: 0px !important;padding-top: 0px !important;padding-bottom: 0px !important;}\u00a0\u00bb][vc_column_text el_class=\u00a0\u00bblabel-riga\u00a0\u00bb]IMPRESSION<br \/>\n[\/vc_column_text][vc_column_text]<\/p>\n<h3>Impression FABO <strong>qualit\u00e9 photo<\/strong>.<\/h3>\n<p>[\/vc_column_text][vc_column_text]Tape portrait offre une impression de qualit\u00e9 photographique pour des rubans<strong> adh\u00e9sifs haute d\u00e9finition personnalis\u00e9s <\/strong>avec un maximum de d\u00e9tails.<br \/>\nDisponible sur les produits avec adh\u00e9sif Acrylique et thermofusible.[\/vc_column_text]<div class=\" ubtn-ctn-left btn btn-verde\"><a class=\"ubtn-link ult-adjust-bottom-margin ubtn-left ubtn-normal btn btn-verde\" href=\"https:\/\/fabotape.com\/fr\/produits\/impression\/\"><button type=\"button\" id=\"ubtn-1957\" class=\"ubtn ult-adjust-bottom-margin ult-responsive ubtn-normal ubtn-no-hover-bg  none  ubtn-left   tooltip-69f0d1b9d8c7f\"  data-hover=\"\" data-border-color=\"\" data-bg=\"#e0e0e0\" data-hover-bg=\"\" data-border-hover=\"\" data-shadow-hover=\"\" data-shadow-click=\"none\" data-shadow=\"\" data-shd-shadow=\"\"  data-ultimate-target='#ubtn-1957'  data-responsive-json-new='{\"font-size\":\"\",\"line-height\":\"\"}'  style=\"font-weight:normal;border:none;background: #e0e0e0;color: #000000;\"><span class=\"ubtn-hover\" style=\"background-color:\"><\/span><span class=\"ubtn-data ubtn-text \" >En savoir plus<\/span><\/button><\/a><\/div>[\/vc_column][\/vc_row][vc_row][vc_column][vc_column_text][\/vc_column_text][\/vc_column][\/vc_row]<\/p>\n","protected":false},"excerpt":{"rendered":"<p>[vc_row][vc_column][vc_column_text][\/vc_column_text][\/vc_column][\/vc_row][vc_row equal_height=\u00a0\u00bbyes\u00a0\u00bb content_placement=\u00a0\u00bbmiddle\u00a0\u00bb el_class=\u00a0\u00bbriga-testi-verdi riga-testo-e-immagine riga-stampati margini-xs\u00a0\u00bb css=\u00a0\u00bb.vc_custom_1517483882322{margin-top: 0px !important;margin-bottom: 0px !important;padding-top: 0px !important;padding-bottom: 0px !important;}\u00a0\u00bb][vc_column width=\u00a0\u00bb1\/2&Prime; offset=\u00a0\u00bbvc_col-lg-offset-1 vc_col-lg-5 vc_col-md-offset-1 vc_col-md-5&Prime; css=\u00a0\u00bb.vc_custom_1517312416418{margin-top: 0px !important;margin-bottom: 0px !important;padding-top: 0px !important;padding-bottom: 0px !important;}\u00a0\u00bb][vc_single_image&#8230;<\/p>\n","protected":false},"author":3,"featured_media":0,"parent":0,"menu_order":0,"comment_status":"closed","ping_status":"closed","template":"","meta":{"_acf_changed":false,"footnotes":""},"tags":[],"class_list":["post-1790","page","type-page","status-publish","hentry"],"acf":[],"_links":{"self":[{"href":"https:\/\/fabotape.com\/fr\/wp-json\/wp\/v2\/pages\/1790","targetHints":{"allow":["GET"]}}],"collection":[{"href":"https:\/\/fabotape.com\/fr\/wp-json\/wp\/v2\/pages"}],"about":[{"href":"https:\/\/fabotape.com\/fr\/wp-json\/wp\/v2\/types\/page"}],"author":[{"embeddable":true,"href":"https:\/\/fabotape.com\/fr\/wp-json\/wp\/v2\/users\/3"}],"replies":[{"embeddable":true,"href":"https:\/\/fabotape.com\/fr\/wp-json\/wp\/v2\/comments?post=1790"}],"version-history":[{"count":2,"href":"https:\/\/fabotape.com\/fr\/wp-json\/wp\/v2\/pages\/1790\/revisions"}],"predecessor-version":[{"id":1793,"href":"https:\/\/fabotape.com\/fr\/wp-json\/wp\/v2\/pages\/1790\/revisions\/1793"}],"wp:attachment":[{"href":"https:\/\/fabotape.com\/fr\/wp-json\/wp\/v2\/media?parent=1790"}],"wp:term":[{"taxonomy":"post_tag","embeddable":true,"href":"https:\/\/fabotape.com\/fr\/wp-json\/wp\/v2\/tags?post=1790"}],"curies":[{"name":"wp","href":"https:\/\/api.w.org\/{rel}","templated":true}]}}