{"id":1642,"date":"2020-04-30T11:50:02","date_gmt":"2020-04-30T09:50:02","guid":{"rendered":"https:\/\/fabotape.com\/?page_id=1642"},"modified":"2020-05-04T17:48:22","modified_gmt":"2020-05-04T15:48:22","slug":"notes-legales","status":"publish","type":"page","link":"https:\/\/fabotape.com\/fr\/notes-legales\/","title":{"rendered":"Notes l\u00e9gales"},"content":{"rendered":"<p>[vc_row css=\u00a0\u00bb.vc_custom_1516878316990{margin-bottom: 60px !important;}\u00a0\u00bb][vc_column offset=\u00a0\u00bbvc_col-lg-offset-1 vc_col-lg-10 vc_col-md-offset-1 vc_col-md-10&Prime;][vc_column_text]<\/p>\n<h1>Notes L\u00e9gales<\/h1>\n<p>[\/vc_column_text][vc_separator][vc_column_text]<\/p>\n<h4>COPYRIGHT<\/h4>\n<p><strong><em>Conditions l\u00e9gales concernant le site Web<\/em><\/strong><\/p>\n<p>Ce document contient les conditions l\u00e9gales d\u2019acc\u00e8s et d\u2019utilisation du site Web FABO S.p.a. En acc\u00e9dant au site Web, en l\u2019utilisant ou en utilisant les \u00e9l\u00e9ments qu\u2019il contient, vous acceptez de vous conformer aux conditions g\u00e9n\u00e9rales \u00e9nonc\u00e9es ci-dessous.<\/p>\n<p><strong><em>1. Propri\u00e9t\u00e9 du site Web<\/em><\/strong><\/p>\n<p>Ce site Web est la propri\u00e9t\u00e9 de la soci\u00e9t\u00e9 FABO S.p.a. dont le si\u00e8ge social est situ\u00e9 Via Cecinese, 84 &#8211; 51036 Larciano (province de Pistoia) Italie.<\/p>\n<p><strong><em>2. Droit d\u2019auteur et droit des marques<\/em><\/strong><\/p>\n<p>Ce site Web est prot\u00e9g\u00e9 par le droit d\u2019auteur en tant qu\u2019\u0153uvre unique et\/ou composite et\/ou collective conform\u00e9ment au droit italien et au droit de l\u2019Union europ\u00e9enne relatif au droit d\u2019auteur, aux conventions internationales et \u00e0 d\u2019autres lois relatives au droit d\u2019auteur. Toute utilisation non autoris\u00e9e du contenu du site Web est strictement interdite. Tous droits r\u00e9serv\u00e9s.<br \/>\nLe site Web peut contenir des documents, images, logiciels, informations et autres \u00e9l\u00e9ments appartenant \u00e0 des tiers, tels que des photographies, des publicit\u00e9s, des clips vid\u00e9o et de la musique. Toute utilisation non autoris\u00e9e du contenu du site Web est strictement interdite, sauf autorisation \u00e9crite pr\u00e9alable du propri\u00e9taire du mat\u00e9riel en question.<\/p>\n<p><strong><em>3. Utilisation et acc\u00e8s au site Web<\/em><\/strong><\/p>\n<p>Le contenu et les \u00e9l\u00e9ments du site Web sont destin\u00e9s exclusivement \u00e0 un usage personnel et non commercial.<\/p>\n<p>L\u2019utilisateur peut t\u00e9l\u00e9charger ou copier le contenu et d\u2019autres documents t\u00e9l\u00e9chargeables affich\u00e9s sur ce site Web uniquement pour son utilisation personnelle et non commerciale, \u00e0 condition qu\u2019il soit reconnu que les \u00e9l\u00e9ments couverts par le droit d\u2019auteur qui y sont contenus sont prot\u00e9g\u00e9s et que l\u2019utilisateur s\u2019engage \u00e0 respecter tous les droits d\u2019auteur et autres droits contenus dans ce site Web. La copie ou la m\u00e9morisation de tout contenu pour des utilisations autres que personnelles et non commerciales est strictement interdite sauf autorisation \u00e9crite pr\u00e9alable de FABO S.p.a.<\/p>\n<p>FABO S.p.a. peut modifier, annuler ou suspendre tout ou partie des fonctionnalit\u00e9s du site Web \u00e0 tout moment, y compris la disponibilit\u00e9 de tout ou partie du site Web, des fonctions et de la base de donn\u00e9es du site Web. FABO S.p.a. peut \u00e9galement corriger toute erreur ou omission<br \/>\ndans une partie quelconque du site Web ou imposer des limitations sur certains services et fonctions, ou limiter l\u2019acc\u00e8s de l\u2019utilisateur \u00e0 tout ou partie du site, sans pr\u00e9avis et sans assumer aucune responsabilit\u00e9 de ce fait.<\/p>\n<p>&nbsp;<\/p>\n<h4>AVIS DE NON-RESPONSABILIT\u00c9<\/h4>\n<p><strong><em>1. Refus de garantie et limitation de responsabilit\u00e9<\/em><\/strong><\/p>\n<p>L\u2019utilisateur accepte d\u2019utiliser le site Web \u00e0 ses risques et p\u00e9rils. Le service est fourni dans l\u2019\u00e9tat dans lequel il se trouve et FABO S.p.a. rejette explicitement toute garantie, explicite et implicite, y compris, sans s\u2019y limiter, les garanties d\u2019exactitude, de fiabilit\u00e9, de propri\u00e9t\u00e9, d\u2019absence de contrefa\u00e7on, d\u2019ad\u00e9quation \u00e0 des fins sp\u00e9cifiques ou de toute autre condition, assurance ou d\u00e9claration, orale, \u00e9crite ou \u00e9lectronique, y compris, notamment, toute garantie concernant l\u2019exactitude ou l\u2019exhaustivit\u00e9 des informations contenues sur le site ou fournies par le site.<\/p>\n<p>La soci\u00e9t\u00e9 FABO S.p.a. ne d\u00e9clare pas et ne garantit pas que l\u2019acc\u00e8s au site Web ne sera pas interrompu ou que le site ne contiendra pas de dysfonctionnements, d\u2019erreurs ou d\u2019omissions ou de pertes d\u2019informations transmises, ou qu\u2019aucun virus ne sera transmis sur le site Web.<\/p>\n<p>FABO S.p.a. n\u2019assume aucune responsabilit\u00e9 envers les utilisateurs du site ou tout tiers pour tout dommage direct, indirect, sp\u00e9cial, cons\u00e9cutif ou punitif qui r\u00e9sulterait probablement de l\u2019acc\u00e8s ou de l\u2019impossibilit\u00e9 d\u2019acc\u00e9der au site, y compris dans les cas o\u00f9 des virus pr\u00e9sum\u00e9s auraient \u00e9t\u00e9 re\u00e7us du site Web, en cas d\u2019utilisation du site ou de d\u00e9l\u00e9gation faite sur le site ou concernant des informations ou des mat\u00e9riaux disponibles sur le site Web.<\/p>\n<p><strong><em>2. Lois applicables et juridiction<\/em><\/strong><\/p>\n<p>L\u2019utilisateur reconna\u00eet et accepte, \u00e0 toutes fins utiles, que tout litige pouvant r\u00e9sulter de l\u2019acc\u00e8s et\/ou de l\u2019utilisation du site Web sera soumis aux lois italiennes et devra \u00eatre soumis \u00e0 la juridiction exclusive d\u2019un tribunal italien.<\/p>\n<p><strong><em>3. Protection de la vie priv\u00e9e<\/em><\/strong><\/p>\n<p>Votre nom sera inscrit dans les banques de donn\u00e9es de la soci\u00e9t\u00e9 FABO S.p.a. conform\u00e9ment au d\u00e9cret l\u00e9gislatif 196\/2003 sur la protection des donn\u00e9es \u00e0 caract\u00e8re personnel (loi sur la protection de la vie priv\u00e9e) \u00e0 des fins exclusivement comptables, fiscales, administratives et commerciales. Vous pouvez demander la mise \u00e0 jour ou l\u2019annulation des donn\u00e9es \u00e0 tout moment au responsable des donn\u00e9es de la soci\u00e9t\u00e9.<\/p>\n<p><strong><em>4. Modifications<\/em><\/strong><\/p>\n<p>Les r\u00e8gles ci-dessus peuvent \u00eatre modifi\u00e9es par la soci\u00e9t\u00e9 FABO S.p.a. de temps \u00e0 autre ; les notifications de r\u00e9visions de ces r\u00e8gles seront annonc\u00e9es sur cette page. Lorsque vous acc\u00e9dez \u00e0 la page Web et \u00e0 notre site Web, les syst\u00e8mes informatiques et les proc\u00e9dures de logiciel utilis\u00e9es pour exploiter ce site acqui\u00e8rent, au cours de leur fonctionnement normal, des donn\u00e9es personnelles dont la transmission est implicite dans l\u2019utilisation de protocoles de communication Internet.<br \/>\n[\/vc_column_text][\/vc_column][\/vc_row]<\/p>\n","protected":false},"excerpt":{"rendered":"<p>[vc_row css=\u00a0\u00bb.vc_custom_1516878316990{margin-bottom: 60px !important;}\u00a0\u00bb][vc_column offset=\u00a0\u00bbvc_col-lg-offset-1 vc_col-lg-10 vc_col-md-offset-1 vc_col-md-10&Prime;][vc_column_text] Notes L\u00e9gales [\/vc_column_text][vc_separator][vc_column_text] COPYRIGHT Conditions l\u00e9gales concernant le site Web Ce document contient les conditions l\u00e9gales d\u2019acc\u00e8s et d\u2019utilisation du site Web&#8230;<\/p>\n","protected":false},"author":3,"featured_media":0,"parent":0,"menu_order":0,"comment_status":"closed","ping_status":"closed","template":"","meta":{"_acf_changed":false,"footnotes":""},"tags":[],"class_list":["post-1642","page","type-page","status-publish","hentry"],"acf":[],"_links":{"self":[{"href":"https:\/\/fabotape.com\/fr\/wp-json\/wp\/v2\/pages\/1642","targetHints":{"allow":["GET"]}}],"collection":[{"href":"https:\/\/fabotape.com\/fr\/wp-json\/wp\/v2\/pages"}],"about":[{"href":"https:\/\/fabotape.com\/fr\/wp-json\/wp\/v2\/types\/page"}],"author":[{"embeddable":true,"href":"https:\/\/fabotape.com\/fr\/wp-json\/wp\/v2\/users\/3"}],"replies":[{"embeddable":true,"href":"https:\/\/fabotape.com\/fr\/wp-json\/wp\/v2\/comments?post=1642"}],"version-history":[{"count":3,"href":"https:\/\/fabotape.com\/fr\/wp-json\/wp\/v2\/pages\/1642\/revisions"}],"predecessor-version":[{"id":1857,"href":"https:\/\/fabotape.com\/fr\/wp-json\/wp\/v2\/pages\/1642\/revisions\/1857"}],"wp:attachment":[{"href":"https:\/\/fabotape.com\/fr\/wp-json\/wp\/v2\/media?parent=1642"}],"wp:term":[{"taxonomy":"post_tag","embeddable":true,"href":"https:\/\/fabotape.com\/fr\/wp-json\/wp\/v2\/tags?post=1642"}],"curies":[{"name":"wp","href":"https:\/\/api.w.org\/{rel}","templated":true}]}}