{"id":1570,"date":"2020-04-28T14:24:45","date_gmt":"2020-04-28T12:24:45","guid":{"rendered":"https:\/\/fabotape.com\/?page_id=1570"},"modified":"2022-11-30T09:48:55","modified_gmt":"2022-11-30T08:48:55","slug":"production","status":"publish","type":"page","link":"https:\/\/fabotape.com\/fr\/production\/","title":{"rendered":"Production"},"content":{"rendered":"<p>[vc_row full_width=\u00a0\u00bbstretch_row_content_no_spaces\u00a0\u00bb el_class=\u00a0\u00bbbg-grigio-destra bg-grigio\u00a0\u00bb][vc_column][vc_row_inner content_placement=\u00a0\u00bbtop\u00a0\u00bb el_class=\u00a0\u00bbriga-testo-due-colonne in-grid riga-produzione-grigia\u00a0\u00bb][vc_column_inner width=\u00a0\u00bb5\/12&Prime; offset=\u00a0\u00bbvc_col-lg-offset-1 vc_col-lg-5 vc_col-md-offset-1 vc_col-md-5 vc_col-sm-offset-1 vc_col-xs-12&Prime; css=\u00a0\u00bb.vc_custom_1517569050020{padding-right: 30px !important;}\u00a0\u00bb][vc_column_text el_class=\u00a0\u00bblabel-riga\u00a0\u00bb]Technologies et sp\u00e9cialisations[\/vc_column_text][vc_column_text]<\/p>\n<h3>Fabo est sp\u00e9cialis\u00e9e dans la production de rubans adh\u00e9sifs utilisant les technologies de rev\u00eatement<br \/>\nACRYLIQUE et HOT MELT et dans la personnalisation des rubans.<\/h3>\n<p>[\/vc_column_text][\/vc_column_inner][vc_column_inner width=\u00a0\u00bb5\/12&Prime; offset=\u00a0\u00bbvc_col-lg-5 vc_col-md-5 vc_col-xs-12&Prime;][vc_column_text]Les rubans produits avec la <strong>technologie thermofusible<\/strong> utilisent des adh\u00e9sifs obtenus \u00e0 partir d\u2019un m\u00e9lange de caoutchoucs synth\u00e9tiques, de r\u00e9sines d\u2019hydrocarbures et de divers additifs extrud\u00e9s \u00e0 chaud. Cette technologie permet de d\u00e9rouler facilement des rubans adh\u00e9sifs \u00e0 forte adh\u00e9rence dot\u00e9s d\u2019excellentes propri\u00e9t\u00e9s adh\u00e9sives.<\/p>\n<p>Les rubans fabriqu\u00e9s avec la <strong>technologie \u00e0 base d\u2019eau<\/strong> utilisent des adh\u00e9sifs Acryliques sans solvant en \u00e9mulsion aqueuse appliqu\u00e9s \u00e0 froid. Le r\u00e9sultat est un produit au d\u00e9roulement silencieux, durable dans le temps, \u00e9cologique et r\u00e9sistant aux rayons UV.<br \/>\n[\/vc_column_text][\/vc_column_inner][\/vc_row_inner][vc_row_inner el_class=\u00a0\u00bbgalleria-immagini\u00a0\u00bb][vc_column_inner width=\u00a0\u00bb1\/3&Prime; offset=\u00a0\u00bbvc_hidden-xs\u00a0\u00bb][vc_single_image image=\u00a0\u00bb292&Prime; img_size=\u00a0\u00bbfull\u00a0\u00bb][\/vc_column_inner][vc_column_inner width=\u00a0\u00bb1\/3&Prime; offset=\u00a0\u00bbvc_hidden-xs\u00a0\u00bb][vc_single_image image=\u00a0\u00bb293&Prime; img_size=\u00a0\u00bbfull\u00a0\u00bb][\/vc_column_inner][vc_column_inner width=\u00a0\u00bb1\/3&Prime;][vc_single_image image=\u00a0\u00bb294&Prime; img_size=\u00a0\u00bbfull\u00a0\u00bb][\/vc_column_inner][\/vc_row_inner][\/vc_column][\/vc_row][vc_row full_width=\u00a0\u00bbstretch_row\u00a0\u00bb equal_height=\u00a0\u00bbyes\u00a0\u00bb content_placement=\u00a0\u00bbbottom\u00a0\u00bb disable_element=\u00a0\u00bbyes\u00a0\u00bb el_class=\u00a0\u00bbriga-testo-due-colonne bg-verde\u00a0\u00bb][vc_column width=\u00a0\u00bb1\/2&Prime; offset=\u00a0\u00bbvc_col-lg-offset-1 vc_col-lg-5 vc_col-md-offset-1 vc_col-md-5&Prime;][vc_column_text el_class=\u00a0\u00bblabel-riga\u00a0\u00bb]FABO ET L\u2019ENVIRONNEMENT[\/vc_column_text][vc_column_text]<\/p>\n<h3><strong>Politica ambientale<\/strong><br \/>\ndi controllo e tutela.<\/h3>\n<p>[\/vc_column_text][vc_column_text]Tutti i reparti produttivi sono dotati di sistemi a basso consumo energetico e dispositivi automatici di sicurezza e controllo. [\/vc_column_text][\/vc_column][vc_column width=\u00a0\u00bb1\/2&Prime; offset=\u00a0\u00bbvc_col-lg-5 vc_col-md-5&Prime;][vc_column_text]Seguiamo un\u2019attenta politica di sfruttamento razionale delle risorse, realizzata grazie a:<\/p>\n<ul>\n<li>Riciclo totale degli scarti di lavorazione<\/li>\n<li>Controllo degli scarti e riduzione di emissioni nocive<\/li>\n<\/ul>\n<p>Un impianto fotovoltaico da 250 kwatt ci permette di produrre in autonomia parte dell\u2019energia necessaria alle attivit\u00e0 produttive.[\/vc_column_text][\/vc_column][\/vc_row][vc_row full_width=\u00a0\u00bbstretch_row_content_no_spaces\u00a0\u00bb el_class=\u00a0\u00bbbg-grigio-sinistra bg-grigio\u00a0\u00bb][vc_column][vc_row_inner equal_height=\u00a0\u00bbyes\u00a0\u00bb content_placement=\u00a0\u00bbtop\u00a0\u00bb el_class=\u00a0\u00bbriga-testo-due-colonne in-grid riga-produzione-grigia\u00a0\u00bb][vc_column_inner width=\u00a0\u00bb5\/12&Prime; offset=\u00a0\u00bbvc_col-lg-offset-1 vc_col-lg-5 vc_col-md-offset-1 vc_col-md-5 vc_col-sm-offset-1 vc_col-xs-12&Prime; css=\u00a0\u00bb.vc_custom_1517569121617{padding-right: 30px !important;}\u00a0\u00bb][vc_column_text el_class=\u00a0\u00bblabel-riga\u00a0\u00bb]Domaines d&rsquo;excellence<br \/>\n[\/vc_column_text][vc_column_text]<\/p>\n<h3>Fabo est l&rsquo;un des principaux producteurs de rubans adh\u00e9sifs personnalis\u00e9s.<\/h3>\n<p>[\/vc_column_text][\/vc_column_inner][vc_column_inner width=\u00a0\u00bb5\/12&Prime; offset=\u00a0\u00bbvc_col-lg-5 vc_col-md-5 vc_col-xs-12&Prime;][vc_column_text]<strong>Des machines modernes et des processus automatis\u00e9s<\/strong> nous permettent d\u2019atteindre un rendement \u00e9lev\u00e9.<\/p>\n<p>Nos lignes de rev\u00eatement \u00e0 la pointe de la technologie garantissent une qualit\u00e9 de produit maximale associ\u00e9e \u00e0 une haute flexibilit\u00e9 de traitement.<br \/>\nNous poss\u00e9dons plusieurs lignes de coupe qui permettent la r\u00e9alisation de rubans adh\u00e9sifs de toutes tailles et de tout format, emball\u00e9s selon les besoins du client.<br \/>\n[\/vc_column_text][\/vc_column_inner][\/vc_row_inner][vc_row_inner el_class=\u00a0\u00bbgalleria-immagini\u00a0\u00bb][vc_column_inner width=\u00a0\u00bb1\/3&Prime; offset=\u00a0\u00bbvc_hidden-xs\u00a0\u00bb][vc_single_image image=\u00a0\u00bb298&Prime; img_size=\u00a0\u00bbfull\u00a0\u00bb][\/vc_column_inner][vc_column_inner width=\u00a0\u00bb1\/3&Prime;][vc_single_image image=\u00a0\u00bb301&Prime; img_size=\u00a0\u00bbfull\u00a0\u00bb][\/vc_column_inner][vc_column_inner width=\u00a0\u00bb1\/3&Prime; offset=\u00a0\u00bbvc_hidden-xs\u00a0\u00bb][vc_single_image image=\u00a0\u00bb299&Prime; img_size=\u00a0\u00bbfull\u00a0\u00bb][\/vc_column_inner][\/vc_row_inner][\/vc_column][\/vc_row][vc_row full_width=\u00a0\u00bbstretch_row_content_no_spaces\u00a0\u00bb el_class=\u00a0\u00bbbg-grigio-destra bg-grigio\u00a0\u00bb][vc_column][vc_row_inner equal_height=\u00a0\u00bbyes\u00a0\u00bb content_placement=\u00a0\u00bbtop\u00a0\u00bb el_class=\u00a0\u00bbriga-testo-due-colonne in-grid riga-produzione-grigia\u00a0\u00bb][vc_column_inner width=\u00a0\u00bb5\/12&Prime; offset=\u00a0\u00bbvc_col-lg-offset-1 vc_col-lg-5 vc_col-md-offset-1 vc_col-md-5 vc_col-sm-offset-1 vc_col-xs-12&Prime; css=\u00a0\u00bb.vc_custom_1517569423509{padding-right: 20px !important;}\u00a0\u00bb][vc_column_text el_class=\u00a0\u00bblabel-riga\u00a0\u00bb]Un rendement de production \u00e9lev\u00e9.[\/vc_column_text][vc_column_text]<\/p>\n<h3>Des mati\u00e8res premi\u00e8res<br \/>\n<strong>au produit fini<\/strong>.<\/h3>\n<p>[\/vc_column_text][vc_column_text]La croissance continue de l\u2019entreprise, marqu\u00e9e par l\u2019acquisition de parts de march\u00e9 toujours plus importantes, a jet\u00e9 les bases pour \u00e9voluer vers une gestion automatis\u00e9e des processus qui met l\u2019informatique au service du cycle de production en garantissant un contr\u00f4le total.<br \/>\n[\/vc_column_text][\/vc_column_inner][vc_column_inner width=\u00a0\u00bb5\/12&Prime; offset=\u00a0\u00bbvc_col-lg-5 vc_col-md-5 vc_col-xs-12&Prime;][vc_column_text]L\u2019informatisation totale du cycle de production implique de nombreux avantages en termes de:<\/p>\n<ul>\n<li><strong><strong>Tra\u00e7abilit\u00e9 et disponibilit\u00e9\u00a0<\/strong><\/strong>du produit \u00e0 chaque \u00e9tape de production<\/li>\n<li><strong>Maximisation de l\u2019efficacit\u00e9<\/strong> des processus d\u2019entreprise<\/li>\n<li><strong>Minimisation des erreurs<\/strong> pendant le cycle de production<\/li>\n<li><strong>Int\u00e9gration totale<\/strong> entre homme, machine et syst\u00e8me d\u2019information<\/li>\n<\/ul>\n<p>[\/vc_column_text][\/vc_column_inner][\/vc_row_inner][vc_row_inner el_class=\u00a0\u00bbgalleria-immagini\u00a0\u00bb][vc_column_inner width=\u00a0\u00bb1\/3&Prime;][vc_single_image image=\u00a0\u00bb300&Prime; img_size=\u00a0\u00bbfull\u00a0\u00bb][\/vc_column_inner][vc_column_inner width=\u00a0\u00bb1\/3&Prime; offset=\u00a0\u00bbvc_hidden-xs\u00a0\u00bb][vc_single_image image=\u00a0\u00bb302&Prime; img_size=\u00a0\u00bbfull\u00a0\u00bb][\/vc_column_inner][vc_column_inner width=\u00a0\u00bb1\/3&Prime; offset=\u00a0\u00bbvc_hidden-xs\u00a0\u00bb][vc_single_image image=\u00a0\u00bb303&Prime; img_size=\u00a0\u00bbfull\u00a0\u00bb][\/vc_column_inner][\/vc_row_inner][\/vc_column][\/vc_row][vc_row disable_element=\u00a0\u00bbyes\u00a0\u00bb][vc_column]<div class=\"vc_row wpb_row vc_row-fluid vc_custom_1517330603003\"><div class=\"wpb_column vc_column_container vc_col-sm-12\"><div class=\"vc_column-inner\"><div class=\"wpb_wrapper\"><div class=\"vc_row wpb_row vc_inner vc_row-fluid\"><div class=\"wpb_column vc_column_container vc_col-sm-12 vc_col-lg-offset-3 vc_col-lg-6 vc_col-md-offset-1 vc_col-md-10\"><div class=\"vc_column-inner\"><div class=\"wpb_wrapper\">\n\t<div class=\"wpb_text_column wpb_content_element  label-riga label-a-capo text-center\" >\n\t\t<div class=\"wpb_wrapper\">\n\t\t\t<p>FABO ET L\u2019ENVIRONNEMENT<\/p>\n\n\t\t<\/div>\n\t<\/div>\n\n\t<div class=\"wpb_text_column wpb_content_element  text-center\" >\n\t\t<div class=\"wpb_wrapper\">\n\t\t\t<h3><strong>Fabo est \u00e9cologique!<\/strong><\/h3>\n\n\t\t<\/div>\n\t<\/div>\n\n\t<div class=\"wpb_text_column wpb_content_element  vc_custom_1588077027418 text-center\" >\n\t\t<div class=\"wpb_wrapper\">\n\t\t\t<p>Nous prenons tr\u00e8s au s\u00e9rieux la question de la protection de l\u2019environnement. C\u2019est pourquoi FABO applique une politique soign\u00e9e d\u2019exploitation rationnelle des ressources. Tous les d\u00e9partements de production sont \u00e9quip\u00e9s de syst\u00e8mes \u00e0 basse consommation d\u2019\u00e9nergie et de dispositifs de s\u00e9curit\u00e9 et de contr\u00f4le automatiques respectant l\u2019environnement. Ceci permet d\u2019obtenir les r\u00e9sultats suivants:<\/p>\n\n\t\t<\/div>\n\t<\/div>\n<\/div><\/div><\/div><\/div><div class=\"vc_row wpb_row vc_inner vc_row-fluid vc_row-o-equal-height vc_row-o-content-top vc_row-flex\"><div class=\"pot-green wpb_column vc_column_container vc_col-sm-4\"><div class=\"vc_column-inner\"><div class=\"wpb_wrapper\">\n\t<div  class=\"wpb_single_image wpb_content_element vc_align_center\">\n\t\t\n\t\t<figure class=\"wpb_wrapper vc_figure\">\n\t\t\t<div class=\"vc_single_image-wrapper   vc_box_border_grey\"><img loading=\"lazy\" decoding=\"async\" width=\"300\" height=\"300\" src=\"https:\/\/fabotape.com\/wp-content\/uploads\/2018\/01\/icon_green_1.png\" class=\"vc_single_image-img attachment-full\" alt=\"\" title=\"icon_green_1\" srcset=\"https:\/\/fabotape.com\/wp-content\/uploads\/2018\/01\/icon_green_1.png 300w, https:\/\/fabotape.com\/wp-content\/uploads\/2018\/01\/icon_green_1-150x150.png 150w\" sizes=\"auto, (max-width: 300px) 100vw, 300px\" \/><\/div>\n\t\t<\/figure>\n\t<\/div>\n\n\t<div class=\"wpb_text_column wpb_content_element \" >\n\t\t<div class=\"wpb_wrapper\">\n\t\t\t<p><strong>Recyclage total <\/strong>des d\u00e9chets de traitement issus des diff\u00e9rentes phases de production.<\/p>\n\n\t\t<\/div>\n\t<\/div>\n<\/div><\/div><\/div><div class=\"pot-green pot-green-middle wpb_column vc_column_container vc_col-sm-4\"><div class=\"vc_column-inner\"><div class=\"wpb_wrapper\">\n\t<div  class=\"wpb_single_image wpb_content_element vc_align_center\">\n\t\t\n\t\t<figure class=\"wpb_wrapper vc_figure\">\n\t\t\t<div class=\"vc_single_image-wrapper   vc_box_border_grey\"><img loading=\"lazy\" decoding=\"async\" width=\"300\" height=\"300\" src=\"https:\/\/fabotape.com\/wp-content\/uploads\/2018\/01\/icon_green_2.png\" class=\"vc_single_image-img attachment-full\" alt=\"\" title=\"icon_green_2\" srcset=\"https:\/\/fabotape.com\/wp-content\/uploads\/2018\/01\/icon_green_2.png 300w, https:\/\/fabotape.com\/wp-content\/uploads\/2018\/01\/icon_green_2-150x150.png 150w\" sizes=\"auto, (max-width: 300px) 100vw, 300px\" \/><\/div>\n\t\t<\/figure>\n\t<\/div>\n\n\t<div class=\"wpb_text_column wpb_content_element \" >\n\t\t<div class=\"wpb_wrapper\">\n\t\t\t<p><strong>Contr\u00f4le des d\u00e9chets<\/strong> et r\u00e9duction des \u00e9missions nocives. <\/p>\n\n\t\t<\/div>\n\t<\/div>\n<\/div><\/div><\/div><div class=\"pot-green wpb_column vc_column_container vc_col-sm-4\"><div class=\"vc_column-inner\"><div class=\"wpb_wrapper\">\n\t<div  class=\"wpb_single_image wpb_content_element vc_align_center\">\n\t\t\n\t\t<figure class=\"wpb_wrapper vc_figure\">\n\t\t\t<div class=\"vc_single_image-wrapper   vc_box_border_grey\"><img loading=\"lazy\" decoding=\"async\" width=\"300\" height=\"300\" src=\"https:\/\/fabotape.com\/wp-content\/uploads\/2018\/01\/icon_green_3.png\" class=\"vc_single_image-img attachment-full\" alt=\"\" title=\"icon_green_3\" srcset=\"https:\/\/fabotape.com\/wp-content\/uploads\/2018\/01\/icon_green_3.png 300w, https:\/\/fabotape.com\/wp-content\/uploads\/2018\/01\/icon_green_3-150x150.png 150w\" sizes=\"auto, (max-width: 300px) 100vw, 300px\" \/><\/div>\n\t\t<\/figure>\n\t<\/div>\n\n\t<div class=\"wpb_text_column wpb_content_element \" >\n\t\t<div class=\"wpb_wrapper\">\n\t\t\t<p>Les installations de<strong> cog\u00e9n\u00e9ration et photovolta\u00efques<\/strong> fournissent 40 % des besoins en \u00e9nergie de l\u2019entreprise.<\/p>\n\n\t\t<\/div>\n\t<\/div>\n<\/div><\/div><\/div><\/div><\/div><\/div><\/div><\/div>\n[\/vc_column][\/vc_row]<\/p>\n","protected":false},"excerpt":{"rendered":"FABO ET L\u2019ENVIRONNEMENT Fabo est \u00e9cologique! Nous prenons tr\u00e8s au s\u00e9rieux la question de la protection de l\u2019environnement. C\u2019est pourquoi FABO applique une politique soign\u00e9e d\u2019exploitation rationnelle des ressources. Tous...","protected":false},"author":3,"featured_media":0,"parent":0,"menu_order":0,"comment_status":"closed","ping_status":"closed","template":"","meta":{"_acf_changed":false,"footnotes":""},"tags":[],"class_list":["post-1570","page","type-page","status-publish","hentry"],"acf":[],"_links":{"self":[{"href":"https:\/\/fabotape.com\/fr\/wp-json\/wp\/v2\/pages\/1570","targetHints":{"allow":["GET"]}}],"collection":[{"href":"https:\/\/fabotape.com\/fr\/wp-json\/wp\/v2\/pages"}],"about":[{"href":"https:\/\/fabotape.com\/fr\/wp-json\/wp\/v2\/types\/page"}],"author":[{"embeddable":true,"href":"https:\/\/fabotape.com\/fr\/wp-json\/wp\/v2\/users\/3"}],"replies":[{"embeddable":true,"href":"https:\/\/fabotape.com\/fr\/wp-json\/wp\/v2\/comments?post=1570"}],"version-history":[{"count":8,"href":"https:\/\/fabotape.com\/fr\/wp-json\/wp\/v2\/pages\/1570\/revisions"}],"predecessor-version":[{"id":3586,"href":"https:\/\/fabotape.com\/fr\/wp-json\/wp\/v2\/pages\/1570\/revisions\/3586"}],"wp:attachment":[{"href":"https:\/\/fabotape.com\/fr\/wp-json\/wp\/v2\/media?parent=1570"}],"wp:term":[{"taxonomy":"post_tag","embeddable":true,"href":"https:\/\/fabotape.com\/fr\/wp-json\/wp\/v2\/tags?post=1570"}],"curies":[{"name":"wp","href":"https:\/\/api.w.org\/{rel}","templated":true}]}}