{"id":1557,"date":"2020-04-28T12:53:32","date_gmt":"2020-04-28T10:53:32","guid":{"rendered":"https:\/\/fabotape.com\/?page_id=1557"},"modified":"2022-11-30T07:11:04","modified_gmt":"2022-11-30T06:11:04","slug":"impression","status":"publish","type":"page","link":"https:\/\/fabotape.com\/fr\/produits\/impression\/","title":{"rendered":"Impression"},"content":{"rendered":"<p>[vc_row][vc_column][vc_raw_html]JTNDYSUyMGhyZWYlM0QlMjIlMkZmciUyRnByb2R1aXRzJTIyJTIwY2xhc3MlM0QlMjJiYWNrLXRvLXByb2RvdHRpJTIyJTNFUmV0b3VyJTIwYXV4JTIwcHJvZHVpdHMlM0MlMkZhJTNF[\/vc_raw_html][\/vc_column][\/vc_row][vc_row el_class=\u00a0\u00bbriga-testo-due-colonne\u00a0\u00bb][vc_column width=\u00a0\u00bb1\/2&Prime; offset=\u00a0\u00bbvc_col-lg-offset-1 vc_col-lg-5 vc_col-md-offset-1 vc_col-md-5&Prime;][vc_column_text]<\/p>\n<h3><strong>Des rubans avec impression personnalis\u00e9e<\/strong> pour rendre vos emballages imm\u00e9diatement reconnaissables.<\/h3>\n<p>[\/vc_column_text][\/vc_column][vc_column width=\u00a0\u00bb1\/2&Prime; offset=\u00a0\u00bbvc_col-lg-5 vc_col-md-5&Prime;][vc_column_text]<strong>La personnalisation des rubans accryliques ou Hot Melt est l&rsquo;un des services phares de Fabo.<\/strong><\/p>\n<p>La personnalisation des rubans accryliques ou Hot Melt est l&rsquo;un des services phares de Fabo. Gr\u00e2ce \u00e0 la pr\u00e9-impression flexographique en quatre couleurs, Fabo garantit une qualit\u00e9 d&rsquo;impression photographique aux bandes imprim\u00e9es.[\/vc_column_text][\/vc_column][\/vc_row][vc_row gap=\u00a0\u00bb35&Prime; el_class=\u00a0\u00bbriga-altri-prodotti tre-per-row\u00a0\u00bb][vc_column width=\u00a0\u00bb1\/3&Prime;][vc_single_image image=\u00a0\u00bb533&Prime; img_size=\u00a0\u00bbfull\u00a0\u00bb][vc_column_text el_class=\u00a0\u00bbaltro-prodotto-codice\u00a0\u00bb]<\/p>\n<h6>Rubans personnalis\u00e9s de haute qualit\u00e9<\/h6>\n<p>[\/vc_column_text][vc_column_text]Pour personnaliser le ruban avec votre propre logo ou message, vous pouvez choisir parmi des rubans<br \/>\nfabriqu\u00e9s avec diff\u00e9rentes technologies adh\u00e9sives et plusieurs supports.[\/vc_column_text][\/vc_column][vc_column width=\u00a0\u00bb1\/3&Prime;][vc_single_image image=\u00a0\u00bb267&Prime; img_size=\u00a0\u00bbfull\u00a0\u00bb][vc_column_text el_class=\u00a0\u00bbaltro-prodotto-codice\u00a0\u00bb]<\/p>\n<h6>Impression sandwich<\/h6>\n<p>[\/vc_column_text][vc_column_text]La technologie d&rsquo;impression flexographique sandwich de Fabo permet une qualit\u00e9 d&rsquo;impression de haute<br \/>\nd\u00e9finition. Ce type d&rsquo;impression, qui consiste \u00e0 ins\u00e9rer de l&rsquo;encre entre le film et la masse adh\u00e9sive, prot\u00e8ge les couleurs et les logos imprim\u00e9s de l&rsquo;abrasion due \u00e0 l&rsquo;utilisation et au vieillissement du ruban,<br \/>\ngarantissant ainsi une plus longue dur\u00e9e de vie.<br \/>\n[\/vc_column_text][\/vc_column][vc_column width=\u00a0\u00bb1\/3&Prime;][vc_single_image image=\u00a0\u00bb532&Prime; img_size=\u00a0\u00bbfull\u00a0\u00bb][vc_column_text el_class=\u00a0\u00bbaltro-prodotto-codice\u00a0\u00bb]<\/p>\n<h6>Couleurs unies<\/h6>\n<p>[\/vc_column_text][vc_column_text]L&rsquo;impression est r\u00e9alis\u00e9e \u00e0 l&rsquo;aide de machines ultramodernes qui garantissent une excellente d\u00e9finition de l&rsquo;impression et la brillance des couleurs. Il est possible de produire des rubans color\u00e9s avec un fond uni<br \/>\ndans les couleurs Pantone de votre choix.[\/vc_column_text][\/vc_column][\/vc_row][vc_row][vc_column el_class=\u00a0\u00bbtext-center riga-btn-scheda\u00a0\u00bb]<div class=\" ubtn-ctn-left btn btn-sfumato-verde\"><a class=\"ubtn-link ult-adjust-bottom-margin ubtn-left ubtn-normal btn btn-sfumato-verde\" href=\"https:\/\/fabotape.com\/fr\/fiches-techniques\/?r=stampati\"><button type=\"button\" id=\"ubtn-3906\" class=\"ubtn ult-adjust-bottom-margin ult-responsive ubtn-normal ubtn-no-hover-bg  none  ubtn-left   tooltip-69f0e9b5bde57\"  data-hover=\"\" data-border-color=\"\" data-bg=\"#e0e0e0\" data-hover-bg=\"\" data-border-hover=\"\" data-shadow-hover=\"\" data-shadow-click=\"none\" data-shadow=\"\" data-shd-shadow=\"\"  data-ultimate-target='#ubtn-3906'  data-responsive-json-new='{\"font-size\":\"\",\"line-height\":\"\"}'  style=\"font-weight:normal;border:none;background: #e0e0e0;color: #000000;\"><span class=\"ubtn-hover\" style=\"background-color:\"><\/span><span class=\"ubtn-data ubtn-text \" >VOIR LES FICHES TECHNIQUES DES RUBANS IMPRIM\u00c9S<\/span><\/button><\/a><\/div>[\/vc_column][\/vc_row][vc_row][vc_column][vc_empty_space height=\u00a0\u00bb62px\u00a0\u00bb][\/vc_column][\/vc_row][vc_row full_width=\u00a0\u00bbstretch_row\u00a0\u00bb el_class=\u00a0\u00bbcategoria-seo seo-grigio\u00a0\u00bb][vc_column][vc_column_text el_class=\u00a0\u00bbcontenuto\u00a0\u00bb]<\/p>\n<h2>Fabo, fabricant de rubans adh\u00e9sifs imprim\u00e9s<\/h2>\n<p>L\u2019un des domaines d\u2019excellence de Fabo en tant que <strong>fabricant de rubans adh\u00e9sifs imprim\u00e9s<\/strong> est la possibilit\u00e9 <strong>\u00e9lev\u00e9e de personnalisation des solutions adh\u00e9sives<\/strong> pouvant \u00eatre obtenues. Les rubans adh\u00e9sifs Fabo peuvent \u00eatre personnalis\u00e9s \u00e0 l\u2019aide de <strong>technologies d\u2019impression flexographique et num\u00e9rique les plus modernes<\/strong>.<\/p>\n<p>La qualit\u00e9 et l\u2019uniformit\u00e9 des couleurs repr\u00e9sentent des d\u00e9fis importants que, chez FABO, nous g\u00e9rons en utilisant les meilleurs \u00e9quipements et les derni\u00e8res technologies disponibles sur le march\u00e9.<\/p>\n<p>La <strong>pr\u00e9cision d\u2019impression <\/strong>des couleurs \u00e0 100 % permet d\u2019imprimer <strong>des logos, des marques, des messages et des graphiques sp\u00e9ciaux<\/strong> haute fid\u00e9lit\u00e9 sp\u00e9ciaux sur les rubans adh\u00e9sifs. Des spectrophotom\u00e8tres de nouvelle g\u00e9n\u00e9ration sont la solution de mesure qui nous permet d\u2019obtenir rapidement et facilement la bonne couleur. Le logiciel int\u00e9gr\u00e9 InkFormulation contribue \u00e0 am\u00e9liorer la gestion des mati\u00e8res premi\u00e8res, \u00e0 rationaliser les processus et \u00e0 r\u00e9duire les d\u00e9chets dangereux dans le flux de production couleur.<\/p>\n<p>Enfin, une station de m\u00e9lange de couleurs sophistiqu\u00e9e cr\u00e9e, en interface avec le logiciel, la couleur avec une pr\u00e9cision de dosage proche de 100 % (pourcentage d\u2019\u00e9cart de 0,002%).<\/p>\n<p>La soci\u00e9t\u00e9 est en effet \u00e9quip\u00e9e d\u2019un <strong>syst\u00e8me de teinture moderne <\/strong>et de machines d\u2019impression permettant de r\u00e9aliser des impressions couleur en quadrichromie de qualit\u00e9 photo et avec des nuances particuli\u00e8res de couleurs, en fonction des demandes sp\u00e9cifiques des clients, afin de garantir des r\u00e9sultats optimaux.<br \/>\nFabo peut ex\u00e9cuter, pour un r\u00e9seau client comprenant des distributeurs, des imprimeurs, des entreprises de d\u00e9coupe, des transformateurs de ruban adh\u00e9sif et de grandes industries, <strong>des impressions multicolores<\/strong> au verso ainsi que des impressions en sandwich sur divers supports en ins\u00e9rant un ou plusieurs logos et votre message selon votre demande.<\/p>\n<p>La technique d\u2019impression en sandwich implique l\u2019impression entre film et adh\u00e9sif, garantissant ainsi la protection des textes et logos imprim\u00e9s (anti-rayures). Le type d\u2019impression en sandwich assure \u00e9galement une excellente qualit\u00e9 dans le temps, une haute d\u00e9finition et un d\u00e9roulement uniforme.<\/p>\n<p>Pour une <strong>qualit\u00e9 optimale de vos rubans personnalis\u00e9es<\/strong>, Fabo propose la <strong>solution Qualit\u00e9 Photo<\/strong> pour un r\u00e9sultat d\u2019impression hyper r\u00e9aliste. Les rubans imprim\u00e9s Fabo en Qualit\u00e9 Photo vous permettent de communiquer votre marque de mani\u00e8re efficace et originale. Gr\u00e2ce \u00e0 la technique de pr\u00e9presse flexo quadrichromie, il est possible de <strong>personnaliser les rubans en communiquant votre message ou votre marque en haute d\u00e9finition<\/strong>.<\/p>\n<p>Les rubans imprim\u00e9s Fabo sont fabriqu\u00e9s avec un adh\u00e9sif Acrylique \u00e0 base d\u2019eau et un adh\u00e9sif thermofusible. <strong>L\u2019impression est possible sur diff\u00e9rents supports<\/strong>: BOPP, BOPP renforc\u00e9, MOPP (cerclage), PE, PET et papier. Pour tirer le meilleur parti de vos rubans personnalis\u00e9s, le service graphique de Fabo vous accompagne tout au long du d\u00e9veloppement du projet, en suivant la production technique d\u2019applications graphiques \u00e0 apposer sur des rubans adh\u00e9sifs et d\u2019autres personnalisations disponibles telles que des manchons, des \u00e9tiquettes et des bo\u00eetes.[\/vc_column_text][\/vc_column][\/vc_row]<\/p>\n","protected":false},"excerpt":{"rendered":"<p>Des rubans avec impression personnalis\u00e9e pour rendre vos emballages imm\u00e9diatement reconnaissables.<\/p>\n","protected":false},"author":3,"featured_media":2169,"parent":1478,"menu_order":88,"comment_status":"closed","ping_status":"closed","template":"","meta":{"_acf_changed":false,"footnotes":""},"tags":[],"class_list":["post-1557","page","type-page","status-publish","has-post-thumbnail","hentry"],"acf":[],"_links":{"self":[{"href":"https:\/\/fabotape.com\/fr\/wp-json\/wp\/v2\/pages\/1557","targetHints":{"allow":["GET"]}}],"collection":[{"href":"https:\/\/fabotape.com\/fr\/wp-json\/wp\/v2\/pages"}],"about":[{"href":"https:\/\/fabotape.com\/fr\/wp-json\/wp\/v2\/types\/page"}],"author":[{"embeddable":true,"href":"https:\/\/fabotape.com\/fr\/wp-json\/wp\/v2\/users\/3"}],"replies":[{"embeddable":true,"href":"https:\/\/fabotape.com\/fr\/wp-json\/wp\/v2\/comments?post=1557"}],"version-history":[{"count":8,"href":"https:\/\/fabotape.com\/fr\/wp-json\/wp\/v2\/pages\/1557\/revisions"}],"predecessor-version":[{"id":3536,"href":"https:\/\/fabotape.com\/fr\/wp-json\/wp\/v2\/pages\/1557\/revisions\/3536"}],"up":[{"embeddable":true,"href":"https:\/\/fabotape.com\/fr\/wp-json\/wp\/v2\/pages\/1478"}],"wp:featuredmedia":[{"embeddable":true,"href":"https:\/\/fabotape.com\/fr\/wp-json\/wp\/v2\/media\/2169"}],"wp:attachment":[{"href":"https:\/\/fabotape.com\/fr\/wp-json\/wp\/v2\/media?parent=1557"}],"wp:term":[{"taxonomy":"post_tag","embeddable":true,"href":"https:\/\/fabotape.com\/fr\/wp-json\/wp\/v2\/tags?post=1557"}],"curies":[{"name":"wp","href":"https:\/\/api.w.org\/{rel}","templated":true}]}}