{"id":1509,"date":"2020-04-28T11:30:36","date_gmt":"2020-04-28T09:30:36","guid":{"rendered":"https:\/\/fabotape.com\/?page_id=1509"},"modified":"2022-11-30T08:55:00","modified_gmt":"2022-11-30T07:55:00","slug":"fixation","status":"publish","type":"page","link":"https:\/\/fabotape.com\/fr\/produits\/fixation\/","title":{"rendered":"Fixation"},"content":{"rendered":"<p>[vc_row][vc_column][vc_raw_html]JTNDYSUyMGhyZWYlM0QlMjIlMkZmciUyRnByb2R1aXRzJTIyJTIwY2xhc3MlM0QlMjJiYWNrLXRvLXByb2RvdHRpJTIyJTNFUmV0b3VyJTIwYXV4JTIwcHJvZHVpdHMlM0MlMkZhJTNF[\/vc_raw_html][\/vc_column][\/vc_row][vc_row el_class=\u00a0\u00bbriga-testo-due-colonne\u00a0\u00bb][vc_column width=\u00a0\u00bb1\/2&Prime; offset=\u00a0\u00bbvc_col-lg-offset-1 vc_col-lg-5 vc_col-md-offset-1 vc_col-md-5&Prime;][vc_column_text]<\/p>\n<h3><strong>Rubans adh\u00e9sifs double face<\/strong> pour l\u2019univers du bricolage.<\/h3>\n<p>[\/vc_column_text][\/vc_column][vc_column width=\u00a0\u00bb1\/2&Prime; offset=\u00a0\u00bbvc_col-lg-5 vc_col-md-5&Prime;][vc_column_text]<strong>Une gamme d\u2019adh\u00e9sifs double face en \u00e9volution et en expansion, avec des rubans adh\u00e9sifs thermofusibles ou \u00e0 base d\u2019eau.<\/strong><\/p>\n<p>Des produits adapt\u00e9s \u00e0 un nombre infini d\u2019utilisations : des emballages aux utilisations industrielles, de la conversion du papier \u00e0 la cr\u00e9ation de panneaux photovolta\u00efques, jusqu\u2019au bricolage.[\/vc_column_text][\/vc_column][\/vc_row][vc_row gap=\u00a0\u00bb35&Prime; equal_height=\u00a0\u00bbyes\u00a0\u00bb content_placement=\u00a0\u00bbmiddle\u00a0\u00bb el_class=\u00a0\u00bbriga-altri-prodotti una-per-row\u00a0\u00bb][vc_column width=\u00a0\u00bb1\/2&Prime;][vc_single_image image=\u00a0\u00bb268&Prime; img_size=\u00a0\u00bbfull\u00a0\u00bb][\/vc_column][vc_column width=\u00a0\u00bb1\/2&Prime;][vc_column_text el_class=\u00a0\u00bbaltro-prodotto-codice\u00a0\u00bb]<\/p>\n<h4>721 &#8211; Ruban adh\u00e9sif double face universel<\/h4>\n<p>[\/vc_column_text][vc_column_text]Ruban adh\u00e9sif double face transparent et multi-usages, adapt\u00e9 \u00e0 diverses utilisations et activit\u00e9s manuelles : de la d\u00e9coration int\u00e9rieure aux travaux de bricolage.[\/vc_column_text][vc_empty_space][vc_column_text el_class=\u00a0\u00bbaltro-prodotto-codice\u00a0\u00bb]<\/p>\n<h4>La fixation amovible<\/h4>\n<p>[\/vc_column_text][vc_column_text]Ruban adh\u00e9sif double face \u00e0 adh\u00e9sivit\u00e9 diff\u00e9renci\u00e9e : tr\u00e8s forte d\u2019un c\u00f4t\u00e9 et facile \u00e0 enlever de l\u2019autre.[\/vc_column_text][vc_empty_space][vc_column_text el_class=\u00a0\u00bbaltro-prodotto-codice\u00a0\u00bb]<\/p>\n<h4>L\u2019adh\u00e9sif double face en TNT<\/h4>\n<p>[\/vc_column_text][vc_column_text]Ruban non tiss\u00e9 double face pour les applications g\u00e9n\u00e9rales et de bricolage.[\/vc_column_text][\/vc_column][\/vc_row][vc_row][vc_column el_class=\u00a0\u00bbtext-center riga-btn-scheda\u00a0\u00bb]<div class=\" ubtn-ctn-left btn btn-sfumato-verde\"><a class=\"ubtn-link ult-adjust-bottom-margin ubtn-left ubtn-normal btn btn-sfumato-verde\" href=\"https:\/\/fabotape.com\/fr\/fiches-techniques\/?r=fissaggio\"><button type=\"button\" id=\"ubtn-5080\" class=\"ubtn ult-adjust-bottom-margin ult-responsive ubtn-normal ubtn-no-hover-bg  none  ubtn-left   tooltip-69e02a51e971e\"  data-hover=\"\" data-border-color=\"\" data-bg=\"#e0e0e0\" data-hover-bg=\"\" data-border-hover=\"\" data-shadow-hover=\"\" data-shadow-click=\"none\" data-shadow=\"\" data-shd-shadow=\"\"  data-ultimate-target='#ubtn-5080'  data-responsive-json-new='{\"font-size\":\"\",\"line-height\":\"\"}'  style=\"font-weight:normal;border:none;background: #e0e0e0;color: #000000;\"><span class=\"ubtn-hover\" style=\"background-color:\"><\/span><span class=\"ubtn-data ubtn-text \" >ALLER AUX FICHES TECHNIQUES DES BANDES DOUBLE FACE<\/span><\/button><\/a><\/div>[\/vc_column][\/vc_row]<\/p>\n","protected":false},"excerpt":{"rendered":"<p>Une gamme d\u2019adh\u00e9sifs double face en \u00e9volution et en expansion, avec des rubans adh\u00e9sifs thermofusibles ou \u00e0 base d\u2019eau.<\/p>\n","protected":false},"author":3,"featured_media":2172,"parent":1478,"menu_order":44,"comment_status":"closed","ping_status":"closed","template":"","meta":{"_acf_changed":false,"footnotes":""},"tags":[],"class_list":["post-1509","page","type-page","status-publish","has-post-thumbnail","hentry"],"acf":[],"_links":{"self":[{"href":"https:\/\/fabotape.com\/fr\/wp-json\/wp\/v2\/pages\/1509","targetHints":{"allow":["GET"]}}],"collection":[{"href":"https:\/\/fabotape.com\/fr\/wp-json\/wp\/v2\/pages"}],"about":[{"href":"https:\/\/fabotape.com\/fr\/wp-json\/wp\/v2\/types\/page"}],"author":[{"embeddable":true,"href":"https:\/\/fabotape.com\/fr\/wp-json\/wp\/v2\/users\/3"}],"replies":[{"embeddable":true,"href":"https:\/\/fabotape.com\/fr\/wp-json\/wp\/v2\/comments?post=1509"}],"version-history":[{"count":7,"href":"https:\/\/fabotape.com\/fr\/wp-json\/wp\/v2\/pages\/1509\/revisions"}],"predecessor-version":[{"id":3561,"href":"https:\/\/fabotape.com\/fr\/wp-json\/wp\/v2\/pages\/1509\/revisions\/3561"}],"up":[{"embeddable":true,"href":"https:\/\/fabotape.com\/fr\/wp-json\/wp\/v2\/pages\/1478"}],"wp:featuredmedia":[{"embeddable":true,"href":"https:\/\/fabotape.com\/fr\/wp-json\/wp\/v2\/media\/2172"}],"wp:attachment":[{"href":"https:\/\/fabotape.com\/fr\/wp-json\/wp\/v2\/media?parent=1509"}],"wp:term":[{"taxonomy":"post_tag","embeddable":true,"href":"https:\/\/fabotape.com\/fr\/wp-json\/wp\/v2\/tags?post=1509"}],"curies":[{"name":"wp","href":"https:\/\/api.w.org\/{rel}","templated":true}]}}