{"id":1481,"date":"2020-04-28T12:36:58","date_gmt":"2020-04-28T10:36:58","guid":{"rendered":"https:\/\/fabotape.com\/?page_id=1481"},"modified":"2022-11-30T09:19:51","modified_gmt":"2022-11-30T08:19:51","slug":"materiau-d-impression","status":"publish","type":"page","link":"https:\/\/fabotape.com\/fr\/produits\/materiau-d-impression\/","title":{"rendered":"Mat\u00e9riau d\u2019impression"},"content":{"rendered":"<p>[vc_row][vc_column][vc_raw_html]JTNDYSUyMGhyZWYlM0QlMjIlMkZmciUyRnByb2R1aXRzJTIyJTIwY2xhc3MlM0QlMjJiYWNrLXRvLXByb2RvdHRpJTIyJTNFUmV0b3VyJTIwYXV4JTIwcHJvZHVpdHMlM0MlMkZhJTNF[\/vc_raw_html][\/vc_column][\/vc_row][vc_row el_class=\u00a0\u00bbriga-testo-due-colonne\u00a0\u00bb][vc_column width=\u00a0\u00bb1\/2&Prime; offset=\u00a0\u00bbvc_col-lg-offset-1 vc_col-lg-5 vc_col-md-offset-1 vc_col-md-5&Prime;][vc_column_text]<\/p>\n<h3>Des articles con\u00e7us pour <strong>r\u00e9pondre aux besoins des imprimeurs. <\/strong><\/h3>\n<p>[\/vc_column_text][\/vc_column][vc_column width=\u00a0\u00bb1\/2&Prime; offset=\u00a0\u00bbvc_col-lg-5 vc_col-md-5&Prime;][vc_column_text]<strong>La gamme de produits d\u2019impression FABO propose des rubans hautes performances fabriqu\u00e9s avec des technologies d\u2019adh\u00e9sif thermofusible et Acrylique, permettant d\u2019obtenir les meilleurs r\u00e9sultats d\u2019impression.<\/strong><\/p>\n<p>Une s\u00e9rie d&rsquo;articles imprimables disponibles en diff\u00e9rentes tailles ou en rouleaux jumbo.[\/vc_column_text][\/vc_column][\/vc_row][vc_row gap=\u00a0\u00bb35&Prime; el_class=\u00a0\u00bbriga-altri-prodotti due-per-row\u00a0\u00bb][vc_column width=\u00a0\u00bb1\/2&Prime;][vc_single_image image=\u00a0\u00bb556&Prime; img_size=\u00a0\u00bbfull\u00a0\u00bb][vc_column_text el_class=\u00a0\u00bbaltro-prodotto-codice\u00a0\u00bb]<\/p>\n<h6>Ligne Thermofusible<\/h6>\n<p>[\/vc_column_text][vc_column_text]Produits directement imprimables sans l&rsquo;utilisation de primers et de releases.[\/vc_column_text][vc_column_text el_class=\u00a0\u00bbarticoli-disponibili\u00a0\u00bb]<\/p>\n<h4>Articles fabriqu\u00e9s en BOPP imprimable en diff\u00e9rentes \u00e9paisseurs :<\/h4>\n<p>[\/vc_column_text][vc_row_inner equal_height=\u00a0\u00bbyes\u00a0\u00bb el_class=\u00a0\u00bbriga-tab-codici\u00a0\u00bb][vc_column_inner el_class=\u00a0\u00bbcod-prodotto\u00a0\u00bb width=\u00a0\u00bb1\/6&Prime; offset=\u00a0\u00bbvc_col-xs-2&Prime;][vc_column_text]<\/p>\n<p>328<\/p>\n<p>[\/vc_column_text][\/vc_column_inner][vc_column_inner width=\u00a0\u00bb5\/6&Prime; offset=\u00a0\u00bbvc_col-xs-10&Prime;][vc_column_text el_class=\u00a0\u00bblink-schede\u00a0\u00bb]<\/p>\n<ul>\n<li><a href=\"\/download\/schede_tecniche\/it\/328.pdf\" target=\"_blank\" rel=\"noopener\">Fiche Technique<\/a><\/li>\n<\/ul>\n<p>[\/vc_column_text][\/vc_column_inner][\/vc_row_inner][vc_row_inner equal_height=\u00a0\u00bbyes\u00a0\u00bb el_class=\u00a0\u00bbriga-tab-codici\u00a0\u00bb][vc_column_inner el_class=\u00a0\u00bbcod-prodotto\u00a0\u00bb width=\u00a0\u00bb1\/6&Prime; offset=\u00a0\u00bbvc_col-xs-2&Prime;][vc_column_text]332[\/vc_column_text][\/vc_column_inner][vc_column_inner width=\u00a0\u00bb5\/6&Prime; offset=\u00a0\u00bbvc_col-xs-10&Prime;][vc_column_text el_class=\u00a0\u00bblink-schede\u00a0\u00bb]<\/p>\n<ul>\n<li><a href=\"\/download\/schede_tecniche\/it\/332.pdf\" target=\"_blank\" rel=\"noopener\">Fiche Technique<\/a><\/li>\n<\/ul>\n<p>[\/vc_column_text][\/vc_column_inner][\/vc_row_inner][vc_row_inner equal_height=\u00a0\u00bbyes\u00a0\u00bb el_class=\u00a0\u00bbriga-tab-codici\u00a0\u00bb][vc_column_inner el_class=\u00a0\u00bbcod-prodotto\u00a0\u00bb width=\u00a0\u00bb1\/6&Prime; offset=\u00a0\u00bbvc_col-xs-2&Prime;][vc_column_text]512[\/vc_column_text][\/vc_column_inner][vc_column_inner width=\u00a0\u00bb5\/6&Prime; offset=\u00a0\u00bbvc_col-xs-10&Prime;][vc_column_text el_class=\u00a0\u00bblink-schede\u00a0\u00bb]<\/p>\n<ul>\n<li><a href=\"\/download\/schede_tecniche\/it\/512.pdf\" target=\"_blank\" rel=\"noopener\">Fiche Technique<\/a><\/li>\n<\/ul>\n<p>[\/vc_column_text][\/vc_column_inner][\/vc_row_inner][\/vc_column][vc_column width=\u00a0\u00bb1\/2&Prime;][vc_single_image image=\u00a0\u00bb558&Prime; img_size=\u00a0\u00bbfull\u00a0\u00bb][vc_column_text el_class=\u00a0\u00bbaltro-prodotto-codice\u00a0\u00bb]<\/p>\n<h6>Ligne Acrylique<\/h6>\n<p>[\/vc_column_text][vc_column_text]Film polypropyl\u00e8ne sans solvant, avec des supports de diff\u00e9rentes \u00e9paisseurs et diff\u00e9rents poids d\u2019adh\u00e9sif.[\/vc_column_text][vc_column_text el_class=\u00a0\u00bbarticoli-disponibili\u00a0\u00bb]<\/p>\n<h4>Articles fabriqu\u00e9s en BOPP imprimable en diff\u00e9rentes \u00e9paisseurs :<\/h4>\n<p>[\/vc_column_text][vc_row_inner equal_height=\u00a0\u00bbyes\u00a0\u00bb el_class=\u00a0\u00bbriga-tab-codici\u00a0\u00bb][vc_column_inner el_class=\u00a0\u00bbcod-prodotto\u00a0\u00bb width=\u00a0\u00bb1\/6&Prime; offset=\u00a0\u00bbvc_col-xs-2&Prime;][vc_column_text]225[\/vc_column_text][\/vc_column_inner][vc_column_inner width=\u00a0\u00bb5\/6&Prime; offset=\u00a0\u00bbvc_col-xs-10&Prime;][vc_column_text el_class=\u00a0\u00bblink-schede\u00a0\u00bb]<\/p>\n<ul>\n<li><a href=\"\/download\/schede_tecniche\/it\/225.pdf\" target=\"_blank\" rel=\"noopener\">Fiche Technique<\/a><\/li>\n<\/ul>\n<p>[\/vc_column_text][\/vc_column_inner][\/vc_row_inner][vc_row_inner equal_height=\u00a0\u00bbyes\u00a0\u00bb el_class=\u00a0\u00bbriga-tab-codici\u00a0\u00bb][vc_column_inner el_class=\u00a0\u00bbcod-prodotto\u00a0\u00bb width=\u00a0\u00bb1\/6&Prime; offset=\u00a0\u00bbvc_col-xs-2&Prime;][vc_column_text]227[\/vc_column_text][\/vc_column_inner][vc_column_inner width=\u00a0\u00bb5\/6&Prime; offset=\u00a0\u00bbvc_col-xs-10&Prime;][vc_column_text el_class=\u00a0\u00bblink-schede\u00a0\u00bb]<\/p>\n<ul>\n<li><a href=\"\/download\/schede_tecniche\/it\/227.pdf\" target=\"_blank\" rel=\"noopener\">Fiche Technique<\/a><\/li>\n<\/ul>\n<p>[\/vc_column_text][\/vc_column_inner][\/vc_row_inner][vc_row_inner equal_height=\u00a0\u00bbyes\u00a0\u00bb el_class=\u00a0\u00bbriga-tab-codici\u00a0\u00bb][vc_column_inner el_class=\u00a0\u00bbcod-prodotto\u00a0\u00bb width=\u00a0\u00bb1\/6&Prime; offset=\u00a0\u00bbvc_col-xs-2&Prime;][vc_column_text]230[\/vc_column_text][\/vc_column_inner][vc_column_inner width=\u00a0\u00bb5\/6&Prime; offset=\u00a0\u00bbvc_col-xs-10&Prime;][vc_column_text el_class=\u00a0\u00bblink-schede\u00a0\u00bb]<\/p>\n<ul>\n<li><a href=\"\/download\/schede_tecniche\/it\/230.pdf\" target=\"_blank\" rel=\"noopener\">Fiche Technique<\/a><\/li>\n<\/ul>\n<p>[\/vc_column_text][\/vc_column_inner][\/vc_row_inner][vc_row_inner equal_height=\u00a0\u00bbyes\u00a0\u00bb el_class=\u00a0\u00bbriga-tab-codici\u00a0\u00bb][vc_column_inner el_class=\u00a0\u00bbcod-prodotto\u00a0\u00bb width=\u00a0\u00bb1\/6&Prime; offset=\u00a0\u00bbvc_col-xs-2&Prime;][vc_column_text]230C[\/vc_column_text][\/vc_column_inner][vc_column_inner width=\u00a0\u00bb5\/6&Prime; offset=\u00a0\u00bbvc_col-xs-10&Prime;][vc_column_text el_class=\u00a0\u00bblink-schede\u00a0\u00bb]<\/p>\n<ul>\n<li><a href=\"\/download\/schede_tecniche\/it\/230.pdf\" target=\"_blank\" rel=\"noopener\">Fiche Technique<\/a><\/li>\n<\/ul>\n<p>[\/vc_column_text][\/vc_column_inner][\/vc_row_inner][vc_row_inner equal_height=\u00a0\u00bbyes\u00a0\u00bb el_class=\u00a0\u00bbriga-tab-codici\u00a0\u00bb][vc_column_inner el_class=\u00a0\u00bbcod-prodotto\u00a0\u00bb width=\u00a0\u00bb1\/6&Prime; offset=\u00a0\u00bbvc_col-xs-2&Prime;][vc_column_text]232[\/vc_column_text][\/vc_column_inner][vc_column_inner width=\u00a0\u00bb5\/6&Prime; offset=\u00a0\u00bbvc_col-xs-10&Prime;][vc_column_text el_class=\u00a0\u00bblink-schede\u00a0\u00bb]<\/p>\n<ul>\n<li><a href=\"\/download\/schede_tecniche\/it\/232.pdf\" target=\"_blank\" rel=\"noopener\">Fiche Technique<\/a><\/li>\n<\/ul>\n<p>[\/vc_column_text][\/vc_column_inner][\/vc_row_inner][vc_row_inner equal_height=\u00a0\u00bbyes\u00a0\u00bb el_class=\u00a0\u00bbriga-tab-codici\u00a0\u00bb][vc_column_inner el_class=\u00a0\u00bbcod-prodotto\u00a0\u00bb width=\u00a0\u00bb1\/6&Prime; offset=\u00a0\u00bbvc_col-xs-2&Prime;][vc_column_text]232C[\/vc_column_text][\/vc_column_inner][vc_column_inner width=\u00a0\u00bb5\/6&Prime; offset=\u00a0\u00bbvc_col-xs-10&Prime;][vc_column_text el_class=\u00a0\u00bblink-schede\u00a0\u00bb]<\/p>\n<ul>\n<li><a href=\"\/download\/schede_tecniche\/it\/232.pdf\" target=\"_blank\" rel=\"noopener\">Fiche Technique<\/a><\/li>\n<\/ul>\n<p>[\/vc_column_text][\/vc_column_inner][\/vc_row_inner][vc_row_inner equal_height=\u00a0\u00bbyes\u00a0\u00bb el_class=\u00a0\u00bbriga-tab-codici\u00a0\u00bb][vc_column_inner el_class=\u00a0\u00bbcod-prodotto\u00a0\u00bb width=\u00a0\u00bb1\/6&Prime; offset=\u00a0\u00bbvc_col-xs-2&Prime;][vc_column_text]232HT[\/vc_column_text][\/vc_column_inner][vc_column_inner width=\u00a0\u00bb5\/6&Prime; offset=\u00a0\u00bbvc_col-xs-10&Prime;][vc_column_text el_class=\u00a0\u00bblink-schede\u00a0\u00bb]<\/p>\n<ul>\n<li><a href=\"\/download\/schede_tecniche\/it\/232HT.pdf\" target=\"_blank\" rel=\"noopener\">Fiche Technique<\/a><\/li>\n<\/ul>\n<p>[\/vc_column_text][\/vc_column_inner][\/vc_row_inner][vc_row_inner equal_height=\u00a0\u00bbyes\u00a0\u00bb el_class=\u00a0\u00bbriga-tab-codici\u00a0\u00bb][vc_column_inner el_class=\u00a0\u00bbcod-prodotto\u00a0\u00bb width=\u00a0\u00bb1\/6&Prime; offset=\u00a0\u00bbvc_col-xs-2&Prime;][vc_column_text]235[\/vc_column_text][\/vc_column_inner][vc_column_inner width=\u00a0\u00bb5\/6&Prime; offset=\u00a0\u00bbvc_col-xs-10&Prime;][vc_column_text el_class=\u00a0\u00bblink-schede\u00a0\u00bb]<\/p>\n<ul>\n<li><a href=\"\/download\/schede_tecniche\/it\/235.pdf\" target=\"_blank\" rel=\"noopener\">Fiche Technique<\/a><\/li>\n<\/ul>\n<p>[\/vc_column_text][\/vc_column_inner][\/vc_row_inner][vc_row_inner equal_height=\u00a0\u00bbyes\u00a0\u00bb el_class=\u00a0\u00bbriga-tab-codici\u00a0\u00bb][vc_column_inner el_class=\u00a0\u00bbcod-prodotto\u00a0\u00bb width=\u00a0\u00bb1\/6&Prime; offset=\u00a0\u00bbvc_col-xs-2&Prime;][vc_column_text]248[\/vc_column_text][\/vc_column_inner][vc_column_inner width=\u00a0\u00bb5\/6&Prime; offset=\u00a0\u00bbvc_col-xs-10&Prime;][vc_column_text el_class=\u00a0\u00bblink-schede\u00a0\u00bb]<\/p>\n<ul>\n<li><a href=\"\/download\/schede_tecniche\/it\/248.pdf\" target=\"_blank\" rel=\"noopener\">Fiche Technique<\/a><\/li>\n<\/ul>\n<p>[\/vc_column_text][\/vc_column_inner][\/vc_row_inner][vc_row_inner equal_height=\u00a0\u00bbyes\u00a0\u00bb el_class=\u00a0\u00bbriga-tab-codici\u00a0\u00bb][vc_column_inner el_class=\u00a0\u00bbcod-prodotto\u00a0\u00bb width=\u00a0\u00bb1\/6&Prime; offset=\u00a0\u00bbvc_col-xs-2&Prime;][vc_column_text]250[\/vc_column_text][\/vc_column_inner][vc_column_inner width=\u00a0\u00bb5\/6&Prime; offset=\u00a0\u00bbvc_col-xs-10&Prime;][vc_column_text el_class=\u00a0\u00bblink-schede\u00a0\u00bb]<\/p>\n<ul>\n<li><a href=\"\/download\/schede_tecniche\/it\/250.pdf\" target=\"_blank\" rel=\"noopener\">Fiche Technique<\/a><\/li>\n<\/ul>\n<p>[\/vc_column_text][\/vc_column_inner][\/vc_row_inner][\/vc_column][\/vc_row][vc_row disable_element=\u00a0\u00bbyes\u00a0\u00bb][vc_column el_class=\u00a0\u00bbtext-center riga-btn-scheda\u00a0\u00bb]<div class=\" ubtn-ctn-left btn btn-sfumato-verde\"><a class=\"ubtn-link ult-adjust-bottom-margin ubtn-left ubtn-normal btn btn-sfumato-verde\" href=\"#\"><button type=\"button\" id=\"ubtn-8338\" class=\"ubtn ult-adjust-bottom-margin ult-responsive ubtn-normal ubtn-no-hover-bg  none  ubtn-left   tooltip-69e02b5d4e8c6\"  data-hover=\"\" data-border-color=\"\" data-bg=\"#e0e0e0\" data-hover-bg=\"\" data-border-hover=\"\" data-shadow-hover=\"\" data-shadow-click=\"none\" data-shadow=\"\" data-shd-shadow=\"\"  data-ultimate-target='#ubtn-8338'  data-responsive-json-new='{\"font-size\":\"\",\"line-height\":\"\"}'  style=\"font-weight:normal;border:none;background: #e0e0e0;color: #000000;\"><span class=\"ubtn-hover\" style=\"background-color:\"><\/span><span class=\"ubtn-data ubtn-text \" >VAI ALLE SCHEDE TECNICHE MATERIALE DA STAMPA<\/span><\/button><\/a><\/div>[\/vc_column][\/vc_row]<\/p>\n","protected":false},"excerpt":{"rendered":"<p>La gamme de produits d\u2019impression FABO propose des rubans hautes performances fabriqu\u00e9s avec des technologies d\u2019adh\u00e9sif thermofusible et Acrylique, permettant d\u2019obtenir les meilleurs r\u00e9sultats d\u2019impression.<\/p>\n","protected":false},"author":3,"featured_media":558,"parent":1478,"menu_order":22,"comment_status":"closed","ping_status":"closed","template":"","meta":{"_acf_changed":false,"footnotes":""},"tags":[],"class_list":["post-1481","page","type-page","status-publish","has-post-thumbnail","hentry"],"acf":[],"_links":{"self":[{"href":"https:\/\/fabotape.com\/fr\/wp-json\/wp\/v2\/pages\/1481","targetHints":{"allow":["GET"]}}],"collection":[{"href":"https:\/\/fabotape.com\/fr\/wp-json\/wp\/v2\/pages"}],"about":[{"href":"https:\/\/fabotape.com\/fr\/wp-json\/wp\/v2\/types\/page"}],"author":[{"embeddable":true,"href":"https:\/\/fabotape.com\/fr\/wp-json\/wp\/v2\/users\/3"}],"replies":[{"embeddable":true,"href":"https:\/\/fabotape.com\/fr\/wp-json\/wp\/v2\/comments?post=1481"}],"version-history":[{"count":7,"href":"https:\/\/fabotape.com\/fr\/wp-json\/wp\/v2\/pages\/1481\/revisions"}],"predecessor-version":[{"id":3573,"href":"https:\/\/fabotape.com\/fr\/wp-json\/wp\/v2\/pages\/1481\/revisions\/3573"}],"up":[{"embeddable":true,"href":"https:\/\/fabotape.com\/fr\/wp-json\/wp\/v2\/pages\/1478"}],"wp:featuredmedia":[{"embeddable":true,"href":"https:\/\/fabotape.com\/fr\/wp-json\/wp\/v2\/media\/558"}],"wp:attachment":[{"href":"https:\/\/fabotape.com\/fr\/wp-json\/wp\/v2\/media?parent=1481"}],"wp:term":[{"taxonomy":"post_tag","embeddable":true,"href":"https:\/\/fabotape.com\/fr\/wp-json\/wp\/v2\/tags?post=1481"}],"curies":[{"name":"wp","href":"https:\/\/api.w.org\/{rel}","templated":true}]}}