{"id":14026,"date":"2025-08-26T18:42:33","date_gmt":"2025-08-26T16:42:33","guid":{"rendered":"https:\/\/fabotape.com\/productos\/"},"modified":"2025-11-21T15:16:28","modified_gmt":"2025-11-21T14:16:28","slug":"productos","status":"publish","type":"page","link":"https:\/\/fabotape.com\/es\/productos\/","title":{"rendered":"Productos"},"content":{"rendered":"<p>[vc_row el_class=\u00bbriga-testo-due-colonne\u00bb][vc_column width=\u00bb1\/2&#8243; offset=\u00bbvc_col-lg-offset-1 vc_col-lg-5 vc_col-md-offset-1 vc_col-md-5&#8243;][vc_column_text]<\/p>\n<h3>Una amplia gama de <strong>productos adhesivos<\/strong> fiables, eficaces y de alto rendimiento<\/h3>\n<p>[\/vc_column_text][\/vc_column][vc_column width=\u00bb1\/2&#8243; offset=\u00bbvc_col-lg-5 vc_col-md-5&#8243;][vc_column_text el_class=\u00bbjustified\u00bb]<strong>Fabo es un fabricante de cinta adhesiva desde 1971<\/strong>.<br \/>\nSu gama est\u00e1 dise\u00f1ada para ofrecer soluciones avanzadas en diferentes \u00e1mbitos de uso, con un cat\u00e1logo que incluye: <strong>cinta adhesiva con adhesivo acr\u00edlico al agua y adhesivo hot melt<\/strong>, soluciones sostenibles como el <strong>papel engomado<\/strong>, cinta de <strong>enmascarar<\/strong>, as\u00ed como cinta especial como cinta <strong>reforzada<\/strong>, para <strong>paletizaci\u00f3n<\/strong>, <strong>reparaci\u00f3n <\/strong>y <strong>protecci\u00f3n<\/strong>, cinta <strong>inviolable <\/strong>y <strong>cinta adhesiva de doble cara<\/strong>.[\/vc_column_text][\/vc_column][\/vc_row][vc_row full_width=\u00bbstretch_row\u00bb bg_type=\u00bbimage\u00bb parallax_style=\u00bbvcpb-default\u00bb bg_image_new=\u00bbid^15280|url^https:\/\/fabotape.com\/wp-content\/uploads\/2025\/11\/griglia-prodotti-background-2.png|caption^null|alt^null|title^griglia-prodotti-background-2|description^null\u00bb bg_image_repeat=\u00bbno-repeat\u00bb el_class=\u00bbgriglia-prodotti\u00bb][vc_column][vc_raw_html el_class=\u00bbjustified\u00bb]W21haW5jYXRd[\/vc_raw_html][\/vc_column][\/vc_row][vc_row disable_element=\u00bbyes\u00bb][vc_column][\/vc_column][\/vc_row]<\/p>\n","protected":false},"excerpt":{"rendered":"<p>[vc_row el_class=\u00bbriga-testo-due-colonne\u00bb][vc_column width=\u00bb1\/2&#8243; offset=\u00bbvc_col-lg-offset-1 vc_col-lg-5 vc_col-md-offset-1 vc_col-md-5&#8243;][vc_column_text] Una amplia gama de productos adhesivos fiables, eficaces y de alto rendimiento [\/vc_column_text][\/vc_column][vc_column width=\u00bb1\/2&#8243; offset=\u00bbvc_col-lg-5 vc_col-md-5&#8243;][vc_column_text el_class=\u00bbjustified\u00bb]Fabo es un fabricante de cinta adhesiva&#8230;<\/p>\n","protected":false},"author":7,"featured_media":14027,"parent":0,"menu_order":0,"comment_status":"closed","ping_status":"closed","template":"","meta":{"_acf_changed":false,"footnotes":""},"tags":[],"class_list":["post-14026","page","type-page","status-publish","has-post-thumbnail","hentry"],"acf":[],"_links":{"self":[{"href":"https:\/\/fabotape.com\/es\/wp-json\/wp\/v2\/pages\/14026","targetHints":{"allow":["GET"]}}],"collection":[{"href":"https:\/\/fabotape.com\/es\/wp-json\/wp\/v2\/pages"}],"about":[{"href":"https:\/\/fabotape.com\/es\/wp-json\/wp\/v2\/types\/page"}],"author":[{"embeddable":true,"href":"https:\/\/fabotape.com\/es\/wp-json\/wp\/v2\/users\/7"}],"replies":[{"embeddable":true,"href":"https:\/\/fabotape.com\/es\/wp-json\/wp\/v2\/comments?post=14026"}],"version-history":[{"count":8,"href":"https:\/\/fabotape.com\/es\/wp-json\/wp\/v2\/pages\/14026\/revisions"}],"predecessor-version":[{"id":15289,"href":"https:\/\/fabotape.com\/es\/wp-json\/wp\/v2\/pages\/14026\/revisions\/15289"}],"wp:featuredmedia":[{"embeddable":true,"href":"https:\/\/fabotape.com\/es\/wp-json\/wp\/v2\/media\/14027"}],"wp:attachment":[{"href":"https:\/\/fabotape.com\/es\/wp-json\/wp\/v2\/media?parent=14026"}],"wp:term":[{"taxonomy":"post_tag","embeddable":true,"href":"https:\/\/fabotape.com\/es\/wp-json\/wp\/v2\/tags?post=14026"}],"curies":[{"name":"wp","href":"https:\/\/api.w.org\/{rel}","templated":true}]}}