{"id":14018,"date":"2025-08-26T18:29:26","date_gmt":"2025-08-26T16:29:26","guid":{"rendered":"https:\/\/fabotape.com\/sostenibilidad\/"},"modified":"2025-11-18T10:43:05","modified_gmt":"2025-11-18T09:43:05","slug":"sostenibilidad","status":"publish","type":"page","link":"https:\/\/fabotape.com\/es\/sostenibilidad\/","title":{"rendered":"Sostenibilidad"},"content":{"rendered":"<p>[vc_row el_class=\u00bbriga-storia\u00bb el_id=\u00bbimpegno\u00bb][vc_column offset=\u00bbvc_col-lg-offset-1 vc_col-lg-10 vc_col-md-offset-1 vc_col-md-10&#8243;][vc_column_text css_animation=\u00bbfadeIn\u00bb el_class=\u00bbjustified\u00bb]<\/p>\n<h2 style=\"text-align: center;\">Nuestro compromiso con el medio ambiente<\/h2>\n<p>La sostenibilidad empresarial se ha convertido en un tema central para las empresas modernas, ya que representa un enfoque estrat\u00e9gico que integra aspectos econ\u00f3micos, sociales y medioambientales en la toma de decisiones.<\/p>\n<p style=\"text-align: left;\">Nacimos hace m\u00e1s de 50 a\u00f1os con un producto sostenible: la cinta de papel engomado. Desde entonces, nos hemos comprometido a seguir un camino en el que la <strong>sostenibilidad <\/strong>es uno de nuestros <strong>valores fundamentales<\/strong>. Descubramos juntos qu\u00e9 hacemos para cuidar el medio ambiente. <\/p>\n<p>[\/vc_column_text][\/vc_column][\/vc_row][vc_row el_class=\u00bbriga-storia\u00bb el_id=\u00bbmateriali\u00bb][vc_column offset=\u00bbvc_col-lg-offset-1 vc_col-lg-10 vc_col-md-offset-1 vc_col-md-10&#8243;][vc_column_text css_animation=\u00bbfadeIn\u00bb]<\/p>\n<h3 style=\"text-align: center;\">C\u00f3mo intentamos ser sostenibles?<\/h3>\n<p>[\/vc_column_text][\/vc_column][\/vc_row][vc_row full_width=\u00bbstretch_row\u00bb content_placement=\u00bbmiddle\u00bb css_animation=\u00bbfadeInRight\u00bb el_class=\u00bbriga-testo-due-colonne sostenibilita-bg-bianco\u00bb][vc_column width=\u00bb1\/2&#8243; offset=\u00bbvc_col-lg-offset-1 vc_col-lg-5 vc_col-md-offset-1 vc_col-md-5&#8243;][vc_single_image image=\u00bb10610&#8243; img_size=\u00bbfull\u00bb css_animation=\u00bbfadeIn\u00bb][\/vc_column][vc_column width=\u00bb1\/2&#8243; offset=\u00bbvc_col-lg-5 vc_col-md-5&#8243;][vc_column_text css_animation=\u00bbfadeIn\u00bb el_class=\u00bbjustified\u00bb]<\/p>\n<h3>Elecciones sostenibles de producto<\/h3>\n<p>La sensibilidad de FABO hacia el medio ambiente se refleja en decisiones clave en el <strong>desarrollo de productos.<\/strong><\/p>\n<p>La <strong><em>l\u00ednea ECOTOP<\/em><\/strong> incluye la <strong>cinta de papel engomado<\/strong> en todas sus variantes: lisa y reforzada.<\/p>\n<p>La cinta de papel engomado, tambi\u00e9n conocida como Water Activated Tape, es completamente reciclable porque est\u00e1 compuesta por materiales naturales: papel (celulosa) y adhesivo vegetal (almid\u00f3n de ma\u00edz o de patata).<\/p>\n<p>La <strong><em>l\u00ednea ECOPLUS<\/em><\/strong> incluye:<\/p>\n<ul>\n<li>Cinta adhesiva de embalaje hot melt y acr\u00edlica con soporte de <strong>PET reciclado al 90%<\/strong> (390PCR y 290PCR)<\/li>\n<li><strong>Cinta de embalaje de papel liso<\/strong> (435HM) y <strong>reforzada <\/strong>con fibra de vidrio (455HM), certificadas FSC<\/li>\n<li><strong>Cinta acr\u00edlica<\/strong> con adhesivo a base de agua, 100 % sin solventes, <strong>certificada INGEDE<\/strong><\/li>\n<li><strong>Cinta Hot Melt<\/strong> <strong>certificada INGEDE<\/strong><\/li>\n<li><strong>Cinta de enmascarar, certificada FSC<\/strong><\/li>\n<\/ul>\n<p>[\/vc_column_text][\/vc_column][\/vc_row][vc_row full_width=\u00bbstretch_row\u00bb content_placement=\u00bbmiddle\u00bb css_animation=\u00bbfadeInLeft\u00bb el_class=\u00bbbg-grigio-destra bg-grigio sostenibilita-bg-grigio\u00bb][vc_column width=\u00bb1\/2&#8243; offset=\u00bbvc_col-lg-offset-1 vc_col-lg-5 vc_col-md-offset-1 vc_col-md-5&#8243;][vc_column_text css_animation=\u00bbfadeIn\u00bb el_class=\u00bbjustified\u00bb]<\/p>\n<h3>Paneles solares y trigenerador<\/h3>\n<p>Desde <strong>2013<\/strong>, el techo de nuestra planta est\u00e1 equipado con un <strong>sistema fotovoltaico<\/strong> de 196 kW de potencia, que reduce la huella de carbono en unas 92 toneladas al a\u00f1o, equivalente al 9,9 % de las emisiones debidas a la energ\u00eda el\u00e9ctrica adquirida. En <strong>2020<\/strong> se instal\u00f3 una <strong>planta de trigeneraci\u00f3n<\/strong> de 1 MW<strong>,<\/strong> que permite la autoproducci\u00f3n combinada de energ\u00eda el\u00e9ctrica, t\u00e9rmica y frigor\u00edfica. Esta instalaci\u00f3n ha supuesto un <strong>ahorro energ\u00e9tico del 25 % respecto a los a\u00f1os anteriores<\/strong>.   <\/p>\n<p>Gracias al sistema fotovoltaico y al trigenerador, <strong>Fabo produce internamente alrededor del 90 % de la energ\u00eda que consume<\/strong>. Un paso importante en t\u00e9rminos de eficiencia industrial.[\/vc_column_text][\/vc_column][vc_column width=\u00bb1\/2&#8243; offset=\u00bbvc_col-lg-5 vc_col-md-5&#8243;][vc_single_image image=\u00bb2987&#8243; img_size=\u00bbfull\u00bb css_animation=\u00bbfadeIn\u00bb][\/vc_column][\/vc_row][vc_row full_width=\u00bbstretch_row\u00bb content_placement=\u00bbmiddle\u00bb css_animation=\u00bbfadeInRight\u00bb el_class=\u00bbriga-testo-due-colonne sostenibilita-bg-bianco\u00bb][vc_column width=\u00bb1\/2&#8243; offset=\u00bbvc_col-lg-offset-1 vc_col-lg-5 vc_col-md-offset-1 vc_col-md-5&#8243;][vc_single_image image=\u00bb11704&#8243; img_size=\u00bbfull\u00bb css_animation=\u00bbfadeIn\u00bb][\/vc_column][vc_column width=\u00bb1\/2&#8243; offset=\u00bbvc_col-lg-5 vc_col-md-5&#8243;][vc_column_text css_animation=\u00bbfadeIn\u00bb el_class=\u00bbjustified\u00bb]<\/p>\n<h3>Reutilizaci\u00f3n de nuestros residuos<\/h3>\n<p>Creemos que los residuos de producci\u00f3n son m\u00e1s una oportunidad que un coste. Por ello, colaboramos con empresas especializadas en la recuperaci\u00f3n y transformaci\u00f3n de nuestros materiales. <\/p>\n<p>C\u00f3mo funciona? Nuestros residuos se utilizan para fabricar <strong>compuestos regenerados, certificados<\/strong> con la <strong>certificaci\u00f3n PSV<\/strong> (<em>Pl\u00e1stica de Segunda Vida<\/em>). Recibimos los c\u00f3digos de los materiales en los que se reutilizan nuestros residuos. Cada lote va acompa\u00f1ado de un <strong>dossier REACH<\/strong> que documenta el origen, el proceso de transformaci\u00f3n y las caracter\u00edsticas del producto final. As\u00ed, damos vida a productos como cajas para verduras o palets de pl\u00e1stico reciclado.[\/vc_column_text][\/vc_column][\/vc_row][vc_row full_width=\u00bbstretch_row\u00bb content_placement=\u00bbmiddle\u00bb css_animation=\u00bbfadeInLeft\u00bb el_class=\u00bbbg-grigio-destra bg-grigio sostenibilita-bg-grigio\u00bb][vc_column width=\u00bb1\/2&#8243; offset=\u00bbvc_col-lg-offset-1 vc_col-lg-5 vc_col-md-offset-1 vc_col-md-5&#8243;][vc_column_text css_animation=\u00bbfadeIn\u00bb el_class=\u00bbjustified\u00bb]<\/p>\n<h3>Coches el\u00e9ctricos<\/h3>\n<p>En 2021, los coches de empresa se sustituyeron por <strong>veh\u00edculos de tecnolog\u00eda h\u00edbrida<\/strong> y el aparcamiento de la empresa se equip\u00f3 con estaciones de carga espec\u00edficas. Para nosotros, esto represent\u00f3 un paso m\u00e1s en nuestros esfuerzos por reducir las emisiones de CO2 en el transporte.[\/vc_column_text][\/vc_column][vc_column width=\u00bb1\/2&#8243; offset=\u00bbvc_col-lg-5 vc_col-md-5&#8243;][vc_single_image image=\u00bb11052&#8243; img_size=\u00bbfull\u00bb css_animation=\u00bbfadeIn\u00bb][\/vc_column][\/vc_row][vc_row full_width=\u00bbstretch_row\u00bb content_placement=\u00bbmiddle\u00bb css_animation=\u00bbfadeInRight\u00bb el_class=\u00bbriga-testo-due-colonne sostenibilita-bg-bianco\u00bb][vc_column width=\u00bb1\/2&#8243; offset=\u00bbvc_col-lg-offset-1 vc_col-lg-5 vc_col-md-offset-1 vc_col-md-5&#8243;][vc_single_image image=\u00bb11694&#8243; img_size=\u00bbfull\u00bb css_animation=\u00bbfadeIn\u00bb][\/vc_column][vc_column width=\u00bb1\/2&#8243; offset=\u00bbvc_col-lg-5 vc_col-md-5&#8243;][vc_column_text css_animation=\u00bbfadeIn\u00bb el_class=\u00bbjustified\u00bb]<\/p>\n<h3>Sistema de recuperaci\u00f3n de solventes<\/h3>\n<p>En <strong>2015 <\/strong>se introdujo un sistema de <strong>recuperaci\u00f3n de solventes<\/strong> que permite recuperar el 94 % de los hidrocarburos utilizados. Recuperamos el <strong>tolueno <\/strong>usado en la aplicaci\u00f3n Hot-Melt y las <strong>tintas <\/strong>utilizadas en nuestra cinta impresa. Finalmente, los vapores generados durante la preimpresi\u00f3n son tratados mediante un sistema de depuraci\u00f3n.[\/vc_column_text][\/vc_column][\/vc_row][vc_row css_animation=\u00bbfadeInLeft\u00bb disable_element=\u00bbyes\u00bb el_class=\u00bbriga-testo-due-colonne swap-on-mobile\u00bb][vc_column width=\u00bb1\/2&#8243; offset=\u00bbvc_col-lg-offset-1 vc_col-lg-5 vc_col-md-offset-1 vc_col-md-5&#8243;][vc_column_text css_animation=\u00bbfadeIn\u00bb]<\/p>\n<h3 style=\"text-align: center;\">Proyecto 1<\/h3>\n<p>[\/vc_column_text][vc_single_image image=\u00bb8733&#8243; img_size=\u00bbfull\u00bb css_animation=\u00bbfadeIn\u00bb][vc_column_text css_animation=\u00bbfadeIn\u00bb el_class=\u00bbjustified\u00bb]Sed ac metus a elit scelerisque congue et sed turpis. Nullam scelerisque urna scelerisque, vehicula lacus vitae, aliquet mauris. Fusce non maximus quam. Fusce sit amet urna non ex volutpat accumsan ut a velit. Sed in pulvinar lorem, sit amet iaculis arcu. Sed id libero non arcu accumsan laoreet. Fusce id hendrerit ipsum, sed gravida ex. Ut pellentesque ipsum odio, sit amet placerat dolor ultrices in. Orci varius natoque penatibus et magnis dis parturient montes, nascetur ridiculus mus.[\/vc_column_text][\/vc_column][vc_column width=\u00bb1\/2&#8243; offset=\u00bbvc_col-lg-5 vc_col-md-5&#8243;][vc_column_text css_animation=\u00bbfadeIn\u00bb]<\/p>\n<h3 style=\"text-align: center;\">Proyecto 2<\/h3>\n<p>[\/vc_column_text][vc_single_image image=\u00bb8733&#8243; img_size=\u00bbfull\u00bb css_animation=\u00bbfadeIn\u00bb][vc_column_text css_animation=\u00bbfadeIn\u00bb el_class=\u00bbjustified\u00bb]Sed ac metus a elit scelerisque congue et sed turpis. Nullam scelerisque urna scelerisque, vehicula lacus vitae, aliquet mauris. Fusce non maximus quam. Fusce sit amet urna non ex volutpat accumsan ut a velit. Sed in pulvinar lorem, sit amet iaculis arcu. Sed id libero non arcu accumsan laoreet. Fusce id hendrerit ipsum, sed gravida ex. Ut pellentesque ipsum odio, sit amet placerat dolor ultrices in. Orci varius natoque penatibus et magnis dis parturient montes, nascetur ridiculus mus.[\/vc_column_text][\/vc_column][\/vc_row][vc_row disable_element=\u00bbyes\u00bb el_class=\u00bbriga-storia\u00bb][vc_column width=\u00bb1\/6&#8243;][\/vc_column][vc_column width=\u00bb2\/3&#8243;][vc_video link=\u00bbhttps:\/\/youtu.be\/MJNdiBO5ExE\u00bb][\/vc_column][vc_column width=\u00bb1\/6&#8243;][\/vc_column][\/vc_row]<\/p>\n","protected":false},"excerpt":{"rendered":"<p>[vc_row el_class=\u00bbriga-storia\u00bb el_id=\u00bbimpegno\u00bb][vc_column offset=\u00bbvc_col-lg-offset-1 vc_col-lg-10 vc_col-md-offset-1 vc_col-md-10&#8243;][vc_column_text css_animation=\u00bbfadeIn\u00bb el_class=\u00bbjustified\u00bb] Nuestro compromiso con el medio ambiente La sostenibilidad empresarial se ha convertido en un tema central para las empresas modernas, ya&#8230;<\/p>\n","protected":false},"author":7,"featured_media":14019,"parent":0,"menu_order":0,"comment_status":"closed","ping_status":"closed","template":"","meta":{"_acf_changed":false,"footnotes":""},"tags":[230],"class_list":["post-14018","page","type-page","status-publish","has-post-thumbnail","hentry","tag-restyling-es"],"acf":[],"_links":{"self":[{"href":"https:\/\/fabotape.com\/es\/wp-json\/wp\/v2\/pages\/14018","targetHints":{"allow":["GET"]}}],"collection":[{"href":"https:\/\/fabotape.com\/es\/wp-json\/wp\/v2\/pages"}],"about":[{"href":"https:\/\/fabotape.com\/es\/wp-json\/wp\/v2\/types\/page"}],"author":[{"embeddable":true,"href":"https:\/\/fabotape.com\/es\/wp-json\/wp\/v2\/users\/7"}],"replies":[{"embeddable":true,"href":"https:\/\/fabotape.com\/es\/wp-json\/wp\/v2\/comments?post=14018"}],"version-history":[{"count":9,"href":"https:\/\/fabotape.com\/es\/wp-json\/wp\/v2\/pages\/14018\/revisions"}],"predecessor-version":[{"id":15335,"href":"https:\/\/fabotape.com\/es\/wp-json\/wp\/v2\/pages\/14018\/revisions\/15335"}],"wp:featuredmedia":[{"embeddable":true,"href":"https:\/\/fabotape.com\/es\/wp-json\/wp\/v2\/media\/14019"}],"wp:attachment":[{"href":"https:\/\/fabotape.com\/es\/wp-json\/wp\/v2\/media?parent=14018"}],"wp:term":[{"taxonomy":"post_tag","embeddable":true,"href":"https:\/\/fabotape.com\/es\/wp-json\/wp\/v2\/tags?post=14018"}],"curies":[{"name":"wp","href":"https:\/\/api.w.org\/{rel}","templated":true}]}}