{"id":14008,"date":"2025-08-26T17:30:52","date_gmt":"2025-08-26T15:30:52","guid":{"rendered":"https:\/\/fabotape.com\/formacion-y-tutoriales\/"},"modified":"2025-08-26T17:30:53","modified_gmt":"2025-08-26T15:30:53","slug":"formacion-y-tutoriales","status":"publish","type":"page","link":"https:\/\/fabotape.com\/es\/formacion-y-tutoriales\/","title":{"rendered":"Formaci\u00f3n y tutoriales"},"content":{"rendered":"<p>[vc_row el_class=\u00bbriga-testo-due-colonne\u00bb][vc_column width=\u00bb1\/2&#8243; offset=\u00bbvc_col-lg-offset-1 vc_col-lg-5 vc_col-md-offset-1 vc_col-md-5&#8243;][vc_column_text]<\/p>\n<h3>Formaci\u00f3n y tutoriales<\/h3>\n<p>[\/vc_column_text][\/vc_column][vc_column width=\u00bb1\/2&#8243; offset=\u00bbvc_col-lg-5 vc_col-md-5&#8243;][vc_column_text]Gracias a su experiencia de m\u00e1s de 50 a\u00f1os en el mercado como empresa fabricante, Fabo es capaz de ofrecer a sus clientes servicios de asesor\u00eda destinados a apoyarlos en varias fases: desde la elecci\u00f3n del material de soporte y del adhesivo, hasta la impresi\u00f3n y el corte del producto.<\/p>\n<p>La formaci\u00f3n en este mercado es importante para entender que una cinta adhesiva no es simplemente un producto para cerrar embalajes, sino que puede ser un producto vers\u00e1til, con caracter\u00edsticas diferentes seg\u00fan su uso. <strong>La elecci\u00f3n adecuada de la cinta adhesiva en funci\u00f3n de la necesidad puede marcar la diferencia en el rendimiento del producto y en la satisfacci\u00f3n del cliente.<\/strong> Por eso trabajamos para crear videotutoriales que expliquen de forma cada vez m\u00e1s clara el uso de la cinta adhesiva, qu\u00e9 necesidades puede satisfacer y la diferencia entre los distintos tipos de soporte y tecnolog\u00edas existentes.[\/vc_column_text][\/vc_column][vc_column][vc_separator][\/vc_column][\/vc_row][vc_row el_class=\u00bbriga-testo-due-colonne\u00bb][vc_column width=\u00bb1\/2&#8243; offset=\u00bbvc_col-lg-offset-1 vc_col-lg-5 vc_col-md-offset-1 vc_col-md-5&#8243;][vc_column_text]<\/p>\n<h3 style=\"text-align: center;\"><strong>\u00bfQu\u00e9 es una cinta adhesiva?<\/strong><\/h3>\n<p>[\/vc_column_text][vc_raw_html]PGRpdiBjbGFzcz0icndkLXZpZGVvIj4KPGlmcmFtZSB3aWR0aD0iNTYwIiBoZWlnaHQ9IjMxNSIgc3JjPSJodHRwczovL3d3dy55b3V0dWJlLW5vY29va2llLmNvbS9lbWJlZC85ZDljNmF6bnAtcz9zaT1CakZYN0FvU0FiNmdMM0xGIiB0aXRsZT0iWW91VHViZSB2aWRlbyBwbGF5ZXIiIGZyYW1lYm9yZGVyPSIwIiBhbGxvdz0iYWNjZWxlcm9tZXRlcjsgYXV0b3BsYXk7IGNsaXBib2FyZC13cml0ZTsgZW5jcnlwdGVkLW1lZGlhOyBneXJvc2NvcGU7IHBpY3R1cmUtaW4tcGljdHVyZTsgd2ViLXNoYXJlIiByZWZlcnJlcnBvbGljeT0ic3RyaWN0LW9yaWdpbi13aGVuLWNyb3NzLW9yaWdpbiIgYWxsb3dmdWxsc2NyZWVuPSIiPjwvaWZyYW1lPgo8L2Rpdj4=[\/vc_raw_html][vc_column_text]<\/p>\n<p style=\"text-align: center;\"><strong>Tutorial<br \/>\n<\/strong>Un v\u00eddeo que explica en detalle los componentes de la cinta adhesiva. Explica c\u00f3mo est\u00e1 hecha y para qu\u00e9 sirve. <\/p>\n<p>[\/vc_column_text][\/vc_column][vc_column width=\u00bb1\/2&#8243; offset=\u00bbvc_col-lg-5 vc_col-md-5&#8243;][vc_column_text]<\/p>\n<h3 style=\"text-align: center;\"><strong>Adhesivos sensibles a la presi\u00f3n<\/strong><\/h3>\n<p>[\/vc_column_text][vc_raw_html]PGRpdiBjbGFzcz0icndkLXZpZGVvIj4KPGlmcmFtZSB3aWR0aD0iNTYwIiBoZWlnaHQ9IjMxNSIgc3JjPSJodHRwczovL3d3dy55b3V0dWJlLW5vY29va2llLmNvbS9lbWJlZC9GX0pZd0JqT0tJcz9zaT1CakZYN0FvU0FiNmdMM0xGIiB0aXRsZT0iWW91VHViZSB2aWRlbyBwbGF5ZXIiIGZyYW1lYm9yZGVyPSIwIiBhbGxvdz0iYWNjZWxlcm9tZXRlcjsgYXV0b3BsYXk7IGNsaXBib2FyZC13cml0ZTsgZW5jcnlwdGVkLW1lZGlhOyBneXJvc2NvcGU7IHBpY3R1cmUtaW4tcGljdHVyZTsgd2ViLXNoYXJlIiByZWZlcnJlcnBvbGljeT0ic3RyaWN0LW9yaWdpbi13aGVuLWNyb3NzLW9yaWdpbiIgYWxsb3dmdWxsc2NyZWVuPSIiPjwvaWZyYW1lPgo8L2Rpdj4g[\/vc_raw_html][vc_column_text]<\/p>\n<p style=\"text-align: center;\"><strong>Tutorial<br \/>\n<\/strong>Descubre m\u00e1s sobre el mundo de Fabo, entendiendo qu\u00e9 son las cintas sensibles a la presi\u00f3n y cu\u00e1les son sus caracter\u00edsticas.<\/p>\n<p>[\/vc_column_text][\/vc_column][vc_column][vc_separator][\/vc_column][\/vc_row][vc_row el_class=\u00bbriga-testo-due-colonne\u00bb][vc_column width=\u00bb1\/2&#8243; offset=\u00bbvc_col-lg-offset-1 vc_col-lg-5 vc_col-md-offset-1 vc_col-md-5&#8243;][vc_column_text]<\/p>\n<h3 style=\"text-align: center;\"><strong>Propiedades de la cinta adhesiva<\/strong><\/h3>\n<p>[\/vc_column_text][vc_raw_html]PGRpdiBjbGFzcz0icndkLXZpZGVvIj4KPGlmcmFtZSB3aWR0aD0iNTYwIiBoZWlnaHQ9IjMxNSIgc3JjPSJodHRwczovL3d3dy55b3V0dWJlLW5vY29va2llLmNvbS9lbWJlZC9FRER1djNLa1JxMD9zaT1CakZYN0FvU0FiNmdMM0xGIiB0aXRsZT0iWW91VHViZSB2aWRlbyBwbGF5ZXIiIGZyYW1lYm9yZGVyPSIwIiBhbGxvdz0iYWNjZWxlcm9tZXRlcjsgYXV0b3BsYXk7IGNsaXBib2FyZC13cml0ZTsgZW5jcnlwdGVkLW1lZGlhOyBneXJvc2NvcGU7IHBpY3R1cmUtaW4tcGljdHVyZTsgd2ViLXNoYXJlIiByZWZlcnJlcnBvbGljeT0ic3RyaWN0LW9yaWdpbi13aGVuLWNyb3NzLW9yaWdpbiIgYWxsb3dmdWxsc2NyZWVuPSIiPjwvaWZyYW1lPgo8L2Rpdj4g[\/vc_raw_html][vc_column_text]<\/p>\n<p style=\"text-align: center;\"><strong>Tutorial<br \/>\n<\/strong>\u00bfCu\u00e1les son las propiedades de la cinta adhesiva? \u00bfQu\u00e9 es importante saber para tener un cierto rendimiento? Mira el v\u00eddeo para descubrirlo. <\/p>\n<p>[\/vc_column_text][\/vc_column][vc_column width=\u00bb1\/2&#8243; offset=\u00bbvc_col-lg-5 vc_col-md-5&#8243;][vc_column_text]<\/p>\n<h3 style=\"text-align: center;\"><strong>Reconocer una cinta de embalaje<\/strong><\/h3>\n<p>[\/vc_column_text][vc_raw_html]PGRpdiBjbGFzcz0icndkLXZpZGVvIj4KPGlmcmFtZSB3aWR0aD0iNTYwIiBoZWlnaHQ9IjMxNSIgc3JjPSJodHRwczovL3d3dy55b3V0dWJlLW5vY29va2llLmNvbS9lbWJlZC9EdW5IWWNMUWtMWT9zaT1CakZYN0FvU0FiNmdMM0xGIiB0aXRsZT0iWW91VHViZSB2aWRlbyBwbGF5ZXIiIGZyYW1lYm9yZGVyPSIwIiBhbGxvdz0iYWNjZWxlcm9tZXRlcjsgYXV0b3BsYXk7IGNsaXBib2FyZC13cml0ZTsgZW5jcnlwdGVkLW1lZGlhOyBneXJvc2NvcGU7IHBpY3R1cmUtaW4tcGljdHVyZTsgd2ViLXNoYXJlIiByZWZlcnJlcnBvbGljeT0ic3RyaWN0LW9yaWdpbi13aGVuLWNyb3NzLW9yaWdpbiIgYWxsb3dmdWxsc2NyZWVuPSIiPjwvaWZyYW1lPgo8L2Rpdj4g[\/vc_raw_html][vc_column_text]<\/p>\n<p style=\"text-align: center;\"><strong>Tutorial<br \/>\n<\/strong>C\u00f3mo elegir la cinta de embalaje y saber reconocerla gracias a nuestra experiencia. Mira el v\u00eddeo. <\/p>\n<p>[\/vc_column_text][\/vc_column][vc_column][vc_separator][\/vc_column][\/vc_row][vc_row el_class=\u00bbriga-testo-due-colonne\u00bb][vc_column width=\u00bb1\/2&#8243; offset=\u00bbvc_col-lg-offset-1 vc_col-lg-5 vc_col-md-offset-1 vc_col-md-5&#8243;][vc_column_text]<\/p>\n<h3 style=\"text-align: center;\"><strong>Qu\u00e9 cinta necesita el cliente<\/strong><\/h3>\n<p>[\/vc_column_text][vc_raw_html]PGRpdiBjbGFzcz0icndkLXZpZGVvIj4KPGlmcmFtZSB3aWR0aD0iNTYwIiBoZWlnaHQ9IjMxNSIgc3JjPSJodHRwczovL3d3dy55b3V0dWJlLW5vY29va2llLmNvbS9lbWJlZC83YWtiRl9nRTd2RT9zaT1CakZYN0FvU0FiNmdMM0xGIiB0aXRsZT0iWW91VHViZSB2aWRlbyBwbGF5ZXIiIGZyYW1lYm9yZGVyPSIwIiBhbGxvdz0iYWNjZWxlcm9tZXRlcjsgYXV0b3BsYXk7IGNsaXBib2FyZC13cml0ZTsgZW5jcnlwdGVkLW1lZGlhOyBneXJvc2NvcGU7IHBpY3R1cmUtaW4tcGljdHVyZTsgd2ViLXNoYXJlIiByZWZlcnJlcnBvbGljeT0ic3RyaWN0LW9yaWdpbi13aGVuLWNyb3NzLW9yaWdpbiIgYWxsb3dmdWxsc2NyZWVuPSIiPjwvaWZyYW1lPgo8L2Rpdj4g[\/vc_raw_html][vc_column_text]<\/p>\n<p style=\"text-align: center;\"><strong>Tutorial<br \/>\n<\/strong>Entender qu\u00e9 tipo de cliente tenemos nos ayuda a saber qu\u00e9 producto necesita en funci\u00f3n de sus exigencias. En este v\u00eddeo explicamos c\u00f3mo ayudar al cliente en la elecci\u00f3n. <\/p>\n<p>[\/vc_column_text][\/vc_column][vc_column width=\u00bb1\/2&#8243; offset=\u00bbvc_col-lg-5 vc_col-md-5&#8243;][vc_column_text]<\/p>\n<h3 style=\"text-align: center;\"><strong>Qu\u00e9 cinta adhesiva proponer<\/strong><\/h3>\n<p>[\/vc_column_text][vc_raw_html]PGRpdiBjbGFzcz0icndkLXZpZGVvIj4KPGlmcmFtZSB3aWR0aD0iNTYwIiBoZWlnaHQ9IjMxNSIgc3JjPSJodHRwczovL3d3dy55b3V0dWJlLW5vY29va2llLmNvbS9lbWJlZC9CaDNWSDZFR1NhUT9zaT1CakZYN0FvU0FiNmdMM0xGIiB0aXRsZT0iWW91VHViZSB2aWRlbyBwbGF5ZXIiIGZyYW1lYm9yZGVyPSIwIiBhbGxvdz0iYWNjZWxlcm9tZXRlcjsgYXV0b3BsYXk7IGNsaXBib2FyZC13cml0ZTsgZW5jcnlwdGVkLW1lZGlhOyBneXJvc2NvcGU7IHBpY3R1cmUtaW4tcGljdHVyZTsgd2ViLXNoYXJlIiByZWZlcnJlcnBvbGljeT0ic3RyaWN0LW9yaWdpbi13aGVuLWNyb3NzLW9yaWdpbiIgYWxsb3dmdWxsc2NyZWVuPSIiPjwvaWZyYW1lPgo8L2Rpdj4g[\/vc_raw_html][vc_column_text]<\/p>\n<p style=\"text-align: center;\"><strong>Tutorial<br \/>\n<\/strong>Es necesario proponer la cinta correcta para el uso adecuado. Te explicamos c\u00f3mo en este v\u00eddeo. <\/p>\n<p>[\/vc_column_text][\/vc_column][vc_column][vc_separator][\/vc_column][\/vc_row][vc_row el_class=\u00bbriga-testo-due-colonne\u00bb][vc_column width=\u00bb1\/2&#8243; offset=\u00bbvc_col-lg-offset-1 vc_col-lg-5 vc_col-md-offset-1 vc_col-md-5&#8243;][vc_column_text]<\/p>\n<h3 style=\"text-align: center;\"><strong>La cinta de papel engomado: caracter\u00edsticas<\/strong><\/h3>\n<p>[\/vc_column_text][vc_raw_html]PGRpdiBjbGFzcz0icndkLXZpZGVvIj4KPGlmcmFtZSB3aWR0aD0iNTYwIiBoZWlnaHQ9IjMxNSIgc3JjPSJodHRwczovL3d3dy55b3V0dWJlLW5vY29va2llLmNvbS9lbWJlZC9MSm5rYklkSmlTbz9zaT1CakZYN0FvU0FiNmdMM0xGIiB0aXRsZT0iWW91VHViZSB2aWRlbyBwbGF5ZXIiIGZyYW1lYm9yZGVyPSIwIiBhbGxvdz0iYWNjZWxlcm9tZXRlcjsgYXV0b3BsYXk7IGNsaXBib2FyZC13cml0ZTsgZW5jcnlwdGVkLW1lZGlhOyBneXJvc2NvcGU7IHBpY3R1cmUtaW4tcGljdHVyZTsgd2ViLXNoYXJlIiByZWZlcnJlcnBvbGljeT0ic3RyaWN0LW9yaWdpbi13aGVuLWNyb3NzLW9yaWdpbiIgYWxsb3dmdWxsc2NyZWVuPSIiPjwvaWZyYW1lPgo8L2Rpdj4g[\/vc_raw_html][vc_column_text]<\/p>\n<p style=\"text-align: center;\"><strong>Tutorial<br \/>\n<\/strong>La cinta totalmente ecol\u00f3gica de la gama de productos Fabo. Se activa con agua y se caracteriza por ser antimanipulaci\u00f3n. Descubre las caracter\u00edsticas de este producto.  <\/p>\n<p>[\/vc_column_text][\/vc_column][vc_column width=\u00bb1\/2&#8243; offset=\u00bbvc_col-lg-5 vc_col-md-5&#8243;][vc_column_text]<\/p>\n<h3 style=\"text-align: center;\"><strong>La cinta de papel engomado: personalizaci\u00f3n<\/strong><\/h3>\n<p>[\/vc_column_text][vc_raw_html]PGRpdiBjbGFzcz0icndkLXZpZGVvIj4KPGlmcmFtZSB3aWR0aD0iNTYwIiBoZWlnaHQ9IjMxNSIgc3JjPSJodHRwczovL3d3dy55b3V0dWJlLW5vY29va2llLmNvbS9lbWJlZC9YaWVBaDhPX25WWT9zaT1CakZYN0FvU0FiNmdMM0xGIiB0aXRsZT0iWW91VHViZSB2aWRlbyBwbGF5ZXIiIGZyYW1lYm9yZGVyPSIwIiBhbGxvdz0iYWNjZWxlcm9tZXRlcjsgYXV0b3BsYXk7IGNsaXBib2FyZC13cml0ZTsgZW5jcnlwdGVkLW1lZGlhOyBneXJvc2NvcGU7IHBpY3R1cmUtaW4tcGljdHVyZTsgd2ViLXNoYXJlIiByZWZlcnJlcnBvbGljeT0ic3RyaWN0LW9yaWdpbi13aGVuLWNyb3NzLW9yaWdpbiIgYWxsb3dmdWxsc2NyZWVuPSIiPjwvaWZyYW1lPgo8L2Rpdj4g[\/vc_raw_html][vc_column_text]<\/p>\n<p style=\"text-align: center;\"><strong>Tutorial<br \/>\n<\/strong>Una cinta de papel que se puede personalizar, convirti\u00e9ndose en una herramienta de marketing para transmitir la marca o el logotipo de la empresa. Mira el v\u00eddeo. <\/p>\n<p>[\/vc_column_text][\/vc_column][vc_column][vc_separator][\/vc_column][\/vc_row][vc_row el_class=\u00bbriga-testo-due-colonne\u00bb][vc_column width=\u00bb1\/2&#8243; offset=\u00bbvc_col-lg-offset-1 vc_col-lg-5 vc_col-md-offset-1 vc_col-md-5&#8243;][vc_column_text]<\/p>\n<h3 style=\"text-align: center;\"><strong>Cinta engomada: aplicaciones<\/strong><\/h3>\n<p>[\/vc_column_text][vc_raw_html]PGRpdiBjbGFzcz0icndkLXZpZGVvIj4KPGlmcmFtZSB3aWR0aD0iNTYwIiBoZWlnaHQ9IjMxNSIgc3JjPSJodHRwczovL3d3dy55b3V0dWJlLW5vY29va2llLmNvbS9lbWJlZC9KZDRHeC1PODVIYz9zaT1CakZYN0FvU0FiNmdMM0xGIiB0aXRsZT0iWW91VHViZSB2aWRlbyBwbGF5ZXIiIGZyYW1lYm9yZGVyPSIwIiBhbGxvdz0iYWNjZWxlcm9tZXRlcjsgYXV0b3BsYXk7IGNsaXBib2FyZC13cml0ZTsgZW5jcnlwdGVkLW1lZGlhOyBneXJvc2NvcGU7IHBpY3R1cmUtaW4tcGljdHVyZTsgd2ViLXNoYXJlIiByZWZlcnJlcnBvbGljeT0ic3RyaWN0LW9yaWdpbi13aGVuLWNyb3NzLW9yaWdpbiIgYWxsb3dmdWxsc2NyZWVuPSIiPjwvaWZyYW1lPgo8L2Rpdj4g[\/vc_raw_html][vc_column_text]<\/p>\n<p style=\"text-align: center;\"><strong>Tutorial<br \/>\n<\/strong>La cinta engomada se puede aplicar manualmente o de forma autom\u00e1tica e industrial. Descubre c\u00f3mo viendo este v\u00eddeo. <\/p>\n<p>[\/vc_column_text][\/vc_column][vc_column width=\u00bb1\/2&#8243; offset=\u00bbvc_col-lg-5 vc_col-md-5&#8243;][vc_column_text]<\/p>\n<h3 style=\"text-align: center;\"><strong>Gu\u00eda de pedido en 7 pasos<\/strong><\/h3>\n<p>[\/vc_column_text][vc_raw_html]PGRpdiBjbGFzcz0icndkLXZpZGVvIj4KPGlmcmFtZSB3aWR0aD0iNTYwIiBoZWlnaHQ9IjMxNSIgc3JjPSJodHRwczovL3d3dy55b3V0dWJlLW5vY29va2llLmNvbS9lbWJlZC9wLUZuUDI1R3NKOD9zaT1CakZYN0FvU0FiNmdMM0xGIiB0aXRsZT0iWW91VHViZSB2aWRlbyBwbGF5ZXIiIGZyYW1lYm9yZGVyPSIwIiBhbGxvdz0iYWNjZWxlcm9tZXRlcjsgYXV0b3BsYXk7IGNsaXBib2FyZC13cml0ZTsgZW5jcnlwdGVkLW1lZGlhOyBneXJvc2NvcGU7IHBpY3R1cmUtaW4tcGljdHVyZTsgd2ViLXNoYXJlIiByZWZlcnJlcnBvbGljeT0ic3RyaWN0LW9yaWdpbi13aGVuLWNyb3NzLW9yaWdpbiIgYWxsb3dmdWxsc2NyZWVuPSIiPjwvaWZyYW1lPgo8L2Rpdj4=[\/vc_raw_html][vc_column_text]<\/p>\n<p style=\"text-align: center;\"><strong>Tutorial<br \/>\n<\/strong>Elegir la cinta adhesiva no siempre es sencillo. En este tutorial te explicamos c\u00f3mo hacer un pedido en pocos y simples pasos. <\/p>\n<p>[\/vc_column_text][\/vc_column][vc_column][vc_separator][\/vc_column][\/vc_row]<\/p>\n","protected":false},"excerpt":{"rendered":"<p>[vc_row el_class=\u00bbriga-testo-due-colonne\u00bb][vc_column width=\u00bb1\/2&#8243; offset=\u00bbvc_col-lg-offset-1 vc_col-lg-5 vc_col-md-offset-1 vc_col-md-5&#8243;][vc_column_text] Formaci\u00f3n y tutoriales [\/vc_column_text][\/vc_column][vc_column width=\u00bb1\/2&#8243; offset=\u00bbvc_col-lg-5 vc_col-md-5&#8243;][vc_column_text]Gracias a su experiencia de m\u00e1s de 50 a\u00f1os en el mercado como empresa fabricante, Fabo es&#8230;<\/p>\n","protected":false},"author":7,"featured_media":14009,"parent":0,"menu_order":0,"comment_status":"closed","ping_status":"closed","template":"","meta":{"_acf_changed":false,"footnotes":""},"tags":[230],"class_list":["post-14008","page","type-page","status-publish","has-post-thumbnail","hentry","tag-restyling-es"],"acf":[],"_links":{"self":[{"href":"https:\/\/fabotape.com\/es\/wp-json\/wp\/v2\/pages\/14008","targetHints":{"allow":["GET"]}}],"collection":[{"href":"https:\/\/fabotape.com\/es\/wp-json\/wp\/v2\/pages"}],"about":[{"href":"https:\/\/fabotape.com\/es\/wp-json\/wp\/v2\/types\/page"}],"author":[{"embeddable":true,"href":"https:\/\/fabotape.com\/es\/wp-json\/wp\/v2\/users\/7"}],"replies":[{"embeddable":true,"href":"https:\/\/fabotape.com\/es\/wp-json\/wp\/v2\/comments?post=14008"}],"version-history":[{"count":2,"href":"https:\/\/fabotape.com\/es\/wp-json\/wp\/v2\/pages\/14008\/revisions"}],"predecessor-version":[{"id":14011,"href":"https:\/\/fabotape.com\/es\/wp-json\/wp\/v2\/pages\/14008\/revisions\/14011"}],"wp:featuredmedia":[{"embeddable":true,"href":"https:\/\/fabotape.com\/es\/wp-json\/wp\/v2\/media\/14009"}],"wp:attachment":[{"href":"https:\/\/fabotape.com\/es\/wp-json\/wp\/v2\/media?parent=14008"}],"wp:term":[{"taxonomy":"post_tag","embeddable":true,"href":"https:\/\/fabotape.com\/es\/wp-json\/wp\/v2\/tags?post=14008"}],"curies":[{"name":"wp","href":"https:\/\/api.w.org\/{rel}","templated":true}]}}