{"id":14001,"date":"2025-08-25T18:43:59","date_gmt":"2025-08-25T16:43:59","guid":{"rendered":"https:\/\/fabotape.com\/logistica-2\/"},"modified":"2025-11-21T16:28:12","modified_gmt":"2025-11-21T15:28:12","slug":"logistica-2","status":"publish","type":"page","link":"https:\/\/fabotape.com\/es\/logistica-2\/","title":{"rendered":"Logistica"},"content":{"rendered":"<p>[vc_row el_class=\u00bbriga-testo-due-colonne\u00bb][vc_column width=\u00bb1\/2&#8243; offset=\u00bbvc_col-lg-offset-1 vc_col-lg-5 vc_col-md-offset-1 vc_col-md-5&#8243;][vc_column_text]<\/p>\n<h3>Una realidad italiana y una red log\u00edstica distribuida en <strong>m\u00e1s de 40 pa\u00edses en el mundo<\/strong>.<\/h3>\n<p>[\/vc_column_text][\/vc_column][vc_column width=\u00bb1\/2&#8243; offset=\u00bbvc_col-lg-5 vc_col-md-5&#8243;][vc_column_text el_class=\u00bbjustified\u00bb]<strong>Fabo es sin\u00f3nimo de calidad, fiabilidad, tecnolog\u00eda avanzada, investigaci\u00f3n y desarrollo continuo. Una empresa italiana que suministra productos en m\u00e1s de 40 pa\u00edses distribuidos en el mundo. <\/strong><\/p>\n<p>Precisamente por la cantidad de pa\u00edses que atendemos, la log\u00edstica en Fabo tiene una importancia estrat\u00e9gica fundamental. Contamos con dos almacenes: uno destinado a materias primas y semielaborados y otro para los env\u00edos. Este \u00faltimo, de m\u00e1s de 2000 metros cuadrados, fue renovado a finales de 2023 para garantizar el almacenamiento del producto terminado y ofrecer y mejorar el servicio que ofrecemos a nuestros clientes.<\/p>\n<p>A trav\u00e9s de la adopci\u00f3n de pr\u00e1cticas m\u00e1s eficientes y ecol\u00f3gicas, creemos que la log\u00edstica no debe satisfacer solo las necesidades comerciales, sino convertirse cada vez m\u00e1s en un actor activo en la protecci\u00f3n de nuestro planeta.[\/vc_column_text][\/vc_column][\/vc_row][vc_row full_width=\u00bbstretch_row_content_no_spaces\u00bb css=\u00bb.vc_custom_1763381173134{border-bottom-width: 0px !important;padding-bottom: 0px !important;}\u00bb el_class=\u00bbicona-logo-fabo-grigio-chiaro-half-container\u00bb][vc_column offset=\u00bbvc_hidden-xs\u00bb css=\u00bb.vc_custom_1763380894697{margin-bottom: 0px !important;border-bottom-width: 0px !important;padding-bottom: 0px !important;}\u00bb][vc_single_image image=\u00bb15181&#8243; img_size=\u00bbfull\u00bb css=\u00bb.vc_custom_1763386221191{margin-bottom: 0px !important;border-bottom-width: 0px !important;padding-bottom: 0px !important;}\u00bb el_class=\u00bbicona-logo-fabo-grigio-chiaro-half\u00bb][vc_row_inner][vc_column_inner width=\u00bb1\/3&#8243;][vc_single_image image=\u00bb11615&#8243; img_size=\u00bbfull\u00bb][\/vc_column_inner][vc_column_inner width=\u00bb1\/3&#8243;][vc_single_image image=\u00bb470&#8243; img_size=\u00bbfull\u00bb][\/vc_column_inner][vc_column_inner width=\u00bb1\/3&#8243;][vc_single_image image=\u00bb10540&#8243; img_size=\u00bbfull\u00bb][\/vc_column_inner][\/vc_row_inner][\/vc_column][\/vc_row][vc_row full_width=\u00bbstretch_row\u00bb css=\u00bb.vc_custom_1763738786904{margin-bottom: 30px !important;}\u00bb el_class=\u00bblogistica-piu-sostenibile\u00bb][vc_column][vc_row_inner][vc_column_inner offset=\u00bbvc_col-lg-offset-3 vc_col-lg-6 vc_col-md-offset-1 vc_col-md-10&#8243;][vc_column_text el_class=\u00bblabel-riga label-a-capo text-center\u00bb]UNA LOG\u00cdSTICA M\u00c1S SOSTENIBLE[\/vc_column_text][vc_column_text el_class=\u00bbtext-center\u00bb]<\/p>\n<h3><strong>Promover la sostenibilidad en la log\u00edstica: un enfoque responsable<\/strong><\/h3>\n<p>[\/vc_column_text][vc_column_text el_class=\u00bbjustified\u00bb css=\u00bb.vc_custom_1753434498088{margin-bottom: 60px !important;}\u00bb]La sostenibilidad ambiental se ha convertido en una prioridad global, y el sector de la log\u00edstica no es una excepci\u00f3n. Una de las estrategias que adoptamos en Fabo para hacer la log\u00edstica m\u00e1s sostenible es la <strong>optimizaci\u00f3n de las rutas de transporte<\/strong> eligiendo transportistas cercanos a nuestra sede, que utilicen veh\u00edculos el\u00e9ctricos o h\u00edbridos. Reduciendo los kil\u00f3metros recorridos y minimizando los desplazamientos en vac\u00edo, se pueden r<strong>educir las emisiones de gases de efecto invernadero y el consumo de combustible<\/strong>. Por \u00faltimo, lo que buscamos es utilizar <strong>embalajes reciclables<\/strong> y, sobre todo, <strong>reutilizamos<\/strong> tambi\u00e9n gran parte <strong>de nuestros desechos de producci\u00f3n<\/strong> para reducir y optimizar las entregas de materias primas.<\/p>\n<p>Creemos que mediante la adopci\u00f3n de pr\u00e1cticas responsables y la innovaci\u00f3n tecnol\u00f3gica, se puede reducir el impacto ambiental de la actividad y contribuir a construir un futuro m\u00e1s sostenible.[\/vc_column_text][\/vc_column_inner][\/vc_row_inner][\/vc_column][\/vc_row]<\/p>\n","protected":false},"excerpt":{"rendered":"<p>[vc_row el_class=\u00bbriga-testo-due-colonne\u00bb][vc_column width=\u00bb1\/2&#8243; offset=\u00bbvc_col-lg-offset-1 vc_col-lg-5 vc_col-md-offset-1 vc_col-md-5&#8243;][vc_column_text] Una realidad italiana y una red log\u00edstica distribuida en m\u00e1s de 40 pa\u00edses en el mundo. [\/vc_column_text][\/vc_column][vc_column width=\u00bb1\/2&#8243; offset=\u00bbvc_col-lg-5 vc_col-md-5&#8243;][vc_column_text el_class=\u00bbjustified\u00bb]Fabo es sin\u00f3nimo&#8230;<\/p>\n","protected":false},"author":7,"featured_media":13998,"parent":0,"menu_order":0,"comment_status":"closed","ping_status":"closed","template":"","meta":{"_acf_changed":false,"footnotes":""},"tags":[230],"class_list":["post-14001","page","type-page","status-publish","has-post-thumbnail","hentry","tag-restyling-es"],"acf":[],"_links":{"self":[{"href":"https:\/\/fabotape.com\/es\/wp-json\/wp\/v2\/pages\/14001","targetHints":{"allow":["GET"]}}],"collection":[{"href":"https:\/\/fabotape.com\/es\/wp-json\/wp\/v2\/pages"}],"about":[{"href":"https:\/\/fabotape.com\/es\/wp-json\/wp\/v2\/types\/page"}],"author":[{"embeddable":true,"href":"https:\/\/fabotape.com\/es\/wp-json\/wp\/v2\/users\/7"}],"replies":[{"embeddable":true,"href":"https:\/\/fabotape.com\/es\/wp-json\/wp\/v2\/comments?post=14001"}],"version-history":[{"count":6,"href":"https:\/\/fabotape.com\/es\/wp-json\/wp\/v2\/pages\/14001\/revisions"}],"predecessor-version":[{"id":15461,"href":"https:\/\/fabotape.com\/es\/wp-json\/wp\/v2\/pages\/14001\/revisions\/15461"}],"wp:featuredmedia":[{"embeddable":true,"href":"https:\/\/fabotape.com\/es\/wp-json\/wp\/v2\/media\/13998"}],"wp:attachment":[{"href":"https:\/\/fabotape.com\/es\/wp-json\/wp\/v2\/media?parent=14001"}],"wp:term":[{"taxonomy":"post_tag","embeddable":true,"href":"https:\/\/fabotape.com\/es\/wp-json\/wp\/v2\/tags?post=14001"}],"curies":[{"name":"wp","href":"https:\/\/api.w.org\/{rel}","templated":true}]}}