{"id":13989,"date":"2025-08-25T17:45:03","date_gmt":"2025-08-25T15:45:03","guid":{"rendered":"https:\/\/fabotape.com\/fabo-eco\/"},"modified":"2026-02-16T16:10:39","modified_gmt":"2026-02-16T15:10:39","slug":"fabo-eco","status":"publish","type":"page","link":"https:\/\/fabotape.com\/es\/fabo-eco\/","title":{"rendered":"FABO ECO"},"content":{"rendered":"<p>[vc_row el_class=\u00bbriga-storia\u00bb el_id=\u00bbimpegno\u00bb][vc_column offset=\u00bbvc_col-lg-offset-1 vc_col-lg-10 vc_col-md-offset-1 vc_col-md-10&#8243;][vc_column_text css_animation=\u00bbfadeIn\u00bb el_class=\u00bbjustified\u00bb]<\/p>\n<h2 style=\"text-align: center;\">La linea Eco<\/h2>\n<p>Fabo reafirma su compromiso con el respeto y la protecci\u00f3n del medio ambiente con la introducci\u00f3n de las l\u00edneas Fabo ECO, que incluyen productos elaborados principalmente con componentes ecosostenibles, productos certificados por INGEDE (que garantizan la f\u00e1cil separaci\u00f3n de la cinta del cart\u00f3n para facilitar el reciclaje del papel) y productos certificados FSC\u00ae, que aseguran que las materias primas provienen de bosques gestionados de forma responsable seg\u00fan los principios de gesti\u00f3n forestal y cadena de custodia.<\/p>\n<p>La gama de productos Fabo Eco est\u00e1 en constante crecimiento y se representa con dos logotipos distintos, en los que el eslogan \u201cTape Solutions\u201d se sustituye por <strong>EcoTop <\/strong>y <strong>EcoPlus<\/strong>, identificando grupos de productos con diferentes caracter\u00edsticas.[\/vc_column_text][\/vc_column][\/vc_row][vc_row el_class=\u00bbriga-storia\u00bb el_id=\u00bbmateriali\u00bb][vc_column offset=\u00bbvc_col-lg-offset-1 vc_col-lg-10 vc_col-md-offset-1 vc_col-md-10&#8243;][vc_column_text css_animation=\u00bbfadeIn\u00bb]<\/p>\n<h3 style=\"text-align: center;\">Fabo EcoTop\/ EcoPlus<\/h3>\n<p>[\/vc_column_text][\/vc_column][\/vc_row][vc_row css_animation=\u00bbfadeInRight\u00bb el_class=\u00bbriga-testo-due-colonne\u00bb][vc_column width=\u00bb1\/2&#8243; offset=\u00bbvc_col-lg-offset-1 vc_col-lg-5 vc_col-md-offset-1 vc_col-md-5&#8243;][vc_column_text css_animation=\u00bbfadeIn\u00bb el_class=\u00bbjustified\u00bb]<\/p>\n<h3>FABO ECOTOP<\/h3>\n<p>La <strong>l\u00ednea ECOTOP<\/strong> se identifica con el color marr\u00f3n, que recuerda al tono natural del papel. Esta l\u00ednea incluye cinta de papel en todas sus variantes, <strong>certificadas FSC\u00ae e INGEDE<\/strong>.[\/vc_column_text][\/vc_column][vc_column width=\u00bb1\/2&#8243; offset=\u00bbvc_col-lg-5 vc_col-md-5&#8243;][vc_single_image image=\u00bb14820&#8243; img_size=\u00bbfull\u00bb css_animation=\u00bbfadeIn\u00bb][\/vc_column][\/vc_row][vc_row css_animation=\u00bbfadeInRight\u00bb el_class=\u00bbriga-testo-due-colonne\u00bb][vc_column width=\u00bb1\/2&#8243; offset=\u00bbvc_col-lg-offset-1 vc_col-lg-5 vc_col-md-offset-1 vc_col-md-5&#8243;][vc_single_image image=\u00bb14834&#8243; img_size=\u00bbfull\u00bb css_animation=\u00bbfadeIn\u00bb el_class=\u00bbnomobile\u00bb][\/vc_column][vc_column width=\u00bb1\/2&#8243; offset=\u00bbvc_col-lg-5 vc_col-md-5&#8243;][vc_column_text css_animation=\u00bbfadeIn\u00bb el_class=\u00bbjustified\u00bb]<\/p>\n<h3>FABO ECOPLUS<\/h3>\n<p>La <strong>l\u00ednea ECOPLUS<\/strong> se identifica con el color azul claro e incluye cinta adhesiva hot melt y acr\u00edlica con soportes reciclados, as\u00ed como cinta de embalaje hot melt y acr\u00edlica <strong>certificada por INGEDE<\/strong>.[\/vc_column_text][vc_single_image image=\u00bb14834&#8243; img_size=\u00bbfull\u00bb css_animation=\u00bbfadeIn\u00bb el_class=\u00bbyesmobile\u00bb][\/vc_column][\/vc_row][vc_row el_class=\u00bbriga-storia\u00bb][vc_column offset=\u00bbvc_col-lg-offset-1 vc_col-lg-10 vc_col-md-offset-1 vc_col-md-10&#8243;][vc_column_text css_animation=\u00bbfadeIn\u00bb]<\/p>\n<h3 style=\"text-align: center;\">Los productos<\/h3>\n<p>[\/vc_column_text][\/vc_column][\/vc_row][vc_row el_class=\u00bbgriglia-prodotti\u00bb][vc_column][vc_raw_html]W3Byb2RzIHRhZz0iZWNvdG9wIl0=[\/vc_raw_html][\/vc_column][\/vc_row][vc_row css_animation=\u00bbfadeInLeft\u00bb disable_element=\u00bbyes\u00bb el_class=\u00bbbg-grigio-destra bg-grigio\u00bb][vc_column width=\u00bb1\/2&#8243; offset=\u00bbvc_col-lg-offset-1 vc_col-lg-5 vc_col-md-offset-1 vc_col-md-5&#8243;][vc_column_text css_animation=\u00bbfadeIn\u00bb el_class=\u00bbjustified\u00bb]<\/p>\n<h3>Coches el\u00e9ctricos<\/h3>\n<p>En 2021, los coches de empresa se sustituyeron por <strong>veh\u00edculos de tecnolog\u00eda h\u00edbrida<\/strong> y el aparcamiento de la empresa se equip\u00f3 con estaciones de carga espec\u00edficas. Para nosotros, esto represent\u00f3 un paso m\u00e1s en nuestros esfuerzos por reducir las emisiones de CO2 en el transporte.[\/vc_column_text][\/vc_column][vc_column width=\u00bb1\/2&#8243; offset=\u00bbvc_col-lg-5 vc_col-md-5&#8243;][vc_single_image image=\u00bb11052&#8243; img_size=\u00bbfull\u00bb css_animation=\u00bbfadeIn\u00bb][\/vc_column][\/vc_row][vc_row css_animation=\u00bbfadeInRight\u00bb disable_element=\u00bbyes\u00bb el_class=\u00bbriga-testo-due-colonne\u00bb][vc_column width=\u00bb1\/2&#8243; offset=\u00bbvc_col-lg-offset-1 vc_col-lg-5 vc_col-md-offset-1 vc_col-md-5&#8243;][vc_single_image image=\u00bb11694&#8243; img_size=\u00bbfull\u00bb css_animation=\u00bbfadeIn\u00bb][\/vc_column][vc_column width=\u00bb1\/2&#8243; offset=\u00bbvc_col-lg-5 vc_col-md-5&#8243;][vc_column_text css_animation=\u00bbfadeIn\u00bb el_class=\u00bbjustified\u00bb]<\/p>\n<h3>Sistema de recuperaci\u00f3n de solventes<\/h3>\n<p>En <strong>2015 <\/strong>se introdujo un sistema de <strong>recuperaci\u00f3n de solventes<\/strong> que permite recuperar el 94 % de los hidrocarburos utilizados. Recuperamos el <strong>tolueno <\/strong>usado en la aplicaci\u00f3n Hot-Melt y las <strong>tintas <\/strong>utilizadas en nuestra cinta impresa. Finalmente, los vapores generados durante la preimpresi\u00f3n son tratados mediante un sistema de depuraci\u00f3n.[\/vc_column_text][\/vc_column][\/vc_row]<\/p>\n","protected":false},"excerpt":{"rendered":"<p>[vc_row el_class=\u00bbriga-storia\u00bb el_id=\u00bbimpegno\u00bb][vc_column offset=\u00bbvc_col-lg-offset-1 vc_col-lg-10 vc_col-md-offset-1 vc_col-md-10&#8243;][vc_column_text css_animation=\u00bbfadeIn\u00bb el_class=\u00bbjustified\u00bb] La linea Eco Fabo reafirma su compromiso con el respeto y la protecci\u00f3n del medio ambiente con la introducci\u00f3n de las&#8230;<\/p>\n","protected":false},"author":7,"featured_media":13990,"parent":0,"menu_order":0,"comment_status":"closed","ping_status":"closed","template":"","meta":{"_acf_changed":false,"footnotes":""},"tags":[230],"class_list":["post-13989","page","type-page","status-publish","has-post-thumbnail","hentry","tag-restyling-es"],"acf":[],"_links":{"self":[{"href":"https:\/\/fabotape.com\/es\/wp-json\/wp\/v2\/pages\/13989","targetHints":{"allow":["GET"]}}],"collection":[{"href":"https:\/\/fabotape.com\/es\/wp-json\/wp\/v2\/pages"}],"about":[{"href":"https:\/\/fabotape.com\/es\/wp-json\/wp\/v2\/types\/page"}],"author":[{"embeddable":true,"href":"https:\/\/fabotape.com\/es\/wp-json\/wp\/v2\/users\/7"}],"replies":[{"embeddable":true,"href":"https:\/\/fabotape.com\/es\/wp-json\/wp\/v2\/comments?post=13989"}],"version-history":[{"count":17,"href":"https:\/\/fabotape.com\/es\/wp-json\/wp\/v2\/pages\/13989\/revisions"}],"predecessor-version":[{"id":15522,"href":"https:\/\/fabotape.com\/es\/wp-json\/wp\/v2\/pages\/13989\/revisions\/15522"}],"wp:featuredmedia":[{"embeddable":true,"href":"https:\/\/fabotape.com\/es\/wp-json\/wp\/v2\/media\/13990"}],"wp:attachment":[{"href":"https:\/\/fabotape.com\/es\/wp-json\/wp\/v2\/media?parent=13989"}],"wp:term":[{"taxonomy":"post_tag","embeddable":true,"href":"https:\/\/fabotape.com\/es\/wp-json\/wp\/v2\/tags?post=13989"}],"curies":[{"name":"wp","href":"https:\/\/api.w.org\/{rel}","templated":true}]}}