{"id":13972,"date":"2025-08-08T18:51:47","date_gmt":"2025-08-08T16:51:47","guid":{"rendered":"https:\/\/fabotape.com\/investigacion-y-desarrollo\/"},"modified":"2025-11-21T15:52:50","modified_gmt":"2025-11-21T14:52:50","slug":"investigacion-y-desarrollo","status":"publish","type":"page","link":"https:\/\/fabotape.com\/es\/investigacion-y-desarrollo\/","title":{"rendered":"Investigaci\u00f3n y desarrollo"},"content":{"rendered":"<p>[vc_row el_class=\u00bbriga-storia\u00bb][vc_column offset=\u00bbvc_col-lg-offset-1 vc_col-lg-10 vc_col-md-offset-1 vc_col-md-10&#8243; el_class=\u00bbpage-intro\u00bb][vc_column_text css_animation=\u00bbfadeInDown\u00bb el_class=\u00bbjustified\u00bb]<\/p>\n<h2 style=\"text-align: center;\">Convertir las ideas en acci\u00f3n:<\/h2>\n<h4 style=\"text-align: center;\">El papel clave de la Investigaci\u00f3n y el Desarrollo<\/h4>\n<p style=\"text-align: left;\">La investigaci\u00f3n y el desarrollo son dos pilares fundamentales de la innovaci\u00f3n y de la competitividad de una empresa.<br \/>\nFabo cuenta con un departamento de I+D moderno, equipado con instrumentos de \u00faltima generaci\u00f3n y compuesto por un equipo de profesionales cualificados en caracterizaci\u00f3n de materiales y experimentaci\u00f3n.<br \/>\nEl laboratorio de I+D trabaja cada d\u00eda con el objetivo de:<\/p>\n<ul>\n<li style=\"text-align: left;\"><strong>estudiar productos innovadores y mejorar los ya existentes<\/strong>;<\/li>\n<li style=\"text-align: left;\">obtener <strong>certificaciones empresariales y de producto<\/strong>;<\/li>\n<li style=\"text-align: left;\"><strong>desarrollar nuevas tecnolog\u00edas y adquirir conocimientos<\/strong> que puedan ofrecer una ventaja competitiva en el mercado.<\/li>\n<\/ul>\n<p style=\"text-align: left;\">El departamento de I+D est\u00e1 en constante evoluci\u00f3n para responder a las exigencias y desaf\u00edos del mercado, con un enfoque especial en la sostenibilidad medioambiental.<\/p>\n<p style=\"text-align: left;\">Las <strong>3 fases del ciclo de innovaci\u00f3n<\/strong> que llevan a la introducci\u00f3n de nuevos productos:<\/p>\n<p>[\/vc_column_text][\/vc_column][\/vc_row][vc_row css_animation=\u00bbfadeInRight\u00bb el_class=\u00bbriga-testo-due-colonne\u00bb][vc_column width=\u00bb1\/3&#8243;][vc_column_text css_animation=\u00bbfadeIn\u00bb]<\/p>\n<h3>Investigaci\u00f3n y an\u00e1lisis<\/h3>\n<p>[\/vc_column_text][vc_single_image image=\u00bb15290&#8243; img_size=\u00bbfull\u00bb css_animation=\u00bbfadeIn\u00bb][vc_column_text css_animation=\u00bbfadeIn\u00bb el_class=\u00bbjustified\u00bb]En la primera fase, el equipo de investigaci\u00f3n y desarrollo realiza un <strong>an\u00e1lisis <\/strong>profundo de <strong>nuevas tecnolog\u00edas<\/strong>, <strong>materiales y<\/strong> <strong>enfoques innovadores<\/strong>.<br \/>\nEsta fase incluye el <strong>an\u00e1lisis del mercado<\/strong>, el <strong>estudio de las tendencias del sector<\/strong> y la <strong>exploraci\u00f3n de las necesidades de los clientes<\/strong>.<br \/>\nEl objetivo es identificar oportunidades de mejora y \u00e1reas en las que se pueden aplicar innovaciones o cambios.[\/vc_column_text][\/vc_column][vc_column width=\u00bb1\/3&#8243;][vc_column_text css_animation=\u00bbfadeIn\u00bb]<\/p>\n<h3>Prototipos y pruebas<\/h3>\n<p>[\/vc_column_text][vc_single_image image=\u00bb15295&#8243; img_size=\u00bbfull\u00bb css_animation=\u00bbfadeIn\u00bb][vc_column_text css_animation=\u00bbfadeIn\u00bb el_class=\u00bbjustified\u00bb]Una vez identificadas las soluciones potenciales, el siguiente paso es <strong>desarrollar prototipos<\/strong> y <strong>muestras<\/strong>.<br \/>\nEl departamento crea versiones iniciales de nuevos productos o tecnolog\u00edas para probar su eficacia.<br \/>\nEste proceso puede incluir <strong>pruebas de <\/strong><strong>laboratorio<\/strong>, y <strong>evaluaciones detalladas<\/strong> para garantizar que los prototipos cumplen con los est\u00e1ndares de calidad y las especificaciones requeridas[\/vc_column_text][\/vc_column][vc_column width=\u00bb1\/3&#8243;][vc_column_text css_animation=\u00bbfadeIn\u00bb]<\/p>\n<h3>Implementaci\u00f3n<\/h3>\n<p>[\/vc_column_text][vc_single_image image=\u00bb15300&#8243; img_size=\u00bbfull\u00bb css_animation=\u00bbfadeIn\u00bb][vc_column_text css_animation=\u00bbfadeIn\u00bb el_class=\u00bbjustified\u00bb]Despu\u00e9s del desarrollo de los prototipos y validaci\u00f3n de los productos o de los nuevos procesos, el equipo procede a la <strong>implementaci\u00f3n <\/strong>y al inicio del proceso de <strong>industrializaci\u00f3n<\/strong>.<br \/>\nA menudo se establece una colaboraci\u00f3n m\u00e1s estrecha con los clientes para integrar los productos desarrollados en sus procesos o productos finales.<br \/>\nEsta cooperaci\u00f3n es crucial para adaptar y perfeccionar las soluciones seg\u00fan los comentarios recibidos y los nuevos desaf\u00edos que puedan surgir.[\/vc_column_text][\/vc_column][\/vc_row][vc_row el_class=\u00bbriga-storia\u00bb][vc_column offset=\u00bbvc_col-lg-offset-1 vc_col-lg-10 vc_col-md-offset-1 vc_col-md-10&#8243;][vc_row_inner el_class=\u00bbdivider-row\u00bb][vc_column_inner][\/vc_column_inner][\/vc_row_inner][vc_column_text el_class=\u00bbjustified\u00bb]<\/p>\n<h3 style=\"text-align: center;\"><b>Investigaci\u00f3n y mejora continua para nuestros clientes y el medioambiente<\/b><\/h3>\n<p>En m\u00e1s de 50 a\u00f1os de actividad, siempre hemos trabajado para desarrollar productos y tecnolog\u00edas innovadoras alineadas con los valores fundacionales de nuestra empresa.<br \/>\nFuimos pioneros en invertir en tecnolog\u00edas de aplicaci\u00f3n completamente libres de solventes, con el objetivo de responder a las tendencias del mercado sin renunciar al principio de sostenibilidad industrial.[\/vc_column_text][\/vc_column][\/vc_row][vc_row content_placement=\u00bbmiddle\u00bb css_animation=\u00bbfadeInLeft\u00bb el_class=\u00bbriga-testo-due-colonne\u00bb][vc_column width=\u00bb1\/2&#8243; offset=\u00bbvc_col-lg-offset-1 vc_col-lg-5 vc_col-md-offset-1 vc_col-md-5&#8243;][vc_single_image image=\u00bb15047&#8243; img_size=\u00bbfull\u00bb el_class=\u00bbtop-right-logo-icon\u00bb][vc_single_image image=\u00bb12317&#8243; img_size=\u00bbfull\u00bb css_animation=\u00bbfadeIn\u00bb][\/vc_column][vc_column width=\u00bb1\/2&#8243; offset=\u00bbvc_col-lg-5 vc_col-md-5&#8243;][vc_column_text css_animation=\u00bbfadeIn\u00bb el_class=\u00bbjustified\u00bb]<\/p>\n<h3>Innovaci\u00f3n constante<\/h3>\n<p>Nuestro compromiso diario es buscar de forma constante nuevas fronteras en el \u00e1mbito industrial.<br \/>\nDesde el desarrollo de prototipos hasta la exploraci\u00f3n de nuevas aplicaciones, <strong>nuestro laboratorio es el motor que impulsa la evoluci\u00f3n de nuestros productos<\/strong>.<br \/>\nEvaluamos y probamos soluciones basadas en las novedades del mercado en cuanto a materiales y soportes, siempre con un enfoque sostenible.[\/vc_column_text][\/vc_column][\/vc_row][vc_row content_placement=\u00bbmiddle\u00bb css_animation=\u00bbfadeInRight\u00bb el_class=\u00bbriga-testo-due-colonne\u00bb][vc_column width=\u00bb1\/2&#8243; offset=\u00bbvc_col-lg-offset-1 vc_col-lg-5 vc_col-md-offset-1 vc_col-md-5&#8243;][vc_column_text css_animation=\u00bbfadeIn\u00bb el_class=\u00bbjustified\u00bb]<\/p>\n<h3>Soluciones a medida<\/h3>\n<p>La <strong>personalizaci\u00f3n <\/strong>est\u00e1 en el centro de nuestra filosof\u00eda.<br \/>\nColaboramos estrechamente con los clientes para comprender sus necesidades espec\u00edficas y <strong>desarrollar proyectos a medida<\/strong> que cumplan con sus expectativas.[\/vc_column_text][\/vc_column][vc_column width=\u00bb1\/2&#8243; offset=\u00bbvc_col-lg-5 vc_col-md-5&#8243;][vc_single_image image=\u00bb15047&#8243; img_size=\u00bbfull\u00bb el_class=\u00bbmiddle-right-logo-icon\u00bb][vc_single_image image=\u00bb8994&#8243; img_size=\u00bbfull\u00bb css_animation=\u00bbfadeIn\u00bb][\/vc_column][\/vc_row][vc_row content_placement=\u00bbmiddle\u00bb css_animation=\u00bbfadeInLeft\u00bb el_class=\u00bbriga-testo-due-colonne\u00bb][vc_column width=\u00bb1\/2&#8243; offset=\u00bbvc_col-lg-offset-1 vc_col-lg-5 vc_col-md-offset-1 vc_col-md-5&#8243;][vc_single_image image=\u00bb15047&#8243; img_size=\u00bbfull\u00bb el_class=\u00bbtop-left-logo-icon\u00bb][vc_single_image image=\u00bb9007&#8243; img_size=\u00bbfull\u00bb css_animation=\u00bbfadeIn\u00bb][\/vc_column][vc_column width=\u00bb1\/2&#8243; offset=\u00bbvc_col-lg-5 vc_col-md-5&#8243;][vc_column_text css_animation=\u00bbfadeIn\u00bb el_class=\u00bbjustified\u00bb]<\/p>\n<h3>Colaboraciones proactivas<\/h3>\n<p>Nuestra filosof\u00eda de desarrollo se basa en una colaboraci\u00f3n activa con nuestros clientes.<br \/>\nCreamos <strong>proyectos<\/strong>, involucrando a nuestros socios en el proceso creativo para garantizar resultados que satisfagan sus expectativas.<br \/>\nPara nosotros, <strong>escuchar al cliente<\/strong> es el <strong>primer paso<\/strong> para establecer relaciones eficaces[\/vc_column_text][\/vc_column][\/vc_row]<\/p>\n","protected":false},"excerpt":{"rendered":"<p>[vc_row el_class=\u00bbriga-storia\u00bb][vc_column offset=\u00bbvc_col-lg-offset-1 vc_col-lg-10 vc_col-md-offset-1 vc_col-md-10&#8243; el_class=\u00bbpage-intro\u00bb][vc_column_text css_animation=\u00bbfadeInDown\u00bb el_class=\u00bbjustified\u00bb] Convertir las ideas en acci\u00f3n: El papel clave de la Investigaci\u00f3n y el Desarrollo La investigaci\u00f3n y el desarrollo son dos&#8230;<\/p>\n","protected":false},"author":7,"featured_media":13973,"parent":0,"menu_order":0,"comment_status":"closed","ping_status":"closed","template":"","meta":{"_acf_changed":false,"footnotes":""},"tags":[230],"class_list":["post-13972","page","type-page","status-publish","has-post-thumbnail","hentry","tag-restyling-es"],"acf":[],"_links":{"self":[{"href":"https:\/\/fabotape.com\/es\/wp-json\/wp\/v2\/pages\/13972","targetHints":{"allow":["GET"]}}],"collection":[{"href":"https:\/\/fabotape.com\/es\/wp-json\/wp\/v2\/pages"}],"about":[{"href":"https:\/\/fabotape.com\/es\/wp-json\/wp\/v2\/types\/page"}],"author":[{"embeddable":true,"href":"https:\/\/fabotape.com\/es\/wp-json\/wp\/v2\/users\/7"}],"replies":[{"embeddable":true,"href":"https:\/\/fabotape.com\/es\/wp-json\/wp\/v2\/comments?post=13972"}],"version-history":[{"count":11,"href":"https:\/\/fabotape.com\/es\/wp-json\/wp\/v2\/pages\/13972\/revisions"}],"predecessor-version":[{"id":15447,"href":"https:\/\/fabotape.com\/es\/wp-json\/wp\/v2\/pages\/13972\/revisions\/15447"}],"wp:featuredmedia":[{"embeddable":true,"href":"https:\/\/fabotape.com\/es\/wp-json\/wp\/v2\/media\/13973"}],"wp:attachment":[{"href":"https:\/\/fabotape.com\/es\/wp-json\/wp\/v2\/media?parent=13972"}],"wp:term":[{"taxonomy":"post_tag","embeddable":true,"href":"https:\/\/fabotape.com\/es\/wp-json\/wp\/v2\/tags?post=13972"}],"curies":[{"name":"wp","href":"https:\/\/api.w.org\/{rel}","templated":true}]}}