{"id":13968,"date":"2025-08-08T18:39:02","date_gmt":"2025-08-08T16:39:02","guid":{"rendered":"https:\/\/fabotape.com\/certificaciones\/"},"modified":"2026-03-20T15:51:59","modified_gmt":"2026-03-20T14:51:59","slug":"certificaciones","status":"publish","type":"page","link":"https:\/\/fabotape.com\/es\/certificaciones\/","title":{"rendered":"Certificaciones"},"content":{"rendered":"<p>[vc_row el_class=\u00bbriga-storia\u00bb][vc_column offset=\u00bbvc_col-lg-offset-1 vc_col-lg-10 vc_col-md-offset-1 vc_col-md-10&#8243;][vc_column_text css_animation=\u00bbfadeInDown\u00bb el_class=\u00bbjustified\u00bb]<\/p>\n<h2 style=\"text-align: center;\">Nuestra excelencia certificada<\/h2>\n<p>Obtener certificaciones empresariales significa <strong>aumentar el valor y la competitividad de una empresa<\/strong> en el mercado, ya que demuestran, a los ojos de clientes y proveedores, un compromiso constante con los empleados y el crecimiento corporativo.<br \/>\nLas certificaciones son una prueba tangible del <strong>compromiso de Fabo con la calidad<\/strong>, <strong>el medio ambiente<\/strong> y <strong>la responsabilidad social<\/strong>. Su obtenci\u00f3n y mantenimiento en el tiempo demuestran que cumplimos con los m\u00e1s altos est\u00e1ndares de nuestro sector y que estamos dispuestos a someternos a rigurosos procesos de evaluaci\u00f3n para garantizar que nuestros productos y servicios satisfacen las expectativas del cliente.<br \/>\nPor eso invertimos en la investigaci\u00f3n y el mantenimiento continuo de certificaciones, y creemos firmemente en las <strong>asociaciones sectoriales<\/strong> de las que formamos parte. En este contexto, el objetivo es intercambiar experiencias con otras empresas y establecer redes en un mercado complejo y lleno de variables como el de las cinta adhesiva.[\/vc_column_text][\/vc_column][\/vc_row][vc_row el_class=\u00bbriga-storia\u00bb][vc_column offset=\u00bbvc_col-lg-offset-1 vc_col-lg-10 vc_col-md-offset-1 vc_col-md-10&#8243;][vc_row_inner el_class=\u00bbdivider-row\u00bb][vc_column_inner][\/vc_column_inner][\/vc_row_inner][vc_column_text css_animation=\u00bbfadeIn\u00bb]<\/p>\n<h3 style=\"text-align: center;\">Certificaciones de la empresa<\/h3>\n<p>[\/vc_column_text][vc_row_inner equal_height=\u00bbyes\u00bb][vc_column_inner width=\u00bb1\/2&#8243;][vc_single_image image=\u00bb3957&#8243; img_size=\u00bb200&#8243; alignment=\u00bbcenter\u00bb css_animation=\u00bbfadeIn\u00bb][vc_column_text css_animation=\u00bbfadeIn\u00bb]<\/p>\n<h3 style=\"text-align: center;\">ISO 9001<\/h3>\n<p style=\"text-align: justify;\">Desde 2001, FABO cuenta con la certificaci\u00f3n ISO 9001, que establece los criterios para un sistema de <strong>gesti\u00f3n de calidad eficaz<\/strong> y puede aplicarse a cualquier tipo de organizaci\u00f3n, independientemente de su tama\u00f1o o sector.<br \/>\nEsta norma define los requisitos para un sistema de gesti\u00f3n que permite demostrar la capacidad de proporcionar <strong>productos y servicios que cumplen constantemente con los requisitos del cliente<\/strong>, as\u00ed como con las <strong>leyes y<\/strong><strong> normativas aplicables<\/strong>.<br \/>\nLa certificaci\u00f3n es otorgada por parte de organismos independientes tras una evaluaci\u00f3n exhaustiva de la empresa y sus procesos.<\/p>\n<p>[\/vc_column_text]<div class=\" ubtn-ctn-center border-radius-unset\"><a class=\"ubtn-link ult-adjust-bottom-margin ubtn-center ubtn-normal border-radius-unset\" href=\"https:\/\/fabotape.com\/wp-content\/uploads\/2024\/07\/ISO-9001-ITA.pdf\"title=\"ISO 9001 Fabo spa\"target=\"_blank\"rel=\"noopener\"><button type=\"button\" id=\"ubtn-6713\" class=\"ubtn ult-adjust-bottom-margin ult-responsive ubtn-normal ubtn-no-hover-bg  none  ubtn-center   tooltip-69e536ca71322\"  data-hover=\"\" data-border-color=\"\" data-bg=\"#00a887\" data-hover-bg=\"\" data-border-hover=\"\" data-shadow-hover=\"\" data-shadow-click=\"none\" data-shadow=\"\" data-shd-shadow=\"\"  data-ultimate-target='#ubtn-6713'  data-responsive-json-new='{\"font-size\":\"\",\"line-height\":\"\"}'  style=\"font-weight:normal;border:none;background: #00a887;color: #ffffff;\"><span class=\"ubtn-hover\" style=\"background-color:\"><\/span><span class=\"ubtn-data ubtn-text \" >Descargar el certificado<\/span><\/button><\/a><\/div>[\/vc_column_inner][vc_column_inner width=\u00bb1\/2&#8243;][vc_single_image image=\u00bb15636&#8243; img_size=\u00bb200&#8243; alignment=\u00bbcenter\u00bb css_animation=\u00bbfadeIn\u00bb][vc_column_text css_animation=\u00bbfadeIn\u00bb]<\/p>\n<h3 style=\"text-align: center;\">Aticelca<\/h3>\n<p style=\"text-align: justify;\">La certificaci\u00f3n Aticelca acredita la <strong>reciclabilidad de materiales y productos a base de celulosa, como papel y cart\u00f3n<\/strong>, seg\u00fan un sistema de evaluaci\u00f3n reconocido a nivel nacional. Basada en el m\u00e9todo Aticelca 501, esta certificaci\u00f3n se fundamenta en an\u00e1lisis de laboratorio que simulan el proceso de reciclaje industrial, verificando la <strong>capacidad de los materiales para ser recuperados de forma eficiente y sostenible<\/strong>. La adopci\u00f3n de esta norma representa un compromiso concreto con la econom\u00eda circular, contribuyendo a reducir el impacto ambiental y a promover el uso de materiales f\u00e1cilmente reciclables.<\/p>\n<p>[\/vc_column_text]<div class=\" ubtn-ctn-center border-radius-unset\"><a class=\"ubtn-link ult-adjust-bottom-margin ubtn-center ubtn-normal border-radius-unset\" href=\"https:\/\/www.aticelca.it\/1\/\"title=\"Aticelca\"target=\"_blank\"rel=\"noopener\"><button type=\"button\" id=\"ubtn-4087\" class=\"ubtn ult-adjust-bottom-margin ult-responsive ubtn-normal ubtn-no-hover-bg  none  ubtn-center   tooltip-69e536ca71411\"  data-hover=\"\" data-border-color=\"\" data-bg=\"#00a887\" data-hover-bg=\"\" data-border-hover=\"\" data-shadow-hover=\"\" data-shadow-click=\"none\" data-shadow=\"\" data-shd-shadow=\"\"  data-ultimate-target='#ubtn-4087'  data-responsive-json-new='{\"font-size\":\"\",\"line-height\":\"\"}'  style=\"font-weight:normal;border:none;background: #00a887;color: #ffffff;\"><span class=\"ubtn-hover\" style=\"background-color:\"><\/span><span class=\"ubtn-data ubtn-text \" >Ir al sitio<\/span><\/button><\/a><\/div>[\/vc_column_inner][\/vc_row_inner][vc_row_inner el_class=\u00bbdivider-row\u00bb][vc_column_inner][\/vc_column_inner][\/vc_row_inner][vc_row_inner equal_height=\u00bbyes\u00bb][vc_column_inner width=\u00bb1\/6&#8243;][\/vc_column_inner][vc_column_inner width=\u00bb2\/3&#8243;][vc_column_text css_animation=\u00bbfadeIn\u00bb]<\/p>\n<h3 style=\"text-align: center;\">Certificaciones de producto<\/h3>\n<p>[\/vc_column_text][vc_single_image image=\u00bb15618&#8243; img_size=\u00bbfull\u00bb alignment=\u00bbcenter\u00bb css_animation=\u00bbfadeIn\u00bb][vc_column_text css_animation=\u00bbfadeIn\u00bb el_class=\u00bbjustified\u00bb]<\/p>\n<h3 style=\"text-align: center;\">FSC<strong>\u00ae<\/strong><\/h3>\n<p style=\"text-align: justify;\">En 2022, Fabo obtuvo la certificaci\u00f3n <strong>FSC\u00ae<\/strong> para la producci\u00f3n de cinta adhesiva de papel.<br \/>\nEl FSC\u00ae (Forest Stewardship Council\u00ae) es una organizaci\u00f3n internacional, independiente, sin \u00e1nimo de lucro y no gubernamental, fundada en 1993 para promover la gesti\u00f3n responsable de los bosques y plantaciones que conservan la biodiversidad, la funcionalidad ecol\u00f3gica y los beneficios sociales de los \u00e1rboles.<br \/>\nSu certificaci\u00f3n de gesti\u00f3n forestal es una de las m\u00e1s reconocidas a nivel mundial.<br \/>\nLos productos Fabo certificados FSC\u00ae incluyen cinta de papel autoadhesiva y cinta de papel engomado, lisa o reforzada, neutra o personalizada.<\/p>\n<p>[\/vc_column_text]<div class=\" ubtn-ctn-center border-radius-unset\"><a class=\"ubtn-link ult-adjust-bottom-margin ubtn-center ubtn-normal border-radius-unset\" href=\"https:\/\/fabotape.com\/wp-content\/uploads\/2024\/07\/FSC-FABO-ENG.pdf\"title=\"FSC_certificazione_Fabo spa\"target=\"_blank\"rel=\"noopener\"><button type=\"button\" id=\"ubtn-7148\" class=\"ubtn ult-adjust-bottom-margin ult-responsive ubtn-normal ubtn-no-hover-bg  none  ubtn-center   tooltip-69e536ca71487\"  data-hover=\"\" data-border-color=\"\" data-bg=\"#00a887\" data-hover-bg=\"\" data-border-hover=\"\" data-shadow-hover=\"\" data-shadow-click=\"none\" data-shadow=\"\" data-shd-shadow=\"\"  data-ultimate-target='#ubtn-7148'  data-responsive-json-new='{\"font-size\":\"\",\"line-height\":\"\"}'  style=\"font-weight:normal;border:none;background: #00a887;color: #ffffff;\"><span class=\"ubtn-hover\" style=\"background-color:\"><\/span><span class=\"ubtn-data ubtn-text \" >Descargar el certificado<\/span><\/button><\/a><\/div>[\/vc_column_inner][vc_column_inner width=\u00bb1\/6&#8243;][\/vc_column_inner][\/vc_row_inner][vc_row_inner el_class=\u00bbdivider-row\u00bb][vc_column_inner][\/vc_column_inner][\/vc_row_inner][vc_row_inner equal_height=\u00bbyes\u00bb][vc_column_inner width=\u00bb1\/6&#8243;][\/vc_column_inner][vc_column_inner width=\u00bb2\/3&#8243;][vc_single_image image=\u00bb11590&#8243; img_size=\u00bb200&#8243; alignment=\u00bbcenter\u00bb css_animation=\u00bbfadeIn\u00bb][vc_column_text css_animation=\u00bbfadeIn\u00bb el_class=\u00bbjustified\u00bb]<\/p>\n<h3 style=\"text-align: center;\">INGEDE<\/h3>\n<p>En 2024, Fabo obtuvo la certificaci\u00f3n INGEDE: se trata de un an\u00e1lisis de removibilidad del adhesivo, testado mediante el \u201c<em>Test method 12<\/em>\u201d, que determina el nivel de adhesividad seg\u00fan una puntuaci\u00f3n que define 4 niveles.<br \/>\nFabo obtuvo esta certificaci\u00f3n para numerosos productos BOPP con adhesivo Hot Melt, acr\u00edlico y papel autoadhesivo, tanto neutros como impresos.<br \/>\nSuperar esta prueba significa que <strong>las cintas pueden separarse f\u00e1cilmente del embalaje sobre el que se aplican<\/strong>, <strong>facilitando as\u00ed el proceso de reciclaje del papel y del cart\u00f3n<\/strong>.[\/vc_column_text]<div class=\" ubtn-ctn-center border-radius-unset\"><a class=\"ubtn-link ult-adjust-bottom-margin ubtn-center ubtn-normal border-radius-unset\" href=\"https:\/\/fabotape.com\/wp-content\/uploads\/2025\/02\/2024-11_Adhesive_Removability_Fabo__219SP-248_AH97__309-348HM_AH96_EN.pdf\"title=\"INGEDE_certificazione_Fabo spa\"target=\"_blank\"rel=\"noopener\"><button type=\"button\" id=\"ubtn-7950\" class=\"ubtn ult-adjust-bottom-margin ult-responsive ubtn-normal ubtn-no-hover-bg  none  ubtn-center   tooltip-69e536ca71506\"  data-hover=\"\" data-border-color=\"\" data-bg=\"#00a887\" data-hover-bg=\"\" data-border-hover=\"\" data-shadow-hover=\"\" data-shadow-click=\"none\" data-shadow=\"\" data-shd-shadow=\"\"  data-ultimate-target='#ubtn-7950'  data-responsive-json-new='{\"font-size\":\"\",\"line-height\":\"\"}'  style=\"font-weight:normal;border:none;background: #00a887;color: #ffffff;\"><span class=\"ubtn-hover\" style=\"background-color:\"><\/span><span class=\"ubtn-data ubtn-text \" >Descargar el certificado<\/span><\/button><\/a><\/div>[\/vc_column_inner][vc_column_inner width=\u00bb1\/6&#8243;][\/vc_column_inner][\/vc_row_inner][\/vc_column][\/vc_row][vc_row el_class=\u00bbriga-storia\u00bb][vc_column offset=\u00bbvc_col-lg-offset-1 vc_col-lg-10 vc_col-md-offset-1 vc_col-md-10&#8243;][vc_row_inner el_class=\u00bbdivider-row\u00bb][vc_column_inner][\/vc_column_inner][\/vc_row_inner][vc_column_text css_animation=\u00bbfadeIn\u00bb]<\/p>\n<h3 style=\"text-align: center;\">Asociaciones profesionales<\/h3>\n<p>[\/vc_column_text][vc_row_inner][vc_column_inner width=\u00bb1\/2&#8243;][vc_single_image image=\u00bb875&#8243; img_size=\u00bb200&#8243; alignment=\u00bbcenter\u00bb css_animation=\u00bbfadeIn\u00bb][vc_column_text css_animation=\u00bbfadeIn\u00bb]<\/p>\n<h3 style=\"text-align: center;\">AFERA<\/h3>\n<p style=\"text-align: justify;\">FABO es miembro de AFERA, la <strong>European Adhesive Tape Association<\/strong>, una organizaci\u00f3n empresarial que representa los intereses de las empresas del mercado europeo del sector.<br \/>\nAsociaciones como AFERA desempe\u00f1an un papel clave al ofrecer una plataforma para el intercambio de conocimientos, la promoci\u00f3n de buenas pr\u00e1cticas, la estandarizaci\u00f3n de los procesos y la representaci\u00f3n del <strong>sector ante las instituciones europeas y globales<\/strong>.<\/p>\n<p>[\/vc_column_text]<div class=\" ubtn-ctn-center border-radius-unset\"><a class=\"ubtn-link ult-adjust-bottom-margin ubtn-center ubtn-normal border-radius-unset\" href=\"https:\/\/afera.com\"target=\"_blank\"rel=\"noopener\"><button type=\"button\" id=\"ubtn-4854\" class=\"ubtn ult-adjust-bottom-margin ult-responsive ubtn-normal ubtn-no-hover-bg  none  ubtn-center   tooltip-69e536ca71565\"  data-hover=\"\" data-border-color=\"\" data-bg=\"#00a887\" data-hover-bg=\"\" data-border-hover=\"\" data-shadow-hover=\"\" data-shadow-click=\"none\" data-shadow=\"\" data-shd-shadow=\"\"  data-ultimate-target='#ubtn-4854'  data-responsive-json-new='{\"font-size\":\"\",\"line-height\":\"\"}'  style=\"font-weight:normal;border:none;background: #00a887;color: #ffffff;\"><span class=\"ubtn-hover\" style=\"background-color:\"><\/span><span class=\"ubtn-data ubtn-text \" >Ir al sitio<\/span><\/button><\/a><\/div>[\/vc_column_inner][vc_column_inner width=\u00bb1\/2&#8243;][vc_single_image image=\u00bb11089&#8243; img_size=\u00bb200&#8243; alignment=\u00bbcenter\u00bb css_animation=\u00bbfadeIn\u00bb][vc_column_text]<\/p>\n<h3 style=\"text-align: center;\">ASSOGOMMA<\/h3>\n<p style=\"text-align: justify;\">ASSOGOMMA es una hist\u00f3rica asociaci\u00f3n al servicio de las empresas del sector de la goma, cofundadora de Confindustria (Confederaci\u00f3n de la Industria Italiana), y constituye u<strong>n importante punto de referencia para las empresas italianas del sector de la goma, cables el\u00e9ctricos y productos relacionados<\/strong>.<br \/>\nLa asociaci\u00f3n desempe\u00f1a un papel fundamental en la representaci\u00f3n de los intereses del sector, la promoci\u00f3n de su desarrollo, y la protecci\u00f3n del medio ambiente y la salud de los trabajadores.<br \/>\nEs un referente \u00fanico en el panorama italiano para todas las cuestiones afines con el sector de la goma.<\/p>\n<p>[\/vc_column_text]<div class=\" ubtn-ctn-center border-radius-unset\"><a class=\"ubtn-link ult-adjust-bottom-margin ubtn-center ubtn-normal border-radius-unset\" href=\"https:\/\/www.federazionegommaplastica.it\/chi-siamo\/assogomma\/\"target=\"_blank\"rel=\"noopener\"><button type=\"button\" id=\"ubtn-7925\" class=\"ubtn ult-adjust-bottom-margin ult-responsive ubtn-normal ubtn-no-hover-bg  none  ubtn-center   tooltip-69e536ca715bf\"  data-hover=\"\" data-border-color=\"\" data-bg=\"#00a786\" data-hover-bg=\"\" data-border-hover=\"\" data-shadow-hover=\"\" data-shadow-click=\"none\" data-shadow=\"\" data-shd-shadow=\"\"  data-ultimate-target='#ubtn-7925'  data-responsive-json-new='{\"font-size\":\"\",\"line-height\":\"\"}'  style=\"font-weight:normal;border:none;background: #00a786;color: #ffffff;\"><span class=\"ubtn-hover\" style=\"background-color:\"><\/span><span class=\"ubtn-data ubtn-text \" >Ir al sitio<\/span><\/button><\/a><\/div>[\/vc_column_inner][\/vc_row_inner][\/vc_column][\/vc_row]<\/p>\n","protected":false},"excerpt":{"rendered":"<p>[vc_row el_class=\u00bbriga-storia\u00bb][vc_column offset=\u00bbvc_col-lg-offset-1 vc_col-lg-10 vc_col-md-offset-1 vc_col-md-10&#8243;][vc_column_text css_animation=\u00bbfadeInDown\u00bb el_class=\u00bbjustified\u00bb] Nuestra excelencia certificada Obtener certificaciones empresariales significa aumentar el valor y la competitividad de una empresa en el mercado, ya que demuestran,&#8230;<\/p>\n","protected":false},"author":7,"featured_media":15605,"parent":0,"menu_order":0,"comment_status":"closed","ping_status":"closed","template":"","meta":{"_acf_changed":false,"footnotes":""},"tags":[230],"class_list":["post-13968","page","type-page","status-publish","has-post-thumbnail","hentry","tag-restyling-es"],"acf":[],"_links":{"self":[{"href":"https:\/\/fabotape.com\/es\/wp-json\/wp\/v2\/pages\/13968","targetHints":{"allow":["GET"]}}],"collection":[{"href":"https:\/\/fabotape.com\/es\/wp-json\/wp\/v2\/pages"}],"about":[{"href":"https:\/\/fabotape.com\/es\/wp-json\/wp\/v2\/types\/page"}],"author":[{"embeddable":true,"href":"https:\/\/fabotape.com\/es\/wp-json\/wp\/v2\/users\/7"}],"replies":[{"embeddable":true,"href":"https:\/\/fabotape.com\/es\/wp-json\/wp\/v2\/comments?post=13968"}],"version-history":[{"count":8,"href":"https:\/\/fabotape.com\/es\/wp-json\/wp\/v2\/pages\/13968\/revisions"}],"predecessor-version":[{"id":15651,"href":"https:\/\/fabotape.com\/es\/wp-json\/wp\/v2\/pages\/13968\/revisions\/15651"}],"wp:featuredmedia":[{"embeddable":true,"href":"https:\/\/fabotape.com\/es\/wp-json\/wp\/v2\/media\/15605"}],"wp:attachment":[{"href":"https:\/\/fabotape.com\/es\/wp-json\/wp\/v2\/media?parent=13968"}],"wp:term":[{"taxonomy":"post_tag","embeddable":true,"href":"https:\/\/fabotape.com\/es\/wp-json\/wp\/v2\/tags?post=13968"}],"curies":[{"name":"wp","href":"https:\/\/api.w.org\/{rel}","templated":true}]}}