{"id":13964,"date":"2025-08-08T18:30:44","date_gmt":"2025-08-08T16:30:44","guid":{"rendered":"https:\/\/fabotape.com\/la-empresa\/mision-y-valores\/"},"modified":"2025-11-21T15:38:58","modified_gmt":"2025-11-21T14:38:58","slug":"mision-y-valores","status":"publish","type":"page","link":"https:\/\/fabotape.com\/es\/la-empresa\/mision-y-valores\/","title":{"rendered":"Misi\u00f3n y valores"},"content":{"rendered":"<p>[vc_row el_class=\u00bbriga-storia\u00bb][vc_column offset=\u00bbvc_col-lg-offset-1 vc_col-lg-10 vc_col-md-offset-1 vc_col-md-10&#8243;][vc_column_text el_class=\u00bbtext-center\u00bb]<\/p>\n<h2 style=\"text-align: center;\">Nuestros valores<\/h2>\n<p>[\/vc_column_text][\/vc_column][\/vc_row][vc_row css_animation=\u00bbfadeInRight\u00bb el_class=\u00bbriga-testo-due-colonne\u00bb][vc_column width=\u00bb1\/2&#8243; offset=\u00bbvc_col-lg-offset-1 vc_col-lg-5 vc_col-md-offset-1 vc_col-md-5&#8243;][vc_single_image image=\u00bb15047&#8243; img_size=\u00bbfull\u00bb el_class=\u00bbtop-center-logo-icon\u00bb][vc_single_image image=\u00bb8805&#8243; img_size=\u00bbfull\u00bb css_animation=\u00bbfadeIn\u00bb][\/vc_column][vc_column width=\u00bb1\/2&#8243; offset=\u00bbvc_col-lg-5 vc_col-md-5&#8243;][vc_column_text css_animation=\u00bbfadeIn\u00bb el_class=\u00bbjustified\u00bb]<\/p>\n<h3>Desarrollo sostenible<\/h3>\n<p>Nacimos hace 50 a\u00f1os produciendo cinta de papel engomado, un producto completamente sostenible. Por eso, <strong>la sostenibilidad<\/strong> siempre ha formado parte del <strong>ADN de nuestra empresa<\/strong>.<\/p>\n<p>Lo que hacemos est\u00e1 impulsado por un profundo compromiso con la reducci\u00f3n del impacto ambiental. Nuestra misi\u00f3n no es solo ofrecer una cinta adhesiva de alta calidad, sino hacerlo teniendo siempre en cuenta la sostenibilidad del planeta.<\/p>\n<p>Tenemos <strong>una responsabilidad con el medio ambiente<\/strong> y trabajamos constantemente para integrar pr\u00e1cticas sostenibles en nuestro proceso productivo. Desde el uso de adhesivos acr\u00edlicos <strong>sin solventes<\/strong> hasta la reutilizaci\u00f3n de nuestros residuos de producci\u00f3n, pasando por el uso de energ\u00eda limpia gracias a nuestra <strong>planta fotovoltaica<\/strong> y nuestro <strong>trigenerador<\/strong>, tratamos cada d\u00eda de reducir nuestro impacto ambiental y promover un futuro m\u00e1s sostenible.[\/vc_column_text][\/vc_column][\/vc_row][vc_row css_animation=\u00bbfadeInLeft\u00bb el_class=\u00bbriga-testo-due-colonne swap-on-mobile\u00bb][vc_column width=\u00bb1\/2&#8243; offset=\u00bbvc_col-lg-offset-1 vc_col-lg-5 vc_col-md-offset-1 vc_col-md-5&#8243;][vc_column_text css_animation=\u00bbfadeIn\u00bb el_class=\u00bbjustified\u00bb]<\/p>\n<h3>Made in Italy<\/h3>\n<p>El centro de producci\u00f3n y log\u00edstica de Fabo est\u00e1 situado en el coraz\u00f3n de la Toscana, en <strong>Larciano<\/strong>, provincia de Pistoia, nuestro lugar de origen.<br \/>\nPor eso estamos orgullosos de ser una empresa italiana que coloca el concepto de \u201c<strong>Made in Italy<\/strong>\u201d en el centro de su actividad, un s\u00edmbolo de artesan\u00eda y tradici\u00f3n que se traduce en una atenci\u00f3n constante a la calidad de nuestra producci\u00f3n.<\/p>\n<p>Desde la elecci\u00f3n de las materias primas, seleccionamos proveedores que pueden garantizarnos alto <strong>rendimiento <\/strong>y <strong>fiabilidad<\/strong>. Hemos optado por utilizar, siempre que sea posible, <strong>recursos locales<\/strong>, asegurando que las materias primas utilizadas para nuestros productos provengan de proveedores de nuestra zona. Esto no solo apoya la econom\u00eda local, sino que tambi\u00e9n reduce el impacto ambiental relacionado con el transporte.[\/vc_column_text][\/vc_column][vc_column width=\u00bb1\/2&#8243; offset=\u00bbvc_col-lg-5 vc_col-md-5&#8243;][vc_single_image image=\u00bb15047&#8243; img_size=\u00bbfull\u00bb el_class=\u00bbtop-right-logo-icon\u00bb][vc_single_image image=\u00bb8859&#8243; img_size=\u00bbfull\u00bb css_animation=\u00bbfadeIn\u00bb][\/vc_column][\/vc_row][vc_row css_animation=\u00bbfadeInRight\u00bb el_class=\u00bbriga-testo-due-colonne\u00bb][vc_column width=\u00bb1\/2&#8243; offset=\u00bbvc_col-lg-offset-1 vc_col-lg-5 vc_col-md-offset-1 vc_col-md-5&#8243;][vc_single_image image=\u00bb15047&#8243; img_size=\u00bbfull\u00bb el_class=\u00bbmiddle-left-logo-icon\u00bb][vc_single_image image=\u00bb12270&#8243; img_size=\u00bbfull\u00bb css_animation=\u00bbfadeIn\u00bb][\/vc_column][vc_column width=\u00bb1\/2&#8243; offset=\u00bbvc_col-lg-5 vc_col-md-5&#8243;][vc_column_text css_animation=\u00bbfadeIn\u00bb el_class=\u00bbjustified\u00bb]<\/p>\n<h3>Satisfacci\u00f3n del cliente<\/h3>\n<p>Nuestros clientes son un patrimonio muy importante. Para nosotros es esencial establecer <strong>relaciones duraderas orientadas a satisfacer sus demandas<\/strong>. Esto nos permite mantenernos competitivos en un mercado en constante evoluci\u00f3n.<\/p>\n<p>Utilizamos sugerencias y cr\u00edticas como base para innovar en productos y servicios, tratando de adaptarnos a las necesidades de los clientes. Uno de nuestros puntos fuertes es<strong> ofrecer soluciones personalizadas y flexibles<\/strong> que se ajusten a las solicitudes que recibimos, escuchando e interpretando lo que se nos pide.<\/p>\n<p>Este enfoque siempre nos ha premiado con los clientes y nos ha llevado a construir con ellos <strong>relaciones estables y duraderas<\/strong>, conscientes del valor a largo plazo de relaciones basadas en la confianza, la competencia y la profesionalidad.[\/vc_column_text][\/vc_column][\/vc_row][vc_row el_class=\u00bbriga-storia\u00bb][vc_column offset=\u00bbvc_col-lg-offset-1 vc_col-lg-10 vc_col-md-offset-1 vc_col-md-10&#8243;][vc_row_inner el_class=\u00bbdivider-row\u00bb][vc_column_inner][\/vc_column_inner][\/vc_row_inner][vc_column_text el_class=\u00bbtext-center\u00bb]<\/p>\n<h2 style=\"text-align: center;\">Nuestra misi\u00f3n<\/h2>\n<p>[\/vc_column_text][\/vc_column][\/vc_row][vc_row full_width=\u00bbstretch_row\u00bb css_animation=\u00bbfadeIn\u00bb][vc_column width=\u00bb1\/4&#8243;][\/vc_column][vc_column width=\u00bb1\/2&#8243;][vc_column_text css_animation=\u00bbfadeIn\u00bb]<\/p>\n<h3 style=\"text-align: center;\">es producir y ofrecer cinta adhesiva de alta calidad mediante decisiones sostenibles, con el objetivo de dar siempre prioridad a la satisfacci\u00f3n del cliente.<\/h3>\n<p>[\/vc_column_text][vc_video link=\u00bbhttps:\/\/youtu.be\/d818DP1uc9s\u00bb align=\u00bbcenter\u00bb][\/vc_column][vc_column width=\u00bb1\/4&#8243;][\/vc_column][\/vc_row][vc_row el_class=\u00bbriga-storia\u00bb][vc_column offset=\u00bbvc_col-lg-offset-1 vc_col-lg-10 vc_col-md-offset-1 vc_col-md-10&#8243;][vc_row_inner el_class=\u00bbdivider-row\u00bb][vc_column_inner][\/vc_column_inner][\/vc_row_inner][vc_column_text el_class=\u00bbtext-center\u00bb]<\/p>\n<h2 style=\"text-align: center;\">Nuestro logotipo, nuestros colores<\/h2>\n<p>[\/vc_column_text][\/vc_column][\/vc_row][vc_row css_animation=\u00bbfadeInLeft\u00bb el_class=\u00bbriga-testo-due-colonne swap-on-mobile\u00bb][vc_column width=\u00bb1\/2&#8243; offset=\u00bbvc_col-lg-offset-1 vc_col-lg-5 vc_col-md-offset-1 vc_col-md-5&#8243;][vc_column_text css_animation=\u00bbfadeIn\u00bb el_class=\u00bbjustified\u00bb]<\/p>\n<div class=\"page\" title=\"Page 10\">\n<div class=\"section\">\n<div class=\"layoutArea\">\n<div class=\"column\">\n<p>Nuestro logotipo se caracteriza por una estilizaci\u00f3n de la cinta adhesiva: una elecci\u00f3n estil\u00edstica que no solo tiene un <strong>valor distintivo<\/strong>, sino que identifica tambi\u00e9n de inmediato lo que hacemos.<\/p>\n<p><strong>Nuestro payoff<\/strong> es coherente con nuestra identidad corporativa y comunica nuestro compromiso constante con ofrecer productos de <strong>calidad<\/strong>, siempre con un enfoque en las <strong>elecciones sostenibles para el futuro<\/strong>.<\/p>\n<div class=\"page\" title=\"Page 13\">\n<div class=\"layoutArea\">\n<div class=\"column\">\n<p>El <strong>color <\/strong>es una parte fundamental de la<strong> imagen corporativa<\/strong> y un uso consistente de la paleta primaria refuerza la marca.<br \/>\nLa paleta primaria representa y recuerda los <strong>valores de Fabo<\/strong>.<br \/>\nEl <strong>verde <\/strong>es energizante y creativo, adem\u00e1s de evocar el <strong>entorno<\/strong>, un tema clave en las pol\u00edticas de Fabo.<br \/>\nEl <strong>azul <\/strong>transmite <strong>competencia <\/strong>y <strong>profesionalidad<\/strong>, valores presentes en todos nuestros procesos de producci\u00f3n.<\/p>\n<\/div>\n<\/div>\n<\/div>\n<\/div>\n<\/div>\n<\/div>\n<\/div>\n<p>[\/vc_column_text][\/vc_column][vc_column width=\u00bb1\/2&#8243; offset=\u00bbvc_col-lg-5 vc_col-md-5&#8243;][vc_single_image image=\u00bb13626&#8243; img_size=\u00bbfull\u00bb css_animation=\u00bbfadeIn\u00bb][\/vc_column][\/vc_row]<\/p>\n","protected":false},"excerpt":{"rendered":"<p>[vc_row el_class=\u00bbriga-storia\u00bb][vc_column offset=\u00bbvc_col-lg-offset-1 vc_col-lg-10 vc_col-md-offset-1 vc_col-md-10&#8243;][vc_column_text el_class=\u00bbtext-center\u00bb] Nuestros valores [\/vc_column_text][\/vc_column][\/vc_row][vc_row css_animation=\u00bbfadeInRight\u00bb el_class=\u00bbriga-testo-due-colonne\u00bb][vc_column width=\u00bb1\/2&#8243; offset=\u00bbvc_col-lg-offset-1 vc_col-lg-5 vc_col-md-offset-1 vc_col-md-5&#8243;][vc_single_image image=\u00bb15047&#8243; img_size=\u00bbfull\u00bb el_class=\u00bbtop-center-logo-icon\u00bb][vc_single_image image=\u00bb8805&#8243; img_size=\u00bbfull\u00bb css_animation=\u00bbfadeIn\u00bb][\/vc_column][vc_column width=\u00bb1\/2&#8243; offset=\u00bbvc_col-lg-5 vc_col-md-5&#8243;][vc_column_text css_animation=\u00bbfadeIn\u00bb el_class=\u00bbjustified\u00bb] Desarrollo sostenible&#8230;<\/p>\n","protected":false},"author":7,"featured_media":13965,"parent":13957,"menu_order":0,"comment_status":"closed","ping_status":"closed","template":"","meta":{"_acf_changed":false,"footnotes":""},"tags":[230],"class_list":["post-13964","page","type-page","status-publish","has-post-thumbnail","hentry","tag-restyling-es"],"acf":[],"_links":{"self":[{"href":"https:\/\/fabotape.com\/es\/wp-json\/wp\/v2\/pages\/13964","targetHints":{"allow":["GET"]}}],"collection":[{"href":"https:\/\/fabotape.com\/es\/wp-json\/wp\/v2\/pages"}],"about":[{"href":"https:\/\/fabotape.com\/es\/wp-json\/wp\/v2\/types\/page"}],"author":[{"embeddable":true,"href":"https:\/\/fabotape.com\/es\/wp-json\/wp\/v2\/users\/7"}],"replies":[{"embeddable":true,"href":"https:\/\/fabotape.com\/es\/wp-json\/wp\/v2\/comments?post=13964"}],"version-history":[{"count":38,"href":"https:\/\/fabotape.com\/es\/wp-json\/wp\/v2\/pages\/13964\/revisions"}],"predecessor-version":[{"id":15443,"href":"https:\/\/fabotape.com\/es\/wp-json\/wp\/v2\/pages\/13964\/revisions\/15443"}],"up":[{"embeddable":true,"href":"https:\/\/fabotape.com\/es\/wp-json\/wp\/v2\/pages\/13957"}],"wp:featuredmedia":[{"embeddable":true,"href":"https:\/\/fabotape.com\/es\/wp-json\/wp\/v2\/media\/13965"}],"wp:attachment":[{"href":"https:\/\/fabotape.com\/es\/wp-json\/wp\/v2\/media?parent=13964"}],"wp:term":[{"taxonomy":"post_tag","embeddable":true,"href":"https:\/\/fabotape.com\/es\/wp-json\/wp\/v2\/tags?post=13964"}],"curies":[{"name":"wp","href":"https:\/\/api.w.org\/{rel}","templated":true}]}}