{"id":13960,"date":"2025-08-08T18:18:02","date_gmt":"2025-08-08T16:18:02","guid":{"rendered":"https:\/\/fabotape.com\/la-empresa\/nuestra-historia\/"},"modified":"2025-11-21T15:27:17","modified_gmt":"2025-11-21T14:27:17","slug":"nuestra-historia","status":"publish","type":"page","link":"https:\/\/fabotape.com\/es\/la-empresa\/nuestra-historia\/","title":{"rendered":"Nuestra historia"},"content":{"rendered":"<p>[vc_row el_class=\u00bbriga-testo-due-colonne\u00bb][vc_column width=\u00bb1\/2&#8243; offset=\u00bbvc_col-lg-offset-1 vc_col-lg-5 vc_col-md-offset-1 vc_col-md-5&#8243;][vc_single_image image=\u00bb15047&#8243; img_size=\u00bbfull\u00bb css_animation=\u00bbfadeIn\u00bb el_class=\u00bbtop-left-logo-icon\u00bb][vc_single_image image=\u00bb8825&#8243; img_size=\u00bbfull\u00bb css_animation=\u00bbfadeIn\u00bb][\/vc_column][vc_column width=\u00bb1\/2&#8243; offset=\u00bbvc_col-lg-5 vc_col-md-5&#8243;][vc_column_text css_animation=\u00bbfadeIn\u00bb el_class=\u00bbjustified\u00bb]<\/p>\n<h3>Or\u00edgenes<\/h3>\n<p>Fabo fue fundada en <strong>1971 <\/strong>como una <strong>peque\u00f1a empresa artesanal<\/strong> dedicada a la <strong>producci\u00f3n de cinta de papel engomado<\/strong>, un producto que siempre ha sido el punto fuerte de la empresa y que ha vuelto a ser de inter\u00e9s en los \u00faltimos a\u00f1os gracias a sus caracter\u00edsticas ecol\u00f3gicas y de reciclabilidad.<\/p>\n<p>Hoy en d\u00eda, Fabo es una <strong>empresa de car\u00e1cter familiar<\/strong> s\u00f3lidamente establecida en Toscana. Desde hace m\u00e1s de 50 a\u00f1os, opera en el mercado internacional de cintas adhesivas con competencia y fiabilidad, valores que pone cada d\u00eda a disposici\u00f3n de sus clientes, proveedores y distribuidores de cintas adhesivas.<\/p>\n<p>La <strong>flexibilidad <\/strong>y la <strong>competencia <\/strong>han sido siempre valores fundamentales de la empresa que, en m\u00e1s de medio siglo de historia, ha desarrollado capacidades distintivas en el proceso industrial, en interpretar las demandas del mercado y en transformarlas en soluciones innovadoras a medida.[\/vc_column_text][\/vc_column][\/vc_row][vc_row el_class=\u00bbriga-testo-due-colonne swap-on-mobile\u00bb][vc_column width=\u00bb1\/2&#8243; offset=\u00bbvc_col-lg-offset-1 vc_col-lg-5 vc_col-md-offset-1 vc_col-md-5&#8243;][vc_column_text css_animation=\u00bbfadeIn\u00bb el_class=\u00bbjustified\u00bb]<\/p>\n<h3>Nuestro presente<\/h3>\n<p>La empresa se presenta, como hist\u00f3rico productor del sector, como el <strong>socio ideal<\/strong> para satisfacer cualquier necesidad en materia de cinta adhesiva.<\/p>\n<p>La base de nuestro \u00e9xito internacional \u2014<strong>m\u00e1s del 70 % de nuestra producci\u00f3n se destina a la exportaci\u00f3n<\/strong>\u2014 es la especial atenci\u00f3n que dedicamos a las relaciones y nuestra capacidad de gestionar una clientela heterog\u00e9nea compuesta por distribuidores, impresores, cortadores, transformadores de cintas adhesivas y grandes industrias.<\/p>\n<p>Esto es posible gracias a la <strong>gesti\u00f3n directa del cliente<\/strong> por parte de un personal de ventas preparado y atento, que garantiza una <strong>presencia capilar en el territorio nacional e internacional<\/strong>, proporcionando asistencia y apoyo en cada etapa de la compra de la cinta adhesiva m\u00e1s adecuada a las demandas y necesidades del cliente.[\/vc_column_text][\/vc_column][vc_column width=\u00bb1\/2&#8243; offset=\u00bbvc_col-lg-5 vc_col-md-5&#8243;][vc_single_image image=\u00bb15047&#8243; img_size=\u00bbfull\u00bb css_animation=\u00bbfadeIn\u00bb el_class=\u00bbbottom-right-logo-icon\u00bb][vc_single_image image=\u00bb8831&#8243; img_size=\u00bbfull\u00bb css_animation=\u00bbfadeIn\u00bb][\/vc_column][\/vc_row][vc_row el_class=\u00bbriga-testo-due-colonne\u00bb][vc_column width=\u00bb1\/2&#8243; offset=\u00bbvc_col-lg-offset-1 vc_col-lg-5 vc_col-md-offset-1 vc_col-md-5&#8243;][vc_single_image image=\u00bb15047&#8243; img_size=\u00bbfull\u00bb css_animation=\u00bbfadeIn\u00bb el_class=\u00bbmiddle-left-logo-icon\u00bb][vc_single_image image=\u00bb12259&#8243; img_size=\u00bbfull\u00bb css_animation=\u00bbfadeIn\u00bb][\/vc_column][vc_column width=\u00bb1\/2&#8243; offset=\u00bbvc_col-lg-5 vc_col-md-5&#8243;][vc_column_text css_animation=\u00bbfadeIn\u00bb el_class=\u00bbjustified\u00bb]<\/p>\n<h3>Especializaciones y misi\u00f3n de la empresa<\/h3>\n<p>Fabo est\u00e1 especializada en la producci\u00f3n de cinta adhesiva con <strong>tecnolog\u00eda acr\u00edlica a base de agua<\/strong>, <strong>hot melt<\/strong> y <strong>papel engomado<\/strong>, as\u00ed como en la personalizaci\u00f3n de cintas mediante <strong>tecnolog\u00edas de impresi\u00f3n flexogr\u00e1fica<\/strong>, gracias al uso de maquinaria moderna y procesos automatizados.<\/p>\n<p>La gesti\u00f3n automatizada del ciclo de producci\u00f3n y la trazabilidad completa de todos los materiales utilizados garantizan un control total del proceso. En una superficie de 15.000m\u00b2, operan m\u00faltiples l\u00edneas de aplicaci\u00f3n y varias l\u00edneas de corte para la fabricaci\u00f3n de cintas adhesivas eficaces y de alto rendimiento con la m\u00e1xima calidad.<\/p>\n<p>El uso de maquinaria altamente tecnol\u00f3gica, las inversiones en sostenibilidad, investigaci\u00f3n y desarrollo, la continuidad cualitativa y la fiabilidad, junto con los a\u00f1os de experiencia en el sector, son los <strong>puntos fuertes<\/strong> con los que FABO se mantiene al d\u00eda con las demandas del mercado mientras contin\u00faa inspirando su futuro.[\/vc_column_text][\/vc_column][\/vc_row][vc_row css_animation=\u00bbfadeInRight\u00bb el_class=\u00bbriga-storia\u00bb][vc_column offset=\u00bbvc_col-lg-offset-1 vc_col-lg-10 vc_col-md-offset-1 vc_col-md-10&#8243;][vc_column_text el_class=\u00bblabel-riga text-center\u00bb]<\/p>\n<h3>Historia en breve<\/h3>\n<p>[\/vc_column_text]<div class=\"smile-icon-timeline-wrap csstime timeline-fabo timeline-custom-width \" data-timeline-cutom-width=\"400\"    style=\"\"><div class=\"timeline-line \" style=\"border-right-color:;\"><span><\/span><\/div><div class=\"timeline-wrapper\"><div class=\"timeline-block \"><div class=\"timeline-dot\"><\/div><div class=\"ult-timeline-arrow\"><s><\/s><l><\/l><\/div><div class=\"timeline-icon-block\"><div class=\"ult-timeline-icon tl-icon-no-bg\" style=\"   \"><\/div> <!-- icon --><\/div><div class=\"timeline-header-block\" >\r\n\t\t\t\t\t\t\t<div id=\"timeline-item-9219\" class=\"timeline-header\" style=\"\"><h3 class=\"ult-timeline-title ult-responsive\"  data-ultimate-target='#timeline-item-9219 .ult-timeline-title'  data-responsive-json-new='{\"font-size\":\"\",\"line-height\":\"\"}'  style=\"\">1971<\/h3><div class=\"ult-responsive timeline-item-spt\"  data-ultimate-target='#timeline-item-9219 .timeline-item-spt'  data-responsive-json-new='{\"font-size\":\"\",\"line-height\":\"\"}'  style=\"\"><\/p>\n<div class=\"page\" title=\"Page 5\">\n<div class=\"section\">\n<div class=\"layoutArea\">\n<div class=\"column\">\n<p>FABO nace como una peque\u00f1a empresa artesanal dedicada a la producci\u00f3n de <strong>cinta de papel engomado<\/strong>.<\/p>\n<\/div>\n<\/div>\n<\/div>\n<\/div>\n<p><\/div><\/div> <!-- header --><\/div><\/div><div class=\"timeline-block \"><div class=\"timeline-dot\"><\/div><div class=\"ult-timeline-arrow\"><s><\/s><l><\/l><\/div><div class=\"timeline-icon-block\"><div class=\"ult-timeline-icon tl-icon-no-bg\" style=\"   \"><\/div> <!-- icon --><\/div><div class=\"timeline-header-block\" >\r\n\t\t\t\t\t\t\t<div id=\"timeline-item-8549\" class=\"timeline-header\" style=\"\"><h3 class=\"ult-timeline-title ult-responsive\"  data-ultimate-target='#timeline-item-8549 .ult-timeline-title'  data-responsive-json-new='{\"font-size\":\"\",\"line-height\":\"\"}'  style=\"\">1986<\/h3><div class=\"ult-responsive timeline-item-spt\"  data-ultimate-target='#timeline-item-8549 .timeline-item-spt'  data-responsive-json-new='{\"font-size\":\"\",\"line-height\":\"\"}'  style=\"\">Entre los primeros en Europa, FABO introduce la tecnolog\u00eda de <strong>aplicaci\u00f3n acr\u00edlica<\/strong> a base de agua, completamente <strong>libre de disolventes<\/strong>.<\/div><\/div> <!-- header --><\/div><\/div><div class=\"timeline-block \"><div class=\"timeline-dot\"><\/div><div class=\"ult-timeline-arrow\"><s><\/s><l><\/l><\/div><div class=\"timeline-icon-block\"><div class=\"ult-timeline-icon tl-icon-no-bg\" style=\"   \"><\/div> <!-- icon --><\/div><div class=\"timeline-header-block\" >\r\n\t\t\t\t\t\t\t<div id=\"timeline-item-5576\" class=\"timeline-header\" style=\"\"><h3 class=\"ult-timeline-title ult-responsive\"  data-ultimate-target='#timeline-item-5576 .ult-timeline-title'  data-responsive-json-new='{\"font-size\":\"\",\"line-height\":\"\"}'  style=\"\">2001<\/h3><div class=\"ult-responsive timeline-item-spt\"  data-ultimate-target='#timeline-item-5576 .timeline-item-spt'  data-responsive-json-new='{\"font-size\":\"\",\"line-height\":\"\"}'  style=\"\"><\/p>\n<p class=\"align-right\">FABO obtiene la certificaci\u00f3n <strong>ISO UNI EN 9001<\/strong>.<\/p>\n<p><\/div><\/div> <!-- header --><\/div><\/div><div class=\"timeline-block \"><div class=\"timeline-dot\"><\/div><div class=\"ult-timeline-arrow\"><s><\/s><l><\/l><\/div><div class=\"timeline-icon-block\"><div class=\"ult-timeline-icon tl-icon-no-bg\" style=\"   \"><\/div> <!-- icon --><\/div><div class=\"timeline-header-block\" >\r\n\t\t\t\t\t\t\t<div id=\"timeline-item-5741\" class=\"timeline-header\" style=\"\"><h3 class=\"ult-timeline-title ult-responsive\"  data-ultimate-target='#timeline-item-5741 .ult-timeline-title'  data-responsive-json-new='{\"font-size\":\"\",\"line-height\":\"\"}'  style=\"\">2005<\/h3><div class=\"ult-responsive timeline-item-spt\"  data-ultimate-target='#timeline-item-5741 .timeline-item-spt'  data-responsive-json-new='{\"font-size\":\"\",\"line-height\":\"\"}'  style=\"\">FABO asume una dimensi\u00f3n cada vez m\u00e1s internacional, convirti\u00e9ndose en <strong>miembro de Afera<\/strong>, la asociaci\u00f3n europea de fabricantes de cinta adhesiva.<\/div><\/div> <!-- header --><\/div><\/div><div class=\"timeline-block \"><div class=\"timeline-dot\"><\/div><div class=\"ult-timeline-arrow\"><s><\/s><l><\/l><\/div><div class=\"timeline-icon-block\"><div class=\"ult-timeline-icon tl-icon-no-bg\" style=\"   \"><\/div> <!-- icon --><\/div><div class=\"timeline-header-block\" >\r\n\t\t\t\t\t\t\t<div id=\"timeline-item-1712\" class=\"timeline-header\" style=\"\"><h3 class=\"ult-timeline-title ult-responsive\"  data-ultimate-target='#timeline-item-1712 .ult-timeline-title'  data-responsive-json-new='{\"font-size\":\"\",\"line-height\":\"\"}'  style=\"\">2006<\/h3><div class=\"ult-responsive timeline-item-spt\"  data-ultimate-target='#timeline-item-1712 .timeline-item-spt'  data-responsive-json-new='{\"font-size\":\"\",\"line-height\":\"\"}'  style=\"\">FABO ampl\u00eda su planta a 15.000 m\u00b2 e implementa la producci\u00f3n de <strong>cintas con adhesivo hot melt<\/strong><\/div><\/div> <!-- header --><\/div><\/div><div class=\"timeline-block \"><div class=\"timeline-dot\"><\/div><div class=\"ult-timeline-arrow\"><s><\/s><l><\/l><\/div><div class=\"timeline-icon-block\"><div class=\"ult-timeline-icon tl-icon-no-bg\" style=\"   \"><\/div> <!-- icon --><\/div><div class=\"timeline-header-block\" >\r\n\t\t\t\t\t\t\t<div id=\"timeline-item-1815\" class=\"timeline-header\" style=\"\"><h3 class=\"ult-timeline-title ult-responsive\"  data-ultimate-target='#timeline-item-1815 .ult-timeline-title'  data-responsive-json-new='{\"font-size\":\"\",\"line-height\":\"\"}'  style=\"\">2013-2021<\/h3><div class=\"ult-responsive timeline-item-spt\"  data-ultimate-target='#timeline-item-1815 .timeline-item-spt'  data-responsive-json-new='{\"font-size\":\"\",\"line-height\":\"\"}'  style=\"\">FABO adopta una serie de pol\u00edticas para reducir su impacto ambiental y enfocadas en la <strong>sostenibilidad<\/strong>, como la introducci\u00f3n de un sistema de <strong>recuperaci\u00f3n y eliminaci\u00f3n de solventes y residuos de producci\u00f3n<\/strong>, la instalaci\u00f3n de <strong>paneles fotovoltaicos<\/strong> y un <strong>trigenerador<\/strong>.<\/div><\/div> <!-- header --><\/div><\/div><div class=\"timeline-block \"><div class=\"timeline-dot\"><\/div><div class=\"ult-timeline-arrow\"><s><\/s><l><\/l><\/div><div class=\"timeline-icon-block\"><div class=\"ult-timeline-icon tl-icon-no-bg\" style=\"   \"><\/div> <!-- icon --><\/div><div class=\"timeline-header-block\" >\r\n\t\t\t\t\t\t\t<div id=\"timeline-item-3513\" class=\"timeline-header\" style=\"\"><h3 class=\"ult-timeline-title ult-responsive\"  data-ultimate-target='#timeline-item-3513 .ult-timeline-title'  data-responsive-json-new='{\"font-size\":\"\",\"line-height\":\"\"}'  style=\"\">2021<\/h3><div class=\"ult-responsive timeline-item-spt\"  data-ultimate-target='#timeline-item-3513 .timeline-item-spt'  data-responsive-json-new='{\"font-size\":\"\",\"line-height\":\"\"}'  style=\"\">FABO obtiene la certificaci\u00f3n <strong>ISO UNI EN 14064<\/strong> para la cuantificaci\u00f3n y declaraci\u00f3n de emisiones de di\u00f3xido de carbono.<\/div><\/div> <!-- header --><\/div><\/div><div class=\"timeline-block \"><div class=\"timeline-dot\"><\/div><div class=\"ult-timeline-arrow\"><s><\/s><l><\/l><\/div><div class=\"timeline-icon-block\"><div class=\"ult-timeline-icon tl-icon-no-bg\" style=\"   \"><\/div> <!-- icon --><\/div><div class=\"timeline-header-block\" >\r\n\t\t\t\t\t\t\t<div id=\"timeline-item-6714\" class=\"timeline-header\" style=\"\"><h3 class=\"ult-timeline-title ult-responsive\"  data-ultimate-target='#timeline-item-6714 .ult-timeline-title'  data-responsive-json-new='{\"font-size\":\"\",\"line-height\":\"\"}'  style=\"\">2022<\/h3><div class=\"ult-responsive timeline-item-spt\"  data-ultimate-target='#timeline-item-6714 .timeline-item-spt'  data-responsive-json-new='{\"font-size\":\"\",\"line-height\":\"\"}'  style=\"\">FABO obtiene la certificaci\u00f3n <strong>FSC\u00ae<\/strong> para la producci\u00f3n de cinta de papel engomado o autoadhesivo.<\/div><\/div> <!-- header --><\/div><\/div><div class=\"timeline-block \"><div class=\"timeline-dot\"><\/div><div class=\"ult-timeline-arrow\"><s><\/s><l><\/l><\/div><div class=\"timeline-icon-block\"><div class=\"ult-timeline-icon tl-icon-no-bg\" style=\"   \"><\/div> <!-- icon --><\/div><div class=\"timeline-header-block\" >\r\n\t\t\t\t\t\t\t<div id=\"timeline-item-6275\" class=\"timeline-header\" style=\"\"><h3 class=\"ult-timeline-title ult-responsive\"  data-ultimate-target='#timeline-item-6275 .ult-timeline-title'  data-responsive-json-new='{\"font-size\":\"\",\"line-height\":\"\"}'  style=\"\">2024<\/h3><div class=\"ult-responsive timeline-item-spt\"  data-ultimate-target='#timeline-item-6275 .timeline-item-spt'  data-responsive-json-new='{\"font-size\":\"\",\"line-height\":\"\"}'  style=\"\">FABO obtiene la <strong>certificaci\u00f3n INGEDE<\/strong> para algunos productos de su gama. Esta certificaci\u00f3n acredita que la cinta puede separarse f\u00e1cilmente del embalaje sobre el que est\u00e1 aplicada durante el proceso de reciclaje de papel y cart\u00f3n.<\/div><\/div> <!-- header --><\/div><\/div><div class=\"timeline-block \"><div class=\"timeline-dot\"><\/div><div class=\"ult-timeline-arrow\"><s><\/s><l><\/l><\/div><div class=\"timeline-icon-block\"><div class=\"ult-timeline-icon tl-icon-no-bg\" style=\"   \"><\/div> <!-- icon --><\/div><div class=\"timeline-header-block\" >\r\n\t\t\t\t\t\t\t<div id=\"timeline-item-1664\" class=\"timeline-header\" style=\"\"><h3 class=\"ult-timeline-title ult-responsive\"  data-ultimate-target='#timeline-item-1664 .ult-timeline-title'  data-responsive-json-new='{\"font-size\":\"\",\"line-height\":\"\"}'  style=\"\">2025<\/h3><div class=\"ult-responsive timeline-item-spt\"  data-ultimate-target='#timeline-item-1664 .timeline-item-spt'  data-responsive-json-new='{\"font-size\":\"\",\"line-height\":\"\"}'  style=\"\">FABO tiene como objetivo obtener la certificaci\u00f3n <strong>ISO UNI EN 14001<\/strong>, relativa a los sistemas de gesti\u00f3n ambiental, y redactar su primer <strong>informe de sostenibilidad<\/strong> y su primer informe sobre igualdad <strong>de g\u00e9nero<\/strong>.<\/div><\/div> <!-- header --><\/div><\/div><\/div><\/div>[\/vc_column][\/vc_row][vc_row full_width=\u00bbstretch_row\u00bb disable_element=\u00bbyes\u00bb el_class=\u00bbcategoria-seo seo-grigio\u00bb][vc_column][vc_separator color=\u00bbcustom\u00bb border_width=\u00bb2&#8243; css_animation=\u00bbfadeIn\u00bb accent_color=\u00bb#00a786&#8243;][vc_column_text el_class=\u00bbcontenuto\u00bb]<code>testo lasciato solo per referenza, a completamento pagina andrebbe rimosso il blocco<br \/>\n<\/code><\/p>\n<h2>Fabo, empresa productora de cintas adhesivas<\/h2>\n<p>La tradici\u00f3n, la historia, el saber hacer y la experiencia han permitido a la empresa consolidarse como un referente de la <strong>excelencia italiana<\/strong>. Durante m\u00e1s de 50 a\u00f1os, Fabo ha operado en el <strong>mercado internacional de grandes fabricantes de cintas adhesivas<\/strong> con experiencia y fiabilidad. Fabo produce cintas adhesivas <strong>desde 1971<\/strong> y hoy es uno de los fabricantes l\u00edderes del sector en Europa, ofreciendo a sus clientes, proveedores y distribuidores de cintas adhesivas toda su experiencia y flexibilidad.<\/p>\n<p>Como fabricante con una larga trayectoria en el sector, la empresa se presenta como el <strong>socio ideal<\/strong> para todas sus necesidades de cintas adhesivas. La base de su \u00e9xito internacional reside en que <strong>m\u00e1s del 70 % de su producci\u00f3n se exporta<\/strong>, y se basa en una estrecha relaci\u00f3n con los clientes y en la capacidad de gestionar una cartera diversa de clientes, que incluye distribuidores, impresores, cortadores, convertidores de cinta y grandes industrias. Esto se logra mediante un servicio de <strong>atenci\u00f3n al cliente directo<\/strong> con un equipo de ventas capacitado y disponible, que garantiza una amplia <strong>presencia en las regiones atendidas<\/strong> y ofrece asistencia y soporte en cada etapa del proceso de compra de la cinta adhesiva que mejor se adapte a sus necesidades.<\/p>\n<p>Fabo se <strong>especializa <\/strong>en la producci\u00f3n de cintas adhesivas con <strong>tecnolog\u00eda <\/strong><strong>acr\u00edlica base agua<\/strong> y <strong>Hot Melt<\/strong>, as\u00ed como en la <strong>personalizaci\u00f3n <\/strong>de cintas mediante tecnolog\u00edas de <strong>impresi\u00f3n flexogr\u00e1fica y digital<\/strong>, empleando maquinaria moderna y procesos automatizados. La gesti\u00f3n automatizada de la producci\u00f3n y la trazabilidad completa de todos los materiales garantizan un control total del proceso. M\u00faltiples l\u00edneas de recubrimiento y corte operan en unas instalaciones de 15.000 m\u00b2 para producir cintas adhesivas eficaces, de alto rendimiento y de la m\u00e1s alta calidad. Fabo es un<strong> socio de confianza que ofrece soluciones adhesivas \u00fanicas y de alta calidad<\/strong>, adaptadas a las necesidades del cliente. Mediante un <strong>servicio personalizado<\/strong> de personalizaci\u00f3n, embalaje y planificaci\u00f3n de entregas, garantizamos que nuestros clientes reciban el producto que desean. Con Fabo, puede elegir el embalaje que mejor se adapte a sus necesidades entre una amplia gama de soluciones. Ofrecemos a nuestros clientes un alto nivel de <strong>personalizaci\u00f3n de embalajes<\/strong> para garantizar los mejores resultados est\u00e9ticos y funcionales: embalajes individuales y m\u00faltiples, gr\u00e1ficos de embalaje personalizados y fundas transparentes o personalizadas. La flexibilidad y la experiencia siguen siendo los valores fundamentales de la empresa, que ha desarrollado capacidades distintivas en procesos industriales, interpretando las demandas del mercado y traduci\u00e9ndolas en <strong>soluciones innovadoras a medida<\/strong>. Gracias a m\u00e1s de 50 a\u00f1os de experiencia, Fabo ha construido relaciones s\u00f3lidas, duraderas y de confianza mutua con sus clientes.[\/vc_column_text][\/vc_column][\/vc_row]<\/p>\n","protected":false},"excerpt":{"rendered":"<p>[vc_row el_class=\u00bbriga-testo-due-colonne\u00bb][vc_column width=\u00bb1\/2&#8243; offset=\u00bbvc_col-lg-offset-1 vc_col-lg-5 vc_col-md-offset-1 vc_col-md-5&#8243;][vc_single_image image=\u00bb15047&#8243; img_size=\u00bbfull\u00bb css_animation=\u00bbfadeIn\u00bb el_class=\u00bbtop-left-logo-icon\u00bb][vc_single_image image=\u00bb8825&#8243; img_size=\u00bbfull\u00bb css_animation=\u00bbfadeIn\u00bb][\/vc_column][vc_column width=\u00bb1\/2&#8243; offset=\u00bbvc_col-lg-5 vc_col-md-5&#8243;][vc_column_text css_animation=\u00bbfadeIn\u00bb el_class=\u00bbjustified\u00bb] Or\u00edgenes Fabo fue fundada en 1971 como una peque\u00f1a empresa artesanal&#8230;<\/p>\n","protected":false},"author":3,"featured_media":13961,"parent":13957,"menu_order":0,"comment_status":"closed","ping_status":"closed","template":"","meta":{"_acf_changed":false,"footnotes":""},"tags":[230],"class_list":["post-13960","page","type-page","status-publish","has-post-thumbnail","hentry","tag-restyling-es"],"acf":[],"_links":{"self":[{"href":"https:\/\/fabotape.com\/es\/wp-json\/wp\/v2\/pages\/13960","targetHints":{"allow":["GET"]}}],"collection":[{"href":"https:\/\/fabotape.com\/es\/wp-json\/wp\/v2\/pages"}],"about":[{"href":"https:\/\/fabotape.com\/es\/wp-json\/wp\/v2\/types\/page"}],"author":[{"embeddable":true,"href":"https:\/\/fabotape.com\/es\/wp-json\/wp\/v2\/users\/3"}],"replies":[{"embeddable":true,"href":"https:\/\/fabotape.com\/es\/wp-json\/wp\/v2\/comments?post=13960"}],"version-history":[{"count":8,"href":"https:\/\/fabotape.com\/es\/wp-json\/wp\/v2\/pages\/13960\/revisions"}],"predecessor-version":[{"id":15435,"href":"https:\/\/fabotape.com\/es\/wp-json\/wp\/v2\/pages\/13960\/revisions\/15435"}],"up":[{"embeddable":true,"href":"https:\/\/fabotape.com\/es\/wp-json\/wp\/v2\/pages\/13957"}],"wp:featuredmedia":[{"embeddable":true,"href":"https:\/\/fabotape.com\/es\/wp-json\/wp\/v2\/media\/13961"}],"wp:attachment":[{"href":"https:\/\/fabotape.com\/es\/wp-json\/wp\/v2\/media?parent=13960"}],"wp:term":[{"taxonomy":"post_tag","embeddable":true,"href":"https:\/\/fabotape.com\/es\/wp-json\/wp\/v2\/tags?post=13960"}],"curies":[{"name":"wp","href":"https:\/\/api.w.org\/{rel}","templated":true}]}}