{"id":1787,"date":"2020-05-05T16:29:35","date_gmt":"2020-05-05T14:29:35","guid":{"rendered":"https:\/\/fabotape.com\/?page_id=1787"},"modified":"2020-05-05T16:29:35","modified_gmt":"2020-05-05T14:29:35","slug":"widget-stampati","status":"publish","type":"page","link":"https:\/\/fabotape.com\/de\/widget-stampati\/","title":{"rendered":"Widget &#8211; Stampati"},"content":{"rendered":"<p>[vc_row][vc_column][vc_column_text][\/vc_column_text][\/vc_column][\/vc_row][vc_row equal_height=&#8220;yes&#8220; content_placement=&#8220;middle&#8220; el_class=&#8220;riga-testi-verdi riga-testo-e-immagine riga-stampati margini-xs&#8220; css=&#8220;.vc_custom_1517483882322{margin-top: 0px !important;margin-bottom: 0px !important;padding-top: 0px !important;padding-bottom: 0px !important;}&#8220;][vc_column width=&#8220;1\/2&#8243; offset=&#8220;vc_col-lg-offset-1 vc_col-lg-5 vc_col-md-offset-1 vc_col-md-5&#8243; css=&#8220;.vc_custom_1517312416418{margin-top: 0px !important;margin-bottom: 0px !important;padding-top: 0px !important;padding-bottom: 0px !important;}&#8220;][vc_single_image image=&#8220;250&#8243; img_size=&#8220;full&#8220;][\/vc_column][vc_column width=&#8220;1\/2&#8243; offset=&#8220;vc_col-lg-offset-1 vc_col-lg-4 vc_col-md-offset-0 vc_col-md-5&#8243; css=&#8220;.vc_custom_1517484909777{margin-top: 0px !important;margin-bottom: 0px !important;padding-top: 0px !important;padding-bottom: 0px !important;}&#8220;][vc_column_text el_class=&#8220;label-riga&#8220;]BEDRUCKT[\/vc_column_text][vc_column_text]<\/p>\n<h3>FABO-Drucke in <strong>Fotoqualit\u00e4t<\/strong>.<\/h3>\n<p>[\/vc_column_text][vc_column_text]Das Portr\u00e4t-Band bietet einen Druck in Fotoqualit\u00e4t f\u00fcr <strong>personalisierte hochaufl\u00f6sende Klebeb\u00e4nder<\/strong> mit maximaler Detailgenauigkeit.<br \/>\nVerf\u00fcgbar f\u00fcr Produkte mit Acryl- und Hei\u00dfschmelzklebstoff.<br \/>\n[\/vc_column_text]<div class=\" ubtn-ctn-left btn btn-verde\"><a class=\"ubtn-link ult-adjust-bottom-margin ubtn-left ubtn-normal btn btn-verde\" href=\"https:\/\/fabotape.com\/de\/produkte\/bedruckt\/\"><button type=\"button\" id=\"ubtn-2524\" class=\"ubtn ult-adjust-bottom-margin ult-responsive ubtn-normal ubtn-no-hover-bg  none  ubtn-left   tooltip-69f0d1586cd3e\"  data-hover=\"\" data-border-color=\"\" data-bg=\"#e0e0e0\" data-hover-bg=\"\" data-border-hover=\"\" data-shadow-hover=\"\" data-shadow-click=\"none\" data-shadow=\"\" data-shd-shadow=\"\"  data-ultimate-target='#ubtn-2524'  data-responsive-json-new='{\"font-size\":\"\",\"line-height\":\"\"}'  style=\"font-weight:normal;border:none;background: #e0e0e0;color: #000000;\"><span class=\"ubtn-hover\" style=\"background-color:\"><\/span><span class=\"ubtn-data ubtn-text \" >Um mehr zu erfahren<\/span><\/button><\/a><\/div>[\/vc_column][\/vc_row][vc_row][vc_column][vc_column_text][\/vc_column_text][\/vc_column][\/vc_row]<\/p>\n","protected":false},"excerpt":{"rendered":"<p>[vc_row][vc_column][vc_column_text][\/vc_column_text][\/vc_column][\/vc_row][vc_row equal_height=&#8220;yes&#8220; content_placement=&#8220;middle&#8220; el_class=&#8220;riga-testi-verdi riga-testo-e-immagine riga-stampati margini-xs&#8220; css=&#8220;.vc_custom_1517483882322{margin-top: 0px !important;margin-bottom: 0px !important;padding-top: 0px !important;padding-bottom: 0px !important;}&#8220;][vc_column width=&#8220;1\/2&#8243; offset=&#8220;vc_col-lg-offset-1 vc_col-lg-5 vc_col-md-offset-1 vc_col-md-5&#8243; css=&#8220;.vc_custom_1517312416418{margin-top: 0px !important;margin-bottom: 0px !important;padding-top: 0px !important;padding-bottom: 0px !important;}&#8220;][vc_single_image&#8230;<\/p>\n","protected":false},"author":3,"featured_media":0,"parent":0,"menu_order":0,"comment_status":"closed","ping_status":"closed","template":"","meta":{"_acf_changed":false,"footnotes":""},"tags":[],"class_list":["post-1787","page","type-page","status-publish","hentry"],"acf":[],"_links":{"self":[{"href":"https:\/\/fabotape.com\/de\/wp-json\/wp\/v2\/pages\/1787","targetHints":{"allow":["GET"]}}],"collection":[{"href":"https:\/\/fabotape.com\/de\/wp-json\/wp\/v2\/pages"}],"about":[{"href":"https:\/\/fabotape.com\/de\/wp-json\/wp\/v2\/types\/page"}],"author":[{"embeddable":true,"href":"https:\/\/fabotape.com\/de\/wp-json\/wp\/v2\/users\/3"}],"replies":[{"embeddable":true,"href":"https:\/\/fabotape.com\/de\/wp-json\/wp\/v2\/comments?post=1787"}],"version-history":[{"count":2,"href":"https:\/\/fabotape.com\/de\/wp-json\/wp\/v2\/pages\/1787\/revisions"}],"predecessor-version":[{"id":1789,"href":"https:\/\/fabotape.com\/de\/wp-json\/wp\/v2\/pages\/1787\/revisions\/1789"}],"wp:attachment":[{"href":"https:\/\/fabotape.com\/de\/wp-json\/wp\/v2\/media?parent=1787"}],"wp:term":[{"taxonomy":"post_tag","embeddable":true,"href":"https:\/\/fabotape.com\/de\/wp-json\/wp\/v2\/tags?post=1787"}],"curies":[{"name":"wp","href":"https:\/\/api.w.org\/{rel}","templated":true}]}}